{"id":842,"date":"2020-08-04T13:41:10","date_gmt":"2020-08-04T11:41:10","guid":{"rendered":"http:\/\/test.rops-opole.pl\/?page_id=842"},"modified":"2023-08-29T13:11:20","modified_gmt":"2023-08-29T11:11:20","slug":"reaguj-i-zyj-bezpiecznie","status":"publish","type":"page","link":"https:\/\/rops-opole.pl\/?page_id=842","title":{"rendered":"Reaguj i \u017cyj bezpiecznie"},"content":{"rendered":"\n<p><strong>Obszar dzia\u0142ania:<\/strong>\u00a04.1 Bezpiecze\u0144stwo w miejscach publicznych i w miejscu zamieszkania<\/p>\n\n\n\n<p><strong>Cel:<\/strong>\u00a0budowanie \u015bwiadomo\u015bci spo\u0142ecznej w zakresie wsp\u00f3\u0142odpowiedzialno\u015bci za stan bezpiecze\u0144stwa publicznego oraz promowanie i wdra\u017canie rozwi\u0105za\u0144, narz\u0119dzi zwi\u0119kszaj\u0105cych bezpiecze\u0144stwo przestrzeni publicznych<\/p>\n\n\n\n<p><strong>Partnerzy projektu:<\/strong><br>Komenda Wojew\u00f3dzka Policji w Opolu<\/p>\n\n\n\n<p><strong>Adresaci projektu:<\/strong><br><strong>bezpo\u015bredni:<\/strong>\u00a0przedstawiciele Policji, mieszka\u0144cy Opolszczyzny, m\u0142odzie\u017c sp\u0119dzaj\u0105ca wolny czas w pubach i dyskotekach, uczniowie, seniorzy \u2013 1 947 os\u00f3b<br><strong>po\u015bredni:<\/strong>\u00a0spo\u0142eczno\u015b\u0107 Opolszczyzny \u2013 ok. 110 tys. os\u00f3b.<\/p>\n\n\n\n<p><strong>Wydatkowane \u015brodki: 88 545,34 z\u0142 (dotacja \u2013 88 045,34 z\u0142, \u015brodki w\u0142asne \u2013 500,00 z\u0142)<br><br>Dzia\u0142ania zrealizowane w ramach projektu:<\/strong><br><strong>Dzia\u0142anie 1: kampania informacyjno \u2013 edukacyjna<\/strong><br>\u2013 przygotowanie i upowszechnianie materia\u0142\u00f3w informacyjno \u2013 edukacyjnych:<br>10 tys. szt. informacyjnych podk\u0142adek pod szklanki, komunikaty na monitorach multimedialnych w autobusach MZK, 300 szt. kalendarzy<br>\u2013 71 spektakli edukacyjnych dla uczni\u00f3w szk\u00f3\u0142 podstawowych klas 1-3<br>\u2013 10 recitali profilaktyczno-edukacyjne dla uczni\u00f3w szk\u00f3\u0142 \u015brednich<br>\u2013 94 regionalne spotkania informacyjno \u2013 edukacyjne dla uczni\u00f3w opolskich szk\u00f3\u0142<br>\u2013 1 regionalne spotkanie informacyjno \u2013 edukacyjne dla senior\u00f3w<br>\u2013 konkurs dla uczni\u00f3w szk\u00f3\u0142 gimnazjalnych i \u015brednich na wykonanie spotu promuj\u0105cego w\u0142a\u015bciwe postawy obywatelskie<br>\u2013 wyprodukowano dwa reporta\u017ce o charakterze edukacyjno \u2013 profilaktycznym<\/p>\n\n\n\n<p><strong>Dzia\u0142anie 2: szkolenie<\/strong>\u00a0dla 28 policjant\u00f3w pn. \u201eJako\u015b\u0107 kontaktu z obywatelem \u2013 przeprowadzanie interwencji policyjnej\u201d<\/p>\n\n\n\n<p><strong>Dzia\u0142anie 3: zakup i przeszkolenie 2 ps\u00f3w patrolowo \u2013 tropi\u0105cych<\/strong>, kt\u00f3re zosta\u0142y przekazane Komendzie Wojew\u00f3dzkiej Policji w Opolu<\/p>\n\n\n<div class=\"wp-block-image\">\n<figure class=\"aligncenter size-large is-resized\"><img fetchpriority=\"high\" decoding=\"async\" src=\"http:\/\/rops-opole.pl\/wp-content\/uploads\/2020\/08\/08-5.jpg\" alt='Szkolenie dla policjant\u00f3w \"Jako\u015b\u0107 kontaktu z obywatelem - przeprowadzanie interwencji policyjnej\"' class=\"wp-image-1330\" style=\"width:589px;height:446px\" width=\"589\" height=\"446\" srcset=\"https:\/\/rops-opole.pl\/wp-content\/uploads\/2020\/08\/08-5.jpg 800w, https:\/\/rops-opole.pl\/wp-content\/uploads\/2020\/08\/08-5-782x592.jpg 782w, https:\/\/rops-opole.pl\/wp-content\/uploads\/2020\/08\/08-5-235x178.jpg 235w\" sizes=\"(max-width: 589px) 100vw, 589px\"><figcaption class=\"wp-element-caption\">Szkolenie dla policjant\u00f3w \u201eJako\u015b\u0107 kontaktu z obywatelem \u2013 przeprowadzanie interwencji policyjnej\u201d<\/figcaption><\/figure>\n<\/div>\n\n<div class=\"wp-block-image\">\n<figure class=\"aligncenter size-large is-resized\"><img decoding=\"async\" src=\"http:\/\/rops-opole.pl\/wp-content\/uploads\/2020\/08\/09-4.jpg\" alt=\"Psy patrolowo - tropi\u0105ce zakupione w ramach projektu\" class=\"wp-image-1335\" style=\"width:577px;height:495px\" width=\"577\" height=\"495\" srcset=\"https:\/\/rops-opole.pl\/wp-content\/uploads\/2020\/08\/09-4.jpg 800w, https:\/\/rops-opole.pl\/wp-content\/uploads\/2020\/08\/09-4-689x592.jpg 689w, https:\/\/rops-opole.pl\/wp-content\/uploads\/2020\/08\/09-4-207x178.jpg 207w\" sizes=\"(max-width: 577px) 100vw, 577px\"><figcaption class=\"wp-element-caption\">Psy patrolowo \u2013 tropi\u0105ce zakupione w ramach projektu<\/figcaption><\/figure>\n<\/div>\n\n\n<figure class=\"wp-block-gallery aligncenter has-nested-images columns-default is-cropped wp-block-gallery-1 is-layout-flex wp-block-gallery-is-layout-flex\">\n<figure class=\"wp-block-image size-large\"><img decoding=\"async\" width=\"800\" height=\"600\" data-id=\"851\" src=\"https:\/\/rops-opole.pl\/wp-content\/uploads\/2020\/08\/1.jpg\" alt=\"Reaguj i \u017cyj bezpiecznie\" class=\"wp-image-851\" srcset=\"https:\/\/rops-opole.pl\/wp-content\/uploads\/2020\/08\/1.jpg 800w, https:\/\/rops-opole.pl\/wp-content\/uploads\/2020\/08\/1-789x592.jpg 789w, https:\/\/rops-opole.pl\/wp-content\/uploads\/2020\/08\/1-237x178.jpg 237w\" sizes=\"(max-width: 800px) 100vw, 800px\"><\/figure>\n\n\n\n<figure class=\"wp-block-image size-large\"><img loading=\"lazy\" decoding=\"async\" width=\"800\" height=\"600\" data-id=\"852\" src=\"https:\/\/rops-opole.pl\/wp-content\/uploads\/2020\/08\/2.jpg\" alt=\"Reaguj i \u017cyj bezpiecznie\" class=\"wp-image-852\" srcset=\"https:\/\/rops-opole.pl\/wp-content\/uploads\/2020\/08\/2.jpg 800w, https:\/\/rops-opole.pl\/wp-content\/uploads\/2020\/08\/2-789x592.jpg 789w, https:\/\/rops-opole.pl\/wp-content\/uploads\/2020\/08\/2-237x178.jpg 237w\" sizes=\"(max-width: 800px) 100vw, 800px\"><\/figure>\n\n\n\n<figure class=\"wp-block-image size-large\"><img loading=\"lazy\" decoding=\"async\" width=\"800\" height=\"600\" data-id=\"853\" src=\"https:\/\/rops-opole.pl\/wp-content\/uploads\/2020\/08\/3.jpg\" alt=\"Reaguj i \u017cyj bezpiecznie\" class=\"wp-image-853\" srcset=\"https:\/\/rops-opole.pl\/wp-content\/uploads\/2020\/08\/3.jpg 800w, https:\/\/rops-opole.pl\/wp-content\/uploads\/2020\/08\/3-789x592.jpg 789w, https:\/\/rops-opole.pl\/wp-content\/uploads\/2020\/08\/3-237x178.jpg 237w\" sizes=\"(max-width: 800px) 100vw, 800px\"><\/figure>\n\n\n\n<figure class=\"wp-block-image size-large\"><img loading=\"lazy\" decoding=\"async\" width=\"800\" height=\"600\" data-id=\"854\" src=\"https:\/\/rops-opole.pl\/wp-content\/uploads\/2020\/08\/4.jpg\" alt='Spektakl dla dzieci w ramach projektu \"Reaguj i \u017cyj bezpiecznie\"' class=\"wp-image-854\" srcset=\"https:\/\/rops-opole.pl\/wp-content\/uploads\/2020\/08\/4.jpg 800w, https:\/\/rops-opole.pl\/wp-content\/uploads\/2020\/08\/4-789x592.jpg 789w, https:\/\/rops-opole.pl\/wp-content\/uploads\/2020\/08\/4-237x178.jpg 237w\" sizes=\"(max-width: 800px) 100vw, 800px\"><\/figure>\n\n\n\n<figure class=\"wp-block-image size-large\"><img loading=\"lazy\" decoding=\"async\" width=\"800\" height=\"600\" data-id=\"855\" src=\"https:\/\/rops-opole.pl\/wp-content\/uploads\/2020\/08\/5.jpg\" alt=\"Reaguj i \u017cyj bezpiecznie\" class=\"wp-image-855\" srcset=\"https:\/\/rops-opole.pl\/wp-content\/uploads\/2020\/08\/5.jpg 800w, https:\/\/rops-opole.pl\/wp-content\/uploads\/2020\/08\/5-789x592.jpg 789w, https:\/\/rops-opole.pl\/wp-content\/uploads\/2020\/08\/5-237x178.jpg 237w\" sizes=\"(max-width: 800px) 100vw, 800px\"><\/figure>\n\n\n\n<figure class=\"wp-block-image size-large\"><img loading=\"lazy\" decoding=\"async\" width=\"800\" height=\"600\" data-id=\"857\" src=\"https:\/\/rops-opole.pl\/wp-content\/uploads\/2020\/08\/7.jpg\" alt=\"Reaguj i \u017cyj bezpiecznie\" class=\"wp-image-857\" srcset=\"https:\/\/rops-opole.pl\/wp-content\/uploads\/2020\/08\/7.jpg 800w, https:\/\/rops-opole.pl\/wp-content\/uploads\/2020\/08\/7-789x592.jpg 789w, https:\/\/rops-opole.pl\/wp-content\/uploads\/2020\/08\/7-237x178.jpg 237w\" sizes=\"(max-width: 800px) 100vw, 800px\"><\/figure>\n<figcaption class=\"blocks-gallery-caption wp-element-caption\"><strong>Zdj\u0119cia ze spektakli edukacyjnych pn. \u201ePinokio na zakr\u0119cie\u201d dla uczni\u00f3w szk\u00f3\u0142 podstawowych klas 1-3<\/strong><\/figcaption><\/figure>\n\n","protected":false},"excerpt":{"rendered":null,"protected":false},"author":1,"featured_media":0,"parent":0,"menu_order":0,"comment_status":"closed","ping_status":"closed","template":"","meta":{"footnotes":""},"categories":[13,15],"tags":[],"class_list":["post-842","page","type-page","status-publish","hentry","category-projekty","category-zrealizowane"],"_links":{"self":[{"href":"https:\/\/rops-opole.pl\/index.php?rest_route=\/wp\/v2\/pages\/842","targetHints":{"allow":["GET"]}}],"collection":[{"href":"https:\/\/rops-opole.pl\/index.php?rest_route=\/wp\/v2\/pages"}],"about":[{"href":"https:\/\/rops-opole.pl\/index.php?rest_route=\/wp\/v2\/types\/page"}],"author":[{"embeddable":true,"href":"https:\/\/rops-opole.pl\/index.php?rest_route=\/wp\/v2\/users\/1"}],"replies":[{"embeddable":true,"href":"https:\/\/rops-opole.pl\/index.php?rest_route=%2Fwp%2Fv2%2Fcomments&post=842"}],"version-history":[{"count":20,"href":"https:\/\/rops-opole.pl\/index.php?rest_route=\/wp\/v2\/pages\/842\/revisions"}],"predecessor-version":[{"id":3315,"href":"https:\/\/rops-opole.pl\/index.php?rest_route=\/wp\/v2\/pages\/842\/revisions\/3315"}],"wp:attachment":[{"href":"https:\/\/rops-opole.pl\/index.php?rest_route=%2Fwp%2Fv2%2Fmedia&parent=842"}],"wp:term":[{"taxonomy":"category","embeddable":true,"href":"https:\/\/rops-opole.pl\/index.php?rest_route=%2Fwp%2Fv2%2Fcategories&post=842"},{"taxonomy":"post_tag","embeddable":true,"href":"https:\/\/rops-opole.pl\/index.php?rest_route=%2Fwp%2Fv2%2Ftags&post=842"}],"curies":[{"name":"wp","href":"https:\/\/api.w.org\/{rel}","templated":true}]}}