{"id":648,"date":"2020-08-03T13:03:46","date_gmt":"2020-08-03T11:03:46","guid":{"rendered":"http:\/\/test.rops-opole.pl\/?page_id=648"},"modified":"2023-10-26T15:00:15","modified_gmt":"2023-10-26T13:00:15","slug":"projekt-partnerski-pn-szkolenie-i-doskonalenie-zawodowe-kadr-systemu-wspierania-rodziny-i-pieczy-zastepczej","status":"publish","type":"page","link":"https:\/\/rops-opole.pl\/?page_id=648","title":{"rendered":"Szkolenie i doskonalenie zawodowe kadr systemu wspierania rodziny i pieczy zast\u0119pczej"},"content":{"rendered":"\n<div class=\"wp-block-image\">\n<figure class=\"aligncenter size-large is-resized\"><img fetchpriority=\"high\" decoding=\"async\" width=\"2560\" height=\"501\" src=\"http:\/\/rops-opole.pl\/wp-content\/uploads\/2020\/08\/logo-2-scaled.jpg\" alt=\"Loga projektu\" class=\"wp-image-1285\" style=\"width:608px;height:118px\" srcset=\"https:\/\/rops-opole.pl\/wp-content\/uploads\/2020\/08\/logo-2-scaled.jpg 2560w, https:\/\/rops-opole.pl\/wp-content\/uploads\/2020\/08\/logo-2-1536x301.jpg 1536w, https:\/\/rops-opole.pl\/wp-content\/uploads\/2020\/08\/logo-2-2048x401.jpg 2048w, https:\/\/rops-opole.pl\/wp-content\/uploads\/2020\/08\/logo-2-890x174.jpg 890w, https:\/\/rops-opole.pl\/wp-content\/uploads\/2020\/08\/logo-2-268x52.jpg 268w\" sizes=\"(max-width: 2560px) 100vw, 2560px\"><\/figure>\n<\/div>\n\n\n<p>ROPS w Opolu realizuje od wrze\u015bnia 2017 r. zad. 2 projektu partnerskiego pn.:\u00a0<strong><em>\u201eSzkolenie i doskonalenie zawodowe kadr systemu wspierania rodziny i pieczy zast\u0119pczej\u201d<\/em><\/strong>\u2013 realizowanego w ramach Programu Operacyjnego Wiedza Edukacja Rozw\u00f3j 2014 \u2013 2020, O\u015b priorytetowa II. Efektywne polityki publiczne dla rynku pracy, gospodarki i edukacji, dzia\u0142anie 2.8 Rozw\u00f3j us\u0142ug spo\u0142ecznych \u015bwiadczonych w \u015brodowisku lokalnym, wsp\u00f3\u0142finansowanego z Europejskiego Funduszu Spo\u0142ecznego.<\/p>\n\n\n\n<p>Partnerem wiod\u0105cym jest Regionalny O\u015brodek Polityki Spo\u0142ecznej w Krakowie.<\/p>\n\n\n\n<p><strong>Uzasadnienie przyczyn przyst\u0105pienia:<\/strong>\u00a0Obowi\u0105zuj\u0105ca od 2012 r. Ustawa o Wspieraniu Rodziny i Pieczy Zast\u0119pczej na\u0142o\u017cy\u0142a na kadr\u0119 systemu Wspierania Rodziny i pieczy Zast\u0119pczej obowi\u0105zek podnoszenia kompetencji im kwalifikacji zawodowych. Ponadto potrzeby te zosta\u0142y wskazane w programach strategicznych i operacyjnych wojew\u00f3dztw makroregionu po\u0142udniowego: strategiach rozwoju wojew\u00f3dztw, strategiach wojew\u00f3dzkich w zakresie polityki spo\u0142ecznej, wojew\u00f3dzkich programach wspierania rodziny i systemu pieczy zast\u0119pczej oraz wojew\u00f3dzkich programach przeciwdzia\u0142ania przemocy w rodzinie. Powy\u017cszy projekt jest odpowiedzi\u0105 na powy\u017csze obowi\u0105zki i potrzeby poniewa\u017c g\u0142\u00f3wnym celem jest\u00a0<em>zwi\u0119kszenie profesjonalizmu zawodowego kadr systemu wspierania rodziny i pieczy zast\u0119pczej wykonuj\u0105cych zadania na terenie makroregionu po\u0142udniowego obejmuj\u0105cego wojew\u00f3dztwa: dolno\u015bl\u0105skie, ma\u0142opolskie, opolskie i \u015bl\u0105skie w okresie od 2017 r. do 2020 r.<\/em>\u00a0Cel zostanie osi\u0105gni\u0119ty poprzez realizacj\u0119 szkole\u0144 s\u0142u\u017c\u0105cych podnoszeniu kompetencji zawodowych kadr systemu wspierania rodziny i pieczy zast\u0119pczej oraz superwizji umo\u017cliwiaj\u0105cej wieloaspektowy ogl\u0105d wykonywanej pracy.<\/p>\n\n\n\n<p><a href=\"\/wp-content\/uploads\/projekty\/projekt-power\/\/Wykaz%20szkole%C5%84.xlsx\" target=\"_blank\" rel=\"noreferrer noopener\" class=\"target-blank use-tooltip\" aria-label=\"Wykaz szkole\u0144 ( dokument MS Excel, otworzy si\u0119 w nowym oknie)\">Wykaz szkole\u0144<svg aria-hidden=\"true\" class=\"icon-excel\" viewbox=\"0 0 1792 1792\"><path d=\"M1596 380q28 28 48 76t20 88v1152q0 40-28 68t-68 28h-1344q-40 0-68-28t-28-68v-1600q0-40 28-68t68-28h896q40 0 88 20t76 48zm-444-244v376h376q-10-29-22-41l-313-313q-12-12-41-22zm384 1528v-1024h-416q-40 0-68-28t-28-68v-416h-768v1536h1280zm-979-234v106h281v-106h-75l103-161q5-7 10-16.5t7.5-13.5 3.5-4h2q1 4 5 10 2 4 4.5 7.5t6 8 6.5 8.5l107 161h-76v106h291v-106h-68l-192-273 195-282h67v-107h-279v107h74l-103 159q-4 7-10 16.5t-9 13.5l-2 3h-2q-1-4-5-10-6-11-17-23l-106-159h76v-107h-290v107h68l189 272-194 283h-68z\"><\/path><\/svg><svg aria-hidden=\"true\" class=\"icon-new-window\" viewbox=\"0 0 1792 1792\"><path d=\"M1408 960v-128q0-26-19-45t-45-19h-320v-320q0-26-19-45t-45-19h-128q-26 0-45 19t-19 45v320h-320q-26 0-45 19t-19 45v128q0 26 19 45t45 19h320v320q0 26 19 45t45 19h128q26 0 45-19t19-45v-320h320q26 0 45-19t19-45zm256-544v960q0 119-84.5 203.5t-203.5 84.5h-960q-119 0-203.5-84.5t-84.5-203.5v-960q0-119 84.5-203.5t203.5-84.5h960q119 0 203.5 84.5t84.5 203.5z\"><\/path><\/svg><span class=\"tooltip\"> dokument MS Excel, otworzy si\u0119 w nowym oknie<\/span><\/a><\/p>\n\n\n\n<p><a href=\"\/wp-content\/uploads\/projekty\/projekt-power\/Regulamin_uczestnictwa.pdf\" target=\"_blank\" rel=\"noreferrer noopener\" class=\"target-blank use-tooltip\" aria-label=\"Regulamin uczestnictwa ( dokument PDF, otworzy si\u0119 w nowym oknie)\">Regulamin uczestnictwa<svg aria-hidden=\"true\" class=\"icon-pdf\" viewbox=\"0 0 1792 1792\"><path d=\"M1596 380q28 28 48 76t20 88v1152q0 40-28 68t-68 28h-1344q-40 0-68-28t-28-68v-1600q0-40 28-68t68-28h896q40 0 88 20t76 48zm-444-244v376h376q-10-29-22-41l-313-313q-12-12-41-22zm384 1528v-1024h-416q-40 0-68-28t-28-68v-416h-768v1536h1280zm-514-593q33 26 84 56 59-7 117-7 147 0 177 49 16 22 2 52 0 1-1 2l-2 2v1q-6 38-71 38-48 0-115-20t-130-53q-221 24-392 83-153 262-242 262-15 0-28-7l-24-12q-1-1-6-5-10-10-6-36 9-40 56-91.5t132-96.5q14-9 23 6 2 2 2 4 52-85 107-197 68-136 104-262-24-82-30.5-159.5t6.5-127.5q11-40 42-40h22q23 0 35 15 18 21 9 68-2 6-4 8 1 3 1 8v30q-2 123-14 192 55 164 146 238zm-576 411q52-24 137-158-51 40-87.5 84t-49.5 74zm398-920q-15 42-2 132 1-7 7-44 0-3 7-43 1-4 4-8-1-1-1-2t-.5-1.5-.5-1.5q-1-22-13-36 0 1-1 2v2zm-124 661q135-54 284-81-2-1-13-9.5t-16-13.5q-76-67-127-176-27 86-83 197-30 56-45 83zm646-16q-24-24-140-24 76 28 124 28 14 0 18-1 0-1-2-3z\"><\/path><\/svg><svg aria-hidden=\"true\" class=\"icon-new-window\" viewbox=\"0 0 1792 1792\"><path d=\"M1408 960v-128q0-26-19-45t-45-19h-320v-320q0-26-19-45t-45-19h-128q-26 0-45 19t-19 45v320h-320q-26 0-45 19t-19 45v128q0 26 19 45t45 19h320v320q0 26 19 45t45 19h128q26 0 45-19t19-45v-320h320q26 0 45-19t19-45zm256-544v960q0 119-84.5 203.5t-203.5 84.5h-960q-119 0-203.5-84.5t-84.5-203.5v-960q0-119 84.5-203.5t203.5-84.5h960q119 0 203.5 84.5t84.5 203.5z\"><\/path><\/svg><span class=\"tooltip\"> dokument PDF, otworzy si\u0119 w nowym oknie<\/span><\/a><\/p>\n\n\n\n<p><a href=\"\/wp-content\/uploads\/projekty\/projekt-power\/Umowa%20partnerska_.pdf\" class=\"use-tooltip\" aria-label=\"Umowa partnerska z dnia 13 czerwca 2017 r. ( dokument PDF)\">Umowa partnerska z dnia 13 czerwca 2017 r.<svg aria-hidden=\"true\" class=\"icon-pdf\" viewbox=\"0 0 1792 1792\"><path d=\"M1596 380q28 28 48 76t20 88v1152q0 40-28 68t-68 28h-1344q-40 0-68-28t-28-68v-1600q0-40 28-68t68-28h896q40 0 88 20t76 48zm-444-244v376h376q-10-29-22-41l-313-313q-12-12-41-22zm384 1528v-1024h-416q-40 0-68-28t-28-68v-416h-768v1536h1280zm-514-593q33 26 84 56 59-7 117-7 147 0 177 49 16 22 2 52 0 1-1 2l-2 2v1q-6 38-71 38-48 0-115-20t-130-53q-221 24-392 83-153 262-242 262-15 0-28-7l-24-12q-1-1-6-5-10-10-6-36 9-40 56-91.5t132-96.5q14-9 23 6 2 2 2 4 52-85 107-197 68-136 104-262-24-82-30.5-159.5t6.5-127.5q11-40 42-40h22q23 0 35 15 18 21 9 68-2 6-4 8 1 3 1 8v30q-2 123-14 192 55 164 146 238zm-576 411q52-24 137-158-51 40-87.5 84t-49.5 74zm398-920q-15 42-2 132 1-7 7-44 0-3 7-43 1-4 4-8-1-1-1-2t-.5-1.5-.5-1.5q-1-22-13-36 0 1-1 2v2zm-124 661q135-54 284-81-2-1-13-9.5t-16-13.5q-76-67-127-176-27 86-83 197-30 56-45 83zm646-16q-24-24-140-24 76 28 124 28 14 0 18-1 0-1-2-3z\"><\/path><\/svg><span class=\"tooltip\"> dokument PDF<\/span><\/a><\/p>\n\n\n\n<hr class=\"wp-block-separator has-css-opacity\">\n\n\n<div class=\"wp-block-image\">\n<figure class=\"aligncenter size-large is-resized\"><img decoding=\"async\" width=\"2560\" height=\"1810\" src=\"http:\/\/rops-opole.pl\/wp-content\/uploads\/2020\/08\/plakat-2-scaled.jpg\" alt=\"Plakat informacyjny projektu\" class=\"wp-image-1290\" style=\"width:592px;height:419px\" srcset=\"https:\/\/rops-opole.pl\/wp-content\/uploads\/2020\/08\/plakat-2-scaled.jpg 2560w, https:\/\/rops-opole.pl\/wp-content\/uploads\/2020\/08\/plakat-2-1536x1086.jpg 1536w, https:\/\/rops-opole.pl\/wp-content\/uploads\/2020\/08\/plakat-2-2048x1448.jpg 2048w, https:\/\/rops-opole.pl\/wp-content\/uploads\/2020\/08\/plakat-2-837x592.jpg 837w, https:\/\/rops-opole.pl\/wp-content\/uploads\/2020\/08\/plakat-2-252x178.jpg 252w\" sizes=\"(max-width: 2560px) 100vw, 2560px\"><\/figure>\n<\/div>\n","protected":false},"excerpt":{"rendered":null,"protected":false},"author":1,"featured_media":0,"parent":0,"menu_order":0,"comment_status":"closed","ping_status":"closed","template":"","meta":{"footnotes":""},"categories":[13,15],"tags":[],"class_list":["post-648","page","type-page","status-publish","hentry","category-projekty","category-zrealizowane"],"_links":{"self":[{"href":"https:\/\/rops-opole.pl\/index.php?rest_route=\/wp\/v2\/pages\/648","targetHints":{"allow":["GET"]}}],"collection":[{"href":"https:\/\/rops-opole.pl\/index.php?rest_route=\/wp\/v2\/pages"}],"about":[{"href":"https:\/\/rops-opole.pl\/index.php?rest_route=\/wp\/v2\/types\/page"}],"author":[{"embeddable":true,"href":"https:\/\/rops-opole.pl\/index.php?rest_route=\/wp\/v2\/users\/1"}],"replies":[{"embeddable":true,"href":"https:\/\/rops-opole.pl\/index.php?rest_route=%2Fwp%2Fv2%2Fcomments&post=648"}],"version-history":[{"count":16,"href":"https:\/\/rops-opole.pl\/index.php?rest_route=\/wp\/v2\/pages\/648\/revisions"}],"predecessor-version":[{"id":3468,"href":"https:\/\/rops-opole.pl\/index.php?rest_route=\/wp\/v2\/pages\/648\/revisions\/3468"}],"wp:attachment":[{"href":"https:\/\/rops-opole.pl\/index.php?rest_route=%2Fwp%2Fv2%2Fmedia&parent=648"}],"wp:term":[{"taxonomy":"category","embeddable":true,"href":"https:\/\/rops-opole.pl\/index.php?rest_route=%2Fwp%2Fv2%2Fcategories&post=648"},{"taxonomy":"post_tag","embeddable":true,"href":"https:\/\/rops-opole.pl\/index.php?rest_route=%2Fwp%2Fv2%2Ftags&post=648"}],"curies":[{"name":"wp","href":"https:\/\/api.w.org\/{rel}","templated":true}]}}