{"id":632,"date":"2020-08-03T12:32:27","date_gmt":"2020-08-03T10:32:27","guid":{"rendered":"http:\/\/test.rops-opole.pl\/?page_id=632"},"modified":"2020-08-07T14:06:50","modified_gmt":"2020-08-07T12:06:50","slug":"dla-gmin-i-powiatow","status":"publish","type":"page","link":"https:\/\/rops-opole.pl\/?page_id=632","title":{"rendered":"Dla gmin i powiat\u00f3w"},"content":{"rendered":"\n<figure class=\"wp-block-image\"><img decoding=\"async\" src=\"http:\/\/rops-opole.pl\/wp-content\/uploads\/2020\/08\/POWER-scaled.jpg\" alt=\"Loga projektu\"><\/figure>\n\n\n\n<p><strong>Rekrutacja do udzia\u0142u w coachingu dla pracownik\u00f3w socjalnych w ramach projektu\u00a0<em>Kooperacje 3D \u2013 model wielosektorowej wsp\u00f3\u0142pracy na rzecz wsparcia os\u00f3b i rodzin<\/em><\/strong><em><br>Regionalny O\u015brodek Polityki Spo\u0142ecznej w Opolu informuje o rozpocz\u0119ciu rekrutacji do udzia\u0142u w coachingu dla pracownik\u00f3w socjalnych (lub pracownik\u00f3w z powiatu wykonuj\u0105cych prac\u0119 socjaln\u0105 z osobami\/rodzinami), w ramach projektu\u00a0<strong>\u201eKooperacje 3D \u2013 model wielosektorowej wsp\u00f3\u0142pracy na rzecz wsparcia os\u00f3b i rodzin\u201d.<\/strong>\u00a0\u00a0\u00a0\u00a0 Projekt wsp\u00f3\u0142finansowany jest ze \u015brodk\u00f3w Europejskiego Funduszu Spo\u0142ecznego w ramach Programu Operacyjnego Wiedza Edukacja Rozw\u00f3j 2014-2020.<br><br><strong>Coaching dedykowany jest wytypowanym pracownikom z gminy i powiatu (po 1 osobie), kt\u00f3re podpisa\u0142y porozumienie o wsp\u00f3\u0142pracy w ramach projektu.<\/strong><br><br>Celem us\u0142ugi coachingowej jest wsparcie merytoryczne ww. pracownik\u00f3w, poprzez umo\u017cliwienie rozwoju personalnego i zawodowego podczas indywidualnych spotka\u0144 z coachem, a tak\u017ce pomoc i wzmocnienie tych\u017ce pracownik\u00f3w w zakresie pracy z konkretnymi osobami\/rodzinami, kt\u00f3re b\u0119d\u0105 uczestniczy\u0142y w kolejnych etapach realizacji projektu.\u00a0<a rel=\"noreferrer noopener\" href=\"\/wp-content\/uploads\/projekty\/kooperacje3d\/\/Informacja%20dot%20uslugi%20coachingowej.docx\" target=\"_blank\" class=\"target-blank use-tooltip\" aria-label=\"Opis us\u0142ugi coachingowej ( dokument MS Word, otworzy si\u0119 w nowym oknie)\">Opis us\u0142ugi coachingowej<svg aria-hidden=\"true\" class=\"icon-word\" viewbox=\"0 0 1792 1792\"><path d=\"M1596 380q28 28 48 76t20 88v1152q0 40-28 68t-68 28h-1344q-40 0-68-28t-28-68v-1600q0-40 28-68t68-28h896q40 0 88 20t76 48zm-444-244v376h376q-10-29-22-41l-313-313q-12-12-41-22zm384 1528v-1024h-416q-40 0-68-28t-28-68v-416h-768v1536h1280zm-1175-896v107h70l164 661h159l128-485q7-20 10-46 2-16 2-24h4l3 24q1 3 3.5 20t5.5 26l128 485h159l164-661h70v-107h-300v107h90l-99 438q-5 20-7 46l-2 21h-4l-3-21q-1-5-4-21t-5-25l-144-545h-114l-144 545q-2 9-4.5 24.5t-3.5 21.5l-4 21h-4l-2-21q-2-26-7-46l-99-438h90v-107h-300z\"><\/path><\/svg><svg aria-hidden=\"true\" class=\"icon-new-window\" viewbox=\"0 0 1792 1792\"><path d=\"M1408 960v-128q0-26-19-45t-45-19h-320v-320q0-26-19-45t-45-19h-128q-26 0-45 19t-19 45v320h-320q-26 0-45 19t-19 45v128q0 26 19 45t45 19h320v320q0 26 19 45t45 19h128q26 0 45-19t19-45v-320h320q26 0 45-19t19-45zm256-544v960q0 119-84.5 203.5t-203.5 84.5h-960q-119 0-203.5-84.5t-84.5-203.5v-960q0-119 84.5-203.5t203.5-84.5h960q119 0 203.5 84.5t84.5 203.5z\"><\/path><\/svg><span class=\"tooltip\"> dokument MS Word, otworzy si\u0119 w nowym oknie<\/span><\/a><br><br><strong>Osoby, kt\u00f3re chc\u0105 wzi\u0105\u0107 udzia\u0142 w coachingu (s\u0105 wyznaczone do udzia\u0142u)<\/strong>, proszone s\u0105 o zapoznanie si\u0119 z\u00a0<a rel=\"noreferrer noopener\" href=\"\/wp-content\/uploads\/projekty\/kooperacje3d\/\/Regulamin.pdf\" target=\"_blank\" class=\"target-blank use-tooltip\" aria-label=\"Regulaminem uczestnictwa w formach wsparcia oraz innych dzia\u0142aniach organizowanych przez Regionalny O\u015brodek Polityki Spo\u0142ecznej w Opolu w ramach projektu \u201eKooperacje 3D \u2013 model wielosektorowej wsp\u00f3\u0142pracy na rzecz wsparcia os\u00f3b i rodzin\u201d ( dokument PDF, otworzy si\u0119 w nowym oknie)\">Regulaminem uczestnictwa w formach wsparcia oraz innych dzia\u0142aniach organizowanych przez Regionalny O\u015brodek Polityki Spo\u0142ecznej w Opolu w ramach projektu \u201eKooperacje 3D \u2013 model wielosektorowej wsp\u00f3\u0142pracy na rzecz wsparcia os\u00f3b i rodzin\u201d<svg aria-hidden=\"true\" class=\"icon-pdf\" viewbox=\"0 0 1792 1792\"><path d=\"M1596 380q28 28 48 76t20 88v1152q0 40-28 68t-68 28h-1344q-40 0-68-28t-28-68v-1600q0-40 28-68t68-28h896q40 0 88 20t76 48zm-444-244v376h376q-10-29-22-41l-313-313q-12-12-41-22zm384 1528v-1024h-416q-40 0-68-28t-28-68v-416h-768v1536h1280zm-514-593q33 26 84 56 59-7 117-7 147 0 177 49 16 22 2 52 0 1-1 2l-2 2v1q-6 38-71 38-48 0-115-20t-130-53q-221 24-392 83-153 262-242 262-15 0-28-7l-24-12q-1-1-6-5-10-10-6-36 9-40 56-91.5t132-96.5q14-9 23 6 2 2 2 4 52-85 107-197 68-136 104-262-24-82-30.5-159.5t6.5-127.5q11-40 42-40h22q23 0 35 15 18 21 9 68-2 6-4 8 1 3 1 8v30q-2 123-14 192 55 164 146 238zm-576 411q52-24 137-158-51 40-87.5 84t-49.5 74zm398-920q-15 42-2 132 1-7 7-44 0-3 7-43 1-4 4-8-1-1-1-2t-.5-1.5-.5-1.5q-1-22-13-36 0 1-1 2v2zm-124 661q135-54 284-81-2-1-13-9.5t-16-13.5q-76-67-127-176-27 86-83 197-30 56-45 83zm646-16q-24-24-140-24 76 28 124 28 14 0 18-1 0-1-2-3z\"><\/path><\/svg><svg aria-hidden=\"true\" class=\"icon-new-window\" viewbox=\"0 0 1792 1792\"><path d=\"M1408 960v-128q0-26-19-45t-45-19h-320v-320q0-26-19-45t-45-19h-128q-26 0-45 19t-19 45v320h-320q-26 0-45 19t-19 45v128q0 26 19 45t45 19h320v320q0 26 19 45t45 19h128q26 0 45-19t19-45v-320h320q26 0 45-19t19-45zm256-544v960q0 119-84.5 203.5t-203.5 84.5h-960q-119 0-203.5-84.5t-84.5-203.5v-960q0-119 84.5-203.5t203.5-84.5h960q119 0 203.5 84.5t84.5 203.5z\"><\/path><\/svg><span class=\"tooltip\"> dokument PDF, otworzy si\u0119 w nowym oknie<\/span><\/a>\u00a0oraz wype\u0142nienie i przes\u0142anie do ROPS w Opolu (listownie)\u00a0<a rel=\"noreferrer noopener\" href=\"\/wp-content\/uploads\/projekty\/kooperacje3d\/\/Zalacznik%202%20-%20Formularz%20zgloszenia%20udzialu%20w%20formach%20wsparcia%20-%20Kooperacja%203D.docx\" target=\"_blank\" class=\"target-blank use-tooltip\" aria-label=\"formularza zg\u0142oszeniowego ( dokument MS Word, otworzy si\u0119 w nowym oknie)\">formularza zg\u0142oszeniowego<svg aria-hidden=\"true\" class=\"icon-word\" viewbox=\"0 0 1792 1792\"><path d=\"M1596 380q28 28 48 76t20 88v1152q0 40-28 68t-68 28h-1344q-40 0-68-28t-28-68v-1600q0-40 28-68t68-28h896q40 0 88 20t76 48zm-444-244v376h376q-10-29-22-41l-313-313q-12-12-41-22zm384 1528v-1024h-416q-40 0-68-28t-28-68v-416h-768v1536h1280zm-1175-896v107h70l164 661h159l128-485q7-20 10-46 2-16 2-24h4l3 24q1 3 3.5 20t5.5 26l128 485h159l164-661h70v-107h-300v107h90l-99 438q-5 20-7 46l-2 21h-4l-3-21q-1-5-4-21t-5-25l-144-545h-114l-144 545q-2 9-4.5 24.5t-3.5 21.5l-4 21h-4l-2-21q-2-26-7-46l-99-438h90v-107h-300z\"><\/path><\/svg><svg aria-hidden=\"true\" class=\"icon-new-window\" viewbox=\"0 0 1792 1792\"><path d=\"M1408 960v-128q0-26-19-45t-45-19h-320v-320q0-26-19-45t-45-19h-128q-26 0-45 19t-19 45v320h-320q-26 0-45 19t-19 45v128q0 26 19 45t45 19h320v320q0 26 19 45t45 19h128q26 0 45-19t19-45v-320h320q26 0 45-19t19-45zm256-544v960q0 119-84.5 203.5t-203.5 84.5h-960q-119 0-203.5-84.5t-84.5-203.5v-960q0-119 84.5-203.5t203.5-84.5h960q119 0 203.5 84.5t84.5 203.5z\"><\/path><\/svg><span class=\"tooltip\"> dokument MS Word, otworzy si\u0119 w nowym oknie<\/span><\/a>\u00a0i\u00a0<a href=\"\/wp-content\/uploads\/projekty\/kooperacje3d\/\/Zalacznik%201%20-%20Oswiadczenie%20RODO.docx\" target=\"_blank\" rel=\"noreferrer noopener\" class=\"target-blank use-tooltip\" aria-label=\"o\u015bwiadczenia uczestnika ( dokument MS Word, otworzy si\u0119 w nowym oknie)\">o\u015bwiadczenia uczestnika<svg aria-hidden=\"true\" class=\"icon-word\" viewbox=\"0 0 1792 1792\"><path d=\"M1596 380q28 28 48 76t20 88v1152q0 40-28 68t-68 28h-1344q-40 0-68-28t-28-68v-1600q0-40 28-68t68-28h896q40 0 88 20t76 48zm-444-244v376h376q-10-29-22-41l-313-313q-12-12-41-22zm384 1528v-1024h-416q-40 0-68-28t-28-68v-416h-768v1536h1280zm-1175-896v107h70l164 661h159l128-485q7-20 10-46 2-16 2-24h4l3 24q1 3 3.5 20t5.5 26l128 485h159l164-661h70v-107h-300v107h90l-99 438q-5 20-7 46l-2 21h-4l-3-21q-1-5-4-21t-5-25l-144-545h-114l-144 545q-2 9-4.5 24.5t-3.5 21.5l-4 21h-4l-2-21q-2-26-7-46l-99-438h90v-107h-300z\"><\/path><\/svg><svg aria-hidden=\"true\" class=\"icon-new-window\" viewbox=\"0 0 1792 1792\"><path d=\"M1408 960v-128q0-26-19-45t-45-19h-320v-320q0-26-19-45t-45-19h-128q-26 0-45 19t-19 45v320h-320q-26 0-45 19t-19 45v128q0 26 19 45t45 19h320v320q0 26 19 45t45 19h128q26 0 45-19t19-45v-320h320q26 0 45-19t19-45zm256-544v960q0 119-84.5 203.5t-203.5 84.5h-960q-119 0-203.5-84.5t-84.5-203.5v-960q0-119 84.5-203.5t203.5-84.5h960q119 0 203.5 84.5t84.5 203.5z\"><\/path><\/svg><span class=\"tooltip\"> dokument MS Word, otworzy si\u0119 w nowym oknie<\/span><\/a><\/em><\/p>\n\n","protected":false},"excerpt":{"rendered":null,"protected":false},"author":1,"featured_media":0,"parent":0,"menu_order":0,"comment_status":"closed","ping_status":"closed","template":"","meta":{"footnotes":""},"categories":[22,13,14],"tags":[],"class_list":["post-632","page","type-page","status-publish","hentry","category-kooperacje-3d-model-wielosektorowej-wspolpracy-na-rzecz-wsparcia-osob-i-rodzin","category-projekty","category-realizowane"],"_links":{"self":[{"href":"https:\/\/rops-opole.pl\/index.php?rest_route=\/wp\/v2\/pages\/632","targetHints":{"allow":["GET"]}}],"collection":[{"href":"https:\/\/rops-opole.pl\/index.php?rest_route=\/wp\/v2\/pages"}],"about":[{"href":"https:\/\/rops-opole.pl\/index.php?rest_route=\/wp\/v2\/types\/page"}],"author":[{"embeddable":true,"href":"https:\/\/rops-opole.pl\/index.php?rest_route=\/wp\/v2\/users\/1"}],"replies":[{"embeddable":true,"href":"https:\/\/rops-opole.pl\/index.php?rest_route=%2Fwp%2Fv2%2Fcomments&post=632"}],"version-history":[{"count":8,"href":"https:\/\/rops-opole.pl\/index.php?rest_route=\/wp\/v2\/pages\/632\/revisions"}],"predecessor-version":[{"id":1282,"href":"https:\/\/rops-opole.pl\/index.php?rest_route=\/wp\/v2\/pages\/632\/revisions\/1282"}],"wp:attachment":[{"href":"https:\/\/rops-opole.pl\/index.php?rest_route=%2Fwp%2Fv2%2Fmedia&parent=632"}],"wp:term":[{"taxonomy":"category","embeddable":true,"href":"https:\/\/rops-opole.pl\/index.php?rest_route=%2Fwp%2Fv2%2Fcategories&post=632"},{"taxonomy":"post_tag","embeddable":true,"href":"https:\/\/rops-opole.pl\/index.php?rest_route=%2Fwp%2Fv2%2Ftags&post=632"}],"curies":[{"name":"wp","href":"https:\/\/api.w.org\/{rel}","templated":true}]}}