{"id":6148,"date":"2026-04-07T12:24:09","date_gmt":"2026-04-07T10:24:09","guid":{"rendered":"https:\/\/rops-opole.pl\/?page_id=6148"},"modified":"2026-04-07T12:24:09","modified_gmt":"2026-04-07T10:24:09","slug":"2025-2","status":"publish","type":"page","link":"https:\/\/rops-opole.pl\/?page_id=6148","title":{"rendered":"2025"},"content":{"rendered":"\n<p>Regionalny O\u015brodek Polityki Spo\u0142ecznej w Opolu, w zwi\u0105zku z realizacj\u0105 dzia\u0142a\u0144 w ramach Rz\u0105dowego Programu Przeciwdzia\u0142ania Przemocy Domowej na lata 2024-2030 informuje rozpocz\u0119ciu rekrutacji na przeprowadzenie sesji superwizji dla przedstawicieli instytucji realizuj\u0105cych dzia\u0142ania z zakresu przeciwdzia\u0142ania przemocy domowej.<\/p>\n\n\n\n<p>Superwizja prowadzona b\u0119dzie przez certyfikowanego superwizora w obszarze przeciwdzia\u0142ania przemocy domowej w sesjach w grupach od 3 do maksymalnie 6 uczestnik\u00f3w. \u0141\u0105czny wymiar godzin przypadaj\u0105cy na jednego uczestnika wynosi 25 godzin dydaktycznych (45 minut zegarowych).<\/p>\n\n\n\n<p>Ilo\u015b\u0107 spotka\u0144 w ramach superwizji, miejsce, czas trwania sesji, sposoby prowadzenia oraz omawiane zagadnienia b\u0119d\u0105 dopasowane indywidualnie do zg\u0142oszonej grupy po uzgodnieniu z superwizorem prowadz\u0105cym oraz zaakceptowanym przez ROPS w Opolu. Dla uczestnik\u00f3w superwizji zapewnione b\u0119d\u0105 bezp\u0142atne materia\u0142y szkoleniowe. Na zako\u0144czenie ka\u017cdy uczestnik, kt\u00f3ry uko\u0144czy superwizj\u0119 otrzyma za\u015bwiadczenie o uczestnictwie.<\/p>\n\n\n\n<p>Program i zakres superwizji realizowany b\u0119dzie w oparciu o Rz\u0105dowy Program Przeciwdzia\u0142ania Przemocy Domowej na lata 2024-2030 oraz na podstawie Wytycznych ministra w\u0142a\u015bciwego do spraw zabezpieczenia spo\u0142ecznego z dnia 30 pa\u017adziernika 2023 roku do prowadzenia szkole\u0144 w zakresie przeciwdzia\u0142ania przemocy domowej, w tym obowi\u0105zkowych szkole\u0144 dla cz\u0142onk\u00f3w zespo\u0142u interdyscyplinarnego oraz grup diagnostyczno \u2013 pomocowych na podstawie art. 8 pkt 5 ustawy z dnia 29 lipca 2005 r. o przeciwdzia\u0142aniu przemocy domowej.<\/p>\n\n\n\n<p>W zwi\u0105zku z powy\u017cszym zwracam si\u0119 z pro\u015bb\u0105 o upowszechnienie informacji o realizacji ww. dzia\u0142ania.<\/p>\n\n\n\n<p>Je\u015bli s\u0105 Pa\u0144stwo zainteresowani udzia\u0142em prosz\u0119 o zapoznanie si\u0119 z Regulaminem Uczestnictwa, wype\u0142nienie i wys\u0142anie i\/lub dostarczenie podpisanego i opiecz\u0119towanego kompletu dokument\u00f3w (w tym formularza 1b dotycz\u0105cego superwizji):<\/p>\n\n\n\n<ol class=\"wp-block-list\">\n<li>W formie elektronicznej \u2013 przes\u0142anie kompletu dokument\u00f3w na adres e-mail: l.krzak(at)rops-opole.pl i\/lub<\/li>\n\n\n\n<li>W formie papierowej \u2013 przes\u0142anie lub dostarczenie kompletu dokument\u00f3w na adres Regionalnego O\u015brodka Polityki Spo\u0142ecznej w Opolu, G\u0142ogowska 25C, 45-315 Opole.<\/li>\n<\/ol>\n\n\n\n<p>Zawiadomienie o wynikach rekrutacji na superwizj\u0119 zostan\u0105 przekazane telefonicznie oraz mailowo jedynie do zakwalifikowanych instytucji. Przes\u0142anie wymaganych dokument\u00f3w rekrutacyjnych nie jest jednoznaczne z zakwalifikowaniem instytucji na superwizj\u0119.<\/p>\n\n\n\n<p>O zakwalifikowaniu instytucji na superwizj\u0119 b\u0119dzie decydowa\u0107:<\/p>\n\n\n\n<ol class=\"wp-block-list\">\n<li>Spe\u0142nienie wymaga\u0144 formalnych \u2013 przes\u0142anie kompletu wymaganych dokument\u00f3w zgodnie z Regulaminem Uczestnictwa.<\/li>\n\n\n\n<li>Spe\u0142nianie kryteri\u00f3w kwalifikowalno\u015bci w ramach grupy docelowej uczestnik\u00f3w superwizji.<\/li>\n<\/ol>\n\n\n\n<p>Jednocze\u015bnie informuj\u0119, \u017ce dzia\u0142anie ROPS w Opolu obejmuj\u0105ce szkolenia w ramach Rz\u0105dowego Programu Przeciwdzia\u0142ania Przemocy Domowej na lata 2024-2030 przewidziane jest do realizacji w drugiej po\u0142owie 2025 roku.<\/p>\n\n\n\n<p>W razie pyta\u0144 prosz\u0119 o kontakt z osob\u0105 odpowiedzialn\u0105 za koordynacj\u0119 dzia\u0142a\u0144 oraz proces rekrutacji \u2013 spraw\u0119 prowadzi: \u0141ukasz Krzak, nr telefonu 77 \/ 455 19 07.<\/p>\n\n\n\n<ol class=\"wp-block-list\">\n<li><a href=\"https:\/\/rops-opole.pl\/wp-content\/uploads\/2025\/07\/Regulamin%20Uczestnictwa%20-%20Przeciwdzia%C5%82anie%20Przemocy%20Domowej.docx\" target=\"_blank\" rel=\"noreferrer noopener\" class=\"target-blank use-tooltip\" aria-label=\"Regulamin Uczestnictwa \u2013 Przeciwdzia\u0142anie Przemocy Domowej.docx ( dokument MS Word, otworzy si\u0119 w nowym oknie)\">Regulamin Uczestnictwa \u2013 Przeciwdzia\u0142anie Przemocy Domowej.docx<svg aria-hidden=\"true\" class=\"icon-word\" viewbox=\"0 0 1792 1792\"><path d=\"M1596 380q28 28 48 76t20 88v1152q0 40-28 68t-68 28h-1344q-40 0-68-28t-28-68v-1600q0-40 28-68t68-28h896q40 0 88 20t76 48zm-444-244v376h376q-10-29-22-41l-313-313q-12-12-41-22zm384 1528v-1024h-416q-40 0-68-28t-28-68v-416h-768v1536h1280zm-1175-896v107h70l164 661h159l128-485q7-20 10-46 2-16 2-24h4l3 24q1 3 3.5 20t5.5 26l128 485h159l164-661h70v-107h-300v107h90l-99 438q-5 20-7 46l-2 21h-4l-3-21q-1-5-4-21t-5-25l-144-545h-114l-144 545q-2 9-4.5 24.5t-3.5 21.5l-4 21h-4l-2-21q-2-26-7-46l-99-438h90v-107h-300z\"><\/path><\/svg><svg aria-hidden=\"true\" class=\"icon-new-window\" viewbox=\"0 0 1792 1792\"><path d=\"M1408 960v-128q0-26-19-45t-45-19h-320v-320q0-26-19-45t-45-19h-128q-26 0-45 19t-19 45v320h-320q-26 0-45 19t-19 45v128q0 26 19 45t45 19h320v320q0 26 19 45t45 19h128q26 0 45-19t19-45v-320h320q26 0 45-19t19-45zm256-544v960q0 119-84.5 203.5t-203.5 84.5h-960q-119 0-203.5-84.5t-84.5-203.5v-960q0-119 84.5-203.5t203.5-84.5h960q119 0 203.5 84.5t84.5 203.5z\"><\/path><\/svg><span class=\"tooltip\"> dokument MS Word, otworzy si\u0119 w nowym oknie<\/span><\/a><\/li>\n\n\n\n<li><a href=\"https:\/\/rops-opole.pl\/wp-content\/uploads\/2025\/07\/Za%C5%82%C4%85cznik%20nr%201a%20-%20Formularz%20zg%C5%82oszeniowy%20-%20szkolenie.docx\" target=\"_blank\" rel=\"noreferrer noopener\" class=\"target-blank use-tooltip\" aria-label=\"Za\u0142\u0105cznik nr 1a \u2013 Formularz zg\u0142oszeniowy \u2013 szkolenie.docx ( dokument MS Word, otworzy si\u0119 w nowym oknie)\">Za\u0142\u0105cznik nr 1a \u2013 Formularz zg\u0142oszeniowy \u2013 szkolenie.docx<svg aria-hidden=\"true\" class=\"icon-word\" viewbox=\"0 0 1792 1792\"><path d=\"M1596 380q28 28 48 76t20 88v1152q0 40-28 68t-68 28h-1344q-40 0-68-28t-28-68v-1600q0-40 28-68t68-28h896q40 0 88 20t76 48zm-444-244v376h376q-10-29-22-41l-313-313q-12-12-41-22zm384 1528v-1024h-416q-40 0-68-28t-28-68v-416h-768v1536h1280zm-1175-896v107h70l164 661h159l128-485q7-20 10-46 2-16 2-24h4l3 24q1 3 3.5 20t5.5 26l128 485h159l164-661h70v-107h-300v107h90l-99 438q-5 20-7 46l-2 21h-4l-3-21q-1-5-4-21t-5-25l-144-545h-114l-144 545q-2 9-4.5 24.5t-3.5 21.5l-4 21h-4l-2-21q-2-26-7-46l-99-438h90v-107h-300z\"><\/path><\/svg><svg aria-hidden=\"true\" class=\"icon-new-window\" viewbox=\"0 0 1792 1792\"><path d=\"M1408 960v-128q0-26-19-45t-45-19h-320v-320q0-26-19-45t-45-19h-128q-26 0-45 19t-19 45v320h-320q-26 0-45 19t-19 45v128q0 26 19 45t45 19h320v320q0 26 19 45t45 19h128q26 0 45-19t19-45v-320h320q26 0 45-19t19-45zm256-544v960q0 119-84.5 203.5t-203.5 84.5h-960q-119 0-203.5-84.5t-84.5-203.5v-960q0-119 84.5-203.5t203.5-84.5h960q119 0 203.5 84.5t84.5 203.5z\"><\/path><\/svg><span class=\"tooltip\"> dokument MS Word, otworzy si\u0119 w nowym oknie<\/span><\/a><\/li>\n\n\n\n<li><a href=\"https:\/\/rops-opole.pl\/wp-content\/uploads\/2025\/07\/Za%C5%82%C4%85cznik%20nr%201b%20-%20Formularz%20zg%C5%82oszeniowy%20-%20superwizja.docx\" target=\"_blank\" rel=\"noreferrer noopener\" class=\"target-blank use-tooltip\" aria-label=\"Za\u0142\u0105cznik nr 1b \u2013 Formularz zg\u0142oszeniowy \u2013 superwizja.docx ( dokument MS Word, otworzy si\u0119 w nowym oknie)\">Za\u0142\u0105cznik nr 1b \u2013 Formularz zg\u0142oszeniowy \u2013 superwizja.docx<svg aria-hidden=\"true\" class=\"icon-word\" viewbox=\"0 0 1792 1792\"><path d=\"M1596 380q28 28 48 76t20 88v1152q0 40-28 68t-68 28h-1344q-40 0-68-28t-28-68v-1600q0-40 28-68t68-28h896q40 0 88 20t76 48zm-444-244v376h376q-10-29-22-41l-313-313q-12-12-41-22zm384 1528v-1024h-416q-40 0-68-28t-28-68v-416h-768v1536h1280zm-1175-896v107h70l164 661h159l128-485q7-20 10-46 2-16 2-24h4l3 24q1 3 3.5 20t5.5 26l128 485h159l164-661h70v-107h-300v107h90l-99 438q-5 20-7 46l-2 21h-4l-3-21q-1-5-4-21t-5-25l-144-545h-114l-144 545q-2 9-4.5 24.5t-3.5 21.5l-4 21h-4l-2-21q-2-26-7-46l-99-438h90v-107h-300z\"><\/path><\/svg><svg aria-hidden=\"true\" class=\"icon-new-window\" viewbox=\"0 0 1792 1792\"><path d=\"M1408 960v-128q0-26-19-45t-45-19h-320v-320q0-26-19-45t-45-19h-128q-26 0-45 19t-19 45v320h-320q-26 0-45 19t-19 45v128q0 26 19 45t45 19h320v320q0 26 19 45t45 19h128q26 0 45-19t19-45v-320h320q26 0 45-19t19-45zm256-544v960q0 119-84.5 203.5t-203.5 84.5h-960q-119 0-203.5-84.5t-84.5-203.5v-960q0-119 84.5-203.5t203.5-84.5h960q119 0 203.5 84.5t84.5 203.5z\"><\/path><\/svg><span class=\"tooltip\"> dokument MS Word, otworzy si\u0119 w nowym oknie<\/span><\/a><\/li>\n\n\n\n<li><a href=\"https:\/\/rops-opole.pl\/wp-content\/uploads\/2025\/07\/Za%C5%82%C4%85cznik%20nr%202%20-%20Klauzula%20Informacyjna%20RODO.docx\" target=\"_blank\" rel=\"noreferrer noopener\" class=\"target-blank use-tooltip\" aria-label=\"Za\u0142\u0105cznik nr 2 \u2013 Klauzula Informacyjna RODO.docx ( dokument MS Word, otworzy si\u0119 w nowym oknie)\">Za\u0142\u0105cznik nr 2 \u2013 Klauzula Informacyjna RODO.docx<svg aria-hidden=\"true\" class=\"icon-word\" viewbox=\"0 0 1792 1792\"><path d=\"M1596 380q28 28 48 76t20 88v1152q0 40-28 68t-68 28h-1344q-40 0-68-28t-28-68v-1600q0-40 28-68t68-28h896q40 0 88 20t76 48zm-444-244v376h376q-10-29-22-41l-313-313q-12-12-41-22zm384 1528v-1024h-416q-40 0-68-28t-28-68v-416h-768v1536h1280zm-1175-896v107h70l164 661h159l128-485q7-20 10-46 2-16 2-24h4l3 24q1 3 3.5 20t5.5 26l128 485h159l164-661h70v-107h-300v107h90l-99 438q-5 20-7 46l-2 21h-4l-3-21q-1-5-4-21t-5-25l-144-545h-114l-144 545q-2 9-4.5 24.5t-3.5 21.5l-4 21h-4l-2-21q-2-26-7-46l-99-438h90v-107h-300z\"><\/path><\/svg><svg aria-hidden=\"true\" class=\"icon-new-window\" viewbox=\"0 0 1792 1792\"><path d=\"M1408 960v-128q0-26-19-45t-45-19h-320v-320q0-26-19-45t-45-19h-128q-26 0-45 19t-19 45v320h-320q-26 0-45 19t-19 45v128q0 26 19 45t45 19h320v320q0 26 19 45t45 19h128q26 0 45-19t19-45v-320h320q26 0 45-19t19-45zm256-544v960q0 119-84.5 203.5t-203.5 84.5h-960q-119 0-203.5-84.5t-84.5-203.5v-960q0-119 84.5-203.5t203.5-84.5h960q119 0 203.5 84.5t84.5 203.5z\"><\/path><\/svg><span class=\"tooltip\"> dokument MS Word, otworzy si\u0119 w nowym oknie<\/span><\/a><\/li>\n\n\n\n<li><a href=\"https:\/\/rops-opole.pl\/wp-content\/uploads\/2025\/07\/Za%C5%82%C4%85cznik%20nr%203%20-%20O%C5%9Bwiadczenie%20Uczestnika.docx\" target=\"_blank\" rel=\"noreferrer noopener\" class=\"target-blank use-tooltip\" aria-label=\"Za\u0142\u0105cznik nr 3 \u2013 O\u015bwiadczenie Uczestnika.docx ( dokument MS Word, otworzy si\u0119 w nowym oknie)\">Za\u0142\u0105cznik nr 3 \u2013 O\u015bwiadczenie Uczestnika.docx<svg aria-hidden=\"true\" class=\"icon-word\" viewbox=\"0 0 1792 1792\"><path d=\"M1596 380q28 28 48 76t20 88v1152q0 40-28 68t-68 28h-1344q-40 0-68-28t-28-68v-1600q0-40 28-68t68-28h896q40 0 88 20t76 48zm-444-244v376h376q-10-29-22-41l-313-313q-12-12-41-22zm384 1528v-1024h-416q-40 0-68-28t-28-68v-416h-768v1536h1280zm-1175-896v107h70l164 661h159l128-485q7-20 10-46 2-16 2-24h4l3 24q1 3 3.5 20t5.5 26l128 485h159l164-661h70v-107h-300v107h90l-99 438q-5 20-7 46l-2 21h-4l-3-21q-1-5-4-21t-5-25l-144-545h-114l-144 545q-2 9-4.5 24.5t-3.5 21.5l-4 21h-4l-2-21q-2-26-7-46l-99-438h90v-107h-300z\"><\/path><\/svg><svg aria-hidden=\"true\" class=\"icon-new-window\" viewbox=\"0 0 1792 1792\"><path d=\"M1408 960v-128q0-26-19-45t-45-19h-320v-320q0-26-19-45t-45-19h-128q-26 0-45 19t-19 45v320h-320q-26 0-45 19t-19 45v128q0 26 19 45t45 19h320v320q0 26 19 45t45 19h128q26 0 45-19t19-45v-320h320q26 0 45-19t19-45zm256-544v960q0 119-84.5 203.5t-203.5 84.5h-960q-119 0-203.5-84.5t-84.5-203.5v-960q0-119 84.5-203.5t203.5-84.5h960q119 0 203.5 84.5t84.5 203.5z\"><\/path><\/svg><span class=\"tooltip\"> dokument MS Word, otworzy si\u0119 w nowym oknie<\/span><\/a><\/li>\n<\/ol>\n\n","protected":false},"excerpt":{"rendered":null,"protected":false},"author":1,"featured_media":0,"parent":0,"menu_order":0,"comment_status":"closed","ping_status":"closed","template":"","meta":{"footnotes":""},"categories":[44],"tags":[],"class_list":["post-6148","page","type-page","status-publish","hentry","category-rzadowy-program-przeciwdzialania-przemocy-domowej-na-lata-2024-2030"],"_links":{"self":[{"href":"https:\/\/rops-opole.pl\/index.php?rest_route=\/wp\/v2\/pages\/6148","targetHints":{"allow":["GET"]}}],"collection":[{"href":"https:\/\/rops-opole.pl\/index.php?rest_route=\/wp\/v2\/pages"}],"about":[{"href":"https:\/\/rops-opole.pl\/index.php?rest_route=\/wp\/v2\/types\/page"}],"author":[{"embeddable":true,"href":"https:\/\/rops-opole.pl\/index.php?rest_route=\/wp\/v2\/users\/1"}],"replies":[{"embeddable":true,"href":"https:\/\/rops-opole.pl\/index.php?rest_route=%2Fwp%2Fv2%2Fcomments&post=6148"}],"version-history":[{"count":1,"href":"https:\/\/rops-opole.pl\/index.php?rest_route=\/wp\/v2\/pages\/6148\/revisions"}],"predecessor-version":[{"id":6149,"href":"https:\/\/rops-opole.pl\/index.php?rest_route=\/wp\/v2\/pages\/6148\/revisions\/6149"}],"wp:attachment":[{"href":"https:\/\/rops-opole.pl\/index.php?rest_route=%2Fwp%2Fv2%2Fmedia&parent=6148"}],"wp:term":[{"taxonomy":"category","embeddable":true,"href":"https:\/\/rops-opole.pl\/index.php?rest_route=%2Fwp%2Fv2%2Fcategories&post=6148"},{"taxonomy":"post_tag","embeddable":true,"href":"https:\/\/rops-opole.pl\/index.php?rest_route=%2Fwp%2Fv2%2Ftags&post=6148"}],"curies":[{"name":"wp","href":"https:\/\/api.w.org\/{rel}","templated":true}]}}