{"id":6121,"date":"2026-04-07T12:08:42","date_gmt":"2026-04-07T10:08:42","guid":{"rendered":"https:\/\/rops-opole.pl\/?page_id=6121"},"modified":"2026-04-10T14:20:00","modified_gmt":"2026-04-10T12:20:00","slug":"2026-2","status":"publish","type":"page","link":"https:\/\/rops-opole.pl\/?page_id=6121","title":{"rendered":"2026"},"content":{"rendered":"\n<p><strong>Podnoszenie kompetencji os\u00f3b realizuj\u0105cych zadania z zakresu przeciwdzia\u0142ania przemocy domowej- superwizja<\/strong><\/p>\n\n\n\n<p><strong>Og\u0142aszamy rozpocz\u0119cie rekrutacji dla instytucji realizuj\u0105cych zadania z zakresu przeciwdzia\u0142ania przemocy domowej i zapraszamy do udzia\u0142u w sesjach prowadzonych przez certyfikowanych superwizor\u00f3w. Oferowane wsparcie merytoryczne jest kluczowe dla os\u00f3b pracuj\u0105cych z problemem przemocy \u2013 pozwala na g\u0142\u0119bsz\u0105 analiz\u0119 trudnych przypadk\u00f3w oraz chroni przed wypaleniem zawodowym.<\/strong><\/p>\n\n\n\n<p>Kluczowe informacje o superwizji:<\/p>\n\n\n\n<ul class=\"wp-block-list\">\n<li><strong>Termin rekrutacji:<\/strong> od 2 kwietnia 2026 r. do 15 kwietnia 2026 r.<\/li>\n\n\n\n<li><strong>Adresaci:<\/strong> przedstawiciele instytucji dzia\u0142aj\u0105cych w obszarze przeciwdzia\u0142ania przemocy domowej z terenu wojew\u00f3dztwa opolskiego.<\/li>\n\n\n\n<li><strong>Forma i wymiar zaj\u0119\u0107: <\/strong>Sesje w grupach 3-8 os\u00f3b. Liczba spotka\u0144, ich czas i formu\u0142a zostan\u0105 dopasowane do potrzeb grupy (\u0142\u0105cznie 25 godz. dydaktycznych na uczestnika).<\/li>\n\n\n\n<li><strong>Program:<\/strong> dostosowany indywidualnie do potrzeb grupy, zgodny z aktualnymi Wytycznymi Ministerstwa ds. zabezpieczenia spo\u0142ecznego oraz stanem prawnym (art. 8 pkt 5 ustawy o przeciwdzia\u0142aniu przemocy domowej).<\/li>\n\n\n\n<li><strong>Miejsce:<\/strong> Sesje odbywaj\u0105 si\u0119 w sali wskazanej przez instytucj\u0119 zg\u0142aszaj\u0105c\u0105 w formularzu. Miejsce musi spe\u0142nia\u0107 wymogi dost\u0119pno\u015bci dla os\u00f3b ze szczeg\u00f3lnymi potrzebami, zgodnie z ustaw\u0105 o zapewnianiu dost\u0119pno\u015bci z dnia 19 lipca 2019 r.<\/li>\n\n\n\n<li><strong>Potwierdzenie udzia\u0142u:<\/strong> ka\u017cdy uczestnik otrzyma oficjalne za\u015bwiadczenie po zako\u0144czeniu cyklu.<\/li>\n<\/ul>\n\n\n\n<p>Jak wzi\u0105\u0107 udzia\u0142?<\/p>\n\n\n\n<p>Instytucje zainteresowane delegowaniem pracownik\u00f3w proszone s\u0105 o:<\/p>\n\n\n\n<ol start=\"1\" class=\"wp-block-list\">\n<li>Zapoznanie si\u0119 z <strong>Regulaminem rekrutacji i uczestnictwa<\/strong> (za\u0142\u0105cznik poni\u017cej).<\/li>\n\n\n\n<li>Wype\u0142nienie i podpisanie kompletu dokument\u00f3w (<strong>formularza 1b<\/strong> dotycz\u0105cego superwizji oraz <strong>o\u015bwiadczenia uczestnika<\/strong>).<\/li>\n<\/ol>\n\n\n\n<p><strong>Dokumenty mo\u017cna dostarczy\u0107:<\/strong><\/p>\n\n\n\n<ul class=\"wp-block-list\">\n<li><strong>Elektronicznie:<\/strong> skany na adres e-mail: l.krzak(at)rops-opole.pl<\/li>\n\n\n\n<li><strong>Papierowo:<\/strong> osobi\u015bcie lub poczt\u0105 na adres:<\/li>\n<\/ul>\n\n\n\n<p>Regionalny O\u015brodek Polityki Spo\u0142ecznej w Opolu, ul. G\u0142ogowska 25C, 45-315 Opole<\/p>\n\n\n\n<p>Wa\u017cne uwagi:<\/p>\n\n\n\n<ul class=\"wp-block-list\">\n<li>Zg\u0142oszenie nie jest r\u00f3wnoznaczne z zakwalifikowaniem na superwizj\u0119 \u2013 decyduj\u0105 kryteria zawarte w Regulaminie.<\/li>\n\n\n\n<li>O wynikach rekrutacji powiadomimy telefonicznie oraz mailowo wy\u0142\u0105cznie zakwalifikowane instytucje.<\/li>\n<\/ul>\n\n\n\n<p>Kontakt:<\/p>\n\n\n\n<p>Wszelkich informacji udziela koordynator dzia\u0142a\u0144:<\/p>\n\n\n\n<p><a><strong>\u0141ukasz Krzak<\/strong><\/a><br><img decoding=\"async\" width=\"32\" height=\"32\" src=\"\" alt=\"\ud83d\udcde\">tel.: 77 455 19 07<br><img decoding=\"async\" width=\"32\" height=\"32\" src=\"\" alt=\"\ud83d\udce7\">e-mail: l.krzak(at)rops-opole.pl<\/p>\n\n\n\n<p>Pliki do pobrania:<\/p>\n\n\n\n<ul class=\"wp-block-list\">\n<li><a href=\"\/wp-content\/uploads\/projekty\/RPPPD-2024-2030\/Regulamin%20Uczestnictwa%20-%20Przeciwdzia%C5%82anie%20Przemocy%20Domowej.docx\" target=\"_blank\" rel=\"noreferrer noopener\" class=\"target-blank use-tooltip\" aria-label=\"Regulamin rekrutacji i uczestnictwa.docx ( dokument MS Word, otworzy si\u0119 w nowym oknie)\">Regulamin rekrutacji i uczestnictwa.docx<svg aria-hidden=\"true\" class=\"icon-word\" viewbox=\"0 0 1792 1792\"><path d=\"M1596 380q28 28 48 76t20 88v1152q0 40-28 68t-68 28h-1344q-40 0-68-28t-28-68v-1600q0-40 28-68t68-28h896q40 0 88 20t76 48zm-444-244v376h376q-10-29-22-41l-313-313q-12-12-41-22zm384 1528v-1024h-416q-40 0-68-28t-28-68v-416h-768v1536h1280zm-1175-896v107h70l164 661h159l128-485q7-20 10-46 2-16 2-24h4l3 24q1 3 3.5 20t5.5 26l128 485h159l164-661h70v-107h-300v107h90l-99 438q-5 20-7 46l-2 21h-4l-3-21q-1-5-4-21t-5-25l-144-545h-114l-144 545q-2 9-4.5 24.5t-3.5 21.5l-4 21h-4l-2-21q-2-26-7-46l-99-438h90v-107h-300z\"><\/path><\/svg><svg aria-hidden=\"true\" class=\"icon-new-window\" viewbox=\"0 0 1792 1792\"><path d=\"M1408 960v-128q0-26-19-45t-45-19h-320v-320q0-26-19-45t-45-19h-128q-26 0-45 19t-19 45v320h-320q-26 0-45 19t-19 45v128q0 26 19 45t45 19h320v320q0 26 19 45t45 19h128q26 0 45-19t19-45v-320h320q26 0 45-19t19-45zm256-544v960q0 119-84.5 203.5t-203.5 84.5h-960q-119 0-203.5-84.5t-84.5-203.5v-960q0-119 84.5-203.5t203.5-84.5h960q119 0 203.5 84.5t84.5 203.5z\"><\/path><\/svg><span class=\"tooltip\"> dokument MS Word, otworzy si\u0119 w nowym oknie<\/span><\/a><\/li>\n\n\n\n<li><a href=\"\/wp-content\/uploads\/projekty\/RPPPD-2024-2030\/Za%C5%82%C4%85cznik%20nr%201b%20-%20Formularz%20zg%C5%82oszeniowy%20-%20superwizja.docx\" target=\"_blank\" rel=\"noreferrer noopener\" class=\"target-blank use-tooltip\" aria-label=\"Za\u0142\u0105cznik nr 1b \u2013 Formularz zg\u0142oszeniowy \u2013 superwizja.docx ( dokument MS Word, otworzy si\u0119 w nowym oknie)\">Za\u0142\u0105cznik nr 1b \u2013 Formularz zg\u0142oszeniowy \u2013 superwizja.docx<svg aria-hidden=\"true\" class=\"icon-word\" viewbox=\"0 0 1792 1792\"><path d=\"M1596 380q28 28 48 76t20 88v1152q0 40-28 68t-68 28h-1344q-40 0-68-28t-28-68v-1600q0-40 28-68t68-28h896q40 0 88 20t76 48zm-444-244v376h376q-10-29-22-41l-313-313q-12-12-41-22zm384 1528v-1024h-416q-40 0-68-28t-28-68v-416h-768v1536h1280zm-1175-896v107h70l164 661h159l128-485q7-20 10-46 2-16 2-24h4l3 24q1 3 3.5 20t5.5 26l128 485h159l164-661h70v-107h-300v107h90l-99 438q-5 20-7 46l-2 21h-4l-3-21q-1-5-4-21t-5-25l-144-545h-114l-144 545q-2 9-4.5 24.5t-3.5 21.5l-4 21h-4l-2-21q-2-26-7-46l-99-438h90v-107h-300z\"><\/path><\/svg><svg aria-hidden=\"true\" class=\"icon-new-window\" viewbox=\"0 0 1792 1792\"><path d=\"M1408 960v-128q0-26-19-45t-45-19h-320v-320q0-26-19-45t-45-19h-128q-26 0-45 19t-19 45v320h-320q-26 0-45 19t-19 45v128q0 26 19 45t45 19h320v320q0 26 19 45t45 19h128q26 0 45-19t19-45v-320h320q26 0 45-19t19-45zm256-544v960q0 119-84.5 203.5t-203.5 84.5h-960q-119 0-203.5-84.5t-84.5-203.5v-960q0-119 84.5-203.5t203.5-84.5h960q119 0 203.5 84.5t84.5 203.5z\"><\/path><\/svg><span class=\"tooltip\"> dokument MS Word, otworzy si\u0119 w nowym oknie<\/span><\/a><\/li>\n\n\n\n<li><a href=\"\/wp-content\/uploads\/projekty\/RPPPD-2024-2030\/Za%C5%82%C4%85cznik%20nr%202%20-%20Klauzula%20Informacyjna%20i%20O%C5%9Bwiadczenie%20Uczestnika.docx\" target=\"_blank\" rel=\"noreferrer noopener\" class=\"target-blank use-tooltip\" aria-label=\"Za\u0142\u0105cznik nr 2 \u2013 Klauzula Informacyjna i O\u015bwiadczenie Uczestnika.docx ( dokument MS Word, otworzy si\u0119 w nowym oknie)\">Za\u0142\u0105cznik nr 2 \u2013 Klauzula Informacyjna i O\u015bwiadczenie Uczestnika.docx<svg aria-hidden=\"true\" class=\"icon-word\" viewbox=\"0 0 1792 1792\"><path d=\"M1596 380q28 28 48 76t20 88v1152q0 40-28 68t-68 28h-1344q-40 0-68-28t-28-68v-1600q0-40 28-68t68-28h896q40 0 88 20t76 48zm-444-244v376h376q-10-29-22-41l-313-313q-12-12-41-22zm384 1528v-1024h-416q-40 0-68-28t-28-68v-416h-768v1536h1280zm-1175-896v107h70l164 661h159l128-485q7-20 10-46 2-16 2-24h4l3 24q1 3 3.5 20t5.5 26l128 485h159l164-661h70v-107h-300v107h90l-99 438q-5 20-7 46l-2 21h-4l-3-21q-1-5-4-21t-5-25l-144-545h-114l-144 545q-2 9-4.5 24.5t-3.5 21.5l-4 21h-4l-2-21q-2-26-7-46l-99-438h90v-107h-300z\"><\/path><\/svg><svg aria-hidden=\"true\" class=\"icon-new-window\" viewbox=\"0 0 1792 1792\"><path d=\"M1408 960v-128q0-26-19-45t-45-19h-320v-320q0-26-19-45t-45-19h-128q-26 0-45 19t-19 45v320h-320q-26 0-45 19t-19 45v128q0 26 19 45t45 19h320v320q0 26 19 45t45 19h128q26 0 45-19t19-45v-320h320q26 0 45-19t19-45zm256-544v960q0 119-84.5 203.5t-203.5 84.5h-960q-119 0-203.5-84.5t-84.5-203.5v-960q0-119 84.5-203.5t203.5-84.5h960q119 0 203.5 84.5t84.5 203.5z\"><\/path><\/svg><span class=\"tooltip\"> dokument MS Word, otworzy si\u0119 w nowym oknie<\/span><\/a><\/li>\n<\/ul>\n\n\n\n<p><a id=\"_msocom_1\"><\/a><\/p>\n\n","protected":false},"excerpt":{"rendered":null,"protected":false},"author":1,"featured_media":0,"parent":0,"menu_order":0,"comment_status":"closed","ping_status":"closed","template":"","meta":{"footnotes":""},"categories":[44],"tags":[],"class_list":["post-6121","page","type-page","status-publish","hentry","category-rzadowy-program-przeciwdzialania-przemocy-domowej-na-lata-2024-2030"],"_links":{"self":[{"href":"https:\/\/rops-opole.pl\/index.php?rest_route=\/wp\/v2\/pages\/6121","targetHints":{"allow":["GET"]}}],"collection":[{"href":"https:\/\/rops-opole.pl\/index.php?rest_route=\/wp\/v2\/pages"}],"about":[{"href":"https:\/\/rops-opole.pl\/index.php?rest_route=\/wp\/v2\/types\/page"}],"author":[{"embeddable":true,"href":"https:\/\/rops-opole.pl\/index.php?rest_route=\/wp\/v2\/users\/1"}],"replies":[{"embeddable":true,"href":"https:\/\/rops-opole.pl\/index.php?rest_route=%2Fwp%2Fv2%2Fcomments&post=6121"}],"version-history":[{"count":2,"href":"https:\/\/rops-opole.pl\/index.php?rest_route=\/wp\/v2\/pages\/6121\/revisions"}],"predecessor-version":[{"id":6200,"href":"https:\/\/rops-opole.pl\/index.php?rest_route=\/wp\/v2\/pages\/6121\/revisions\/6200"}],"wp:attachment":[{"href":"https:\/\/rops-opole.pl\/index.php?rest_route=%2Fwp%2Fv2%2Fmedia&parent=6121"}],"wp:term":[{"taxonomy":"category","embeddable":true,"href":"https:\/\/rops-opole.pl\/index.php?rest_route=%2Fwp%2Fv2%2Fcategories&post=6121"},{"taxonomy":"post_tag","embeddable":true,"href":"https:\/\/rops-opole.pl\/index.php?rest_route=%2Fwp%2Fv2%2Ftags&post=6121"}],"curies":[{"name":"wp","href":"https:\/\/api.w.org\/{rel}","templated":true}]}}