{"id":5991,"date":"2026-03-19T15:25:40","date_gmt":"2026-03-19T14:25:40","guid":{"rendered":"https:\/\/rops-opole.pl\/?page_id=5991"},"modified":"2026-03-19T17:01:27","modified_gmt":"2026-03-19T16:01:27","slug":"ogloszenie-o-mozliwosci-zglaszania-uwag-do-oferty-zlozonej-w-trybie-pozakonkursowym-na-realizacje-zadania-publicznego-pn-viii-wojewodzki-turniej-rowerowy","status":"publish","type":"page","link":"https:\/\/rops-opole.pl\/?page_id=5991","title":{"rendered":"Og\u0142oszenie o mo\u017cliwo\u015bci zg\u0142aszania uwag do oferty z\u0142o\u017conej w trybie pozakonkursowym na realizacj\u0119 zadania publicznego pn. \u201eVIII Wojew\u00f3dzki Turniej Rowerowy\u201d"},"content":{"rendered":"\n<!--more--><p><a href=\"\/wp-content\/uploads\/dotacje-tryb-19a\/2026-03-19\/Oferta%2019a%20Stowarzyszenia%20Wspierania%20Rozwoju%20Spo%C5%82ecze%C5%84stwa%20Ja%20i%20Ty.pdf\" target=\"_blank\" rel=\"noreferrer noopener\" class=\"target-blank use-tooltip\" aria-label=\"Oferta 19a Stowarzyszenia Wspierania Rozwoju Spo\u0142ecze\u0144stwa Ja i Ty.pdf ( dokument PDF, otworzy si\u0119 w nowym oknie)\">Oferta 19a Stowarzyszenia Wspierania Rozwoju Spo\u0142ecze\u0144stwa Ja i Ty.pdf<svg aria-hidden=\"true\" class=\"icon-pdf\" viewbox=\"0 0 1792 1792\"><path d=\"M1596 380q28 28 48 76t20 88v1152q0 40-28 68t-68 28h-1344q-40 0-68-28t-28-68v-1600q0-40 28-68t68-28h896q40 0 88 20t76 48zm-444-244v376h376q-10-29-22-41l-313-313q-12-12-41-22zm384 1528v-1024h-416q-40 0-68-28t-28-68v-416h-768v1536h1280zm-514-593q33 26 84 56 59-7 117-7 147 0 177 49 16 22 2 52 0 1-1 2l-2 2v1q-6 38-71 38-48 0-115-20t-130-53q-221 24-392 83-153 262-242 262-15 0-28-7l-24-12q-1-1-6-5-10-10-6-36 9-40 56-91.5t132-96.5q14-9 23 6 2 2 2 4 52-85 107-197 68-136 104-262-24-82-30.5-159.5t6.5-127.5q11-40 42-40h22q23 0 35 15 18 21 9 68-2 6-4 8 1 3 1 8v30q-2 123-14 192 55 164 146 238zm-576 411q52-24 137-158-51 40-87.5 84t-49.5 74zm398-920q-15 42-2 132 1-7 7-44 0-3 7-43 1-4 4-8-1-1-1-2t-.5-1.5-.5-1.5q-1-22-13-36 0 1-1 2v2zm-124 661q135-54 284-81-2-1-13-9.5t-16-13.5q-76-67-127-176-27 86-83 197-30 56-45 83zm646-16q-24-24-140-24 76 28 124 28 14 0 18-1 0-1-2-3z\"><\/path><\/svg><svg aria-hidden=\"true\" class=\"icon-new-window\" viewbox=\"0 0 1792 1792\"><path d=\"M1408 960v-128q0-26-19-45t-45-19h-320v-320q0-26-19-45t-45-19h-128q-26 0-45 19t-19 45v320h-320q-26 0-45 19t-19 45v128q0 26 19 45t45 19h320v320q0 26 19 45t45 19h128q26 0 45-19t19-45v-320h320q26 0 45-19t19-45zm256-544v960q0 119-84.5 203.5t-203.5 84.5h-960q-119 0-203.5-84.5t-84.5-203.5v-960q0-119 84.5-203.5t203.5-84.5h960q119 0 203.5 84.5t84.5 203.5z\"><\/path><\/svg><span class=\"tooltip\"> dokument PDF, otworzy si\u0119 w nowym oknie<\/span><\/a><\/p>\n\n\n\n<p><a href=\"\/wp-content\/uploads\/dotacje-tryb-19a\/2026-03-19\/Og%C5%82oszenie%20o%20mo%C5%BCliwo%C5%9Bci%20zg%C5%82aszania%20uwag%20oferty%2019a%20Stowarzyszenia%20Wspierania%20Rozwoju%20Spo%C5%82ecze%C5%84stwa%20Ja%20i%20Ty%20pn.%20VIII%20Wojew%C3%B3dzki%20Turniej%20Rowerowy_.pdf\" target=\"_blank\" rel=\"noreferrer noopener\" class=\"target-blank use-tooltip\" aria-label=\"Og\u0142oszenie o mo\u017cliwo\u015bci zg\u0142aszania uwag oferty 19a Stowarzyszenia Wspierania Rozwoju Spo\u0142ecze\u0144stwa Ja i Ty pn. VIII Wojew\u00f3dzki Turniej Rowerowy.pdf ( dokument PDF, otworzy si\u0119 w nowym oknie)\">Og\u0142oszenie o mo\u017cliwo\u015bci zg\u0142aszania uwag oferty 19a Stowarzyszenia Wspierania Rozwoju Spo\u0142ecze\u0144stwa Ja i Ty pn. VIII Wojew\u00f3dzki Turniej Rowerowy.pdf<svg aria-hidden=\"true\" class=\"icon-pdf\" viewbox=\"0 0 1792 1792\"><path d=\"M1596 380q28 28 48 76t20 88v1152q0 40-28 68t-68 28h-1344q-40 0-68-28t-28-68v-1600q0-40 28-68t68-28h896q40 0 88 20t76 48zm-444-244v376h376q-10-29-22-41l-313-313q-12-12-41-22zm384 1528v-1024h-416q-40 0-68-28t-28-68v-416h-768v1536h1280zm-514-593q33 26 84 56 59-7 117-7 147 0 177 49 16 22 2 52 0 1-1 2l-2 2v1q-6 38-71 38-48 0-115-20t-130-53q-221 24-392 83-153 262-242 262-15 0-28-7l-24-12q-1-1-6-5-10-10-6-36 9-40 56-91.5t132-96.5q14-9 23 6 2 2 2 4 52-85 107-197 68-136 104-262-24-82-30.5-159.5t6.5-127.5q11-40 42-40h22q23 0 35 15 18 21 9 68-2 6-4 8 1 3 1 8v30q-2 123-14 192 55 164 146 238zm-576 411q52-24 137-158-51 40-87.5 84t-49.5 74zm398-920q-15 42-2 132 1-7 7-44 0-3 7-43 1-4 4-8-1-1-1-2t-.5-1.5-.5-1.5q-1-22-13-36 0 1-1 2v2zm-124 661q135-54 284-81-2-1-13-9.5t-16-13.5q-76-67-127-176-27 86-83 197-30 56-45 83zm646-16q-24-24-140-24 76 28 124 28 14 0 18-1 0-1-2-3z\"><\/path><\/svg><svg aria-hidden=\"true\" class=\"icon-new-window\" viewbox=\"0 0 1792 1792\"><path d=\"M1408 960v-128q0-26-19-45t-45-19h-320v-320q0-26-19-45t-45-19h-128q-26 0-45 19t-19 45v320h-320q-26 0-45 19t-19 45v128q0 26 19 45t45 19h320v320q0 26 19 45t45 19h128q26 0 45-19t19-45v-320h320q26 0 45-19t19-45zm256-544v960q0 119-84.5 203.5t-203.5 84.5h-960q-119 0-203.5-84.5t-84.5-203.5v-960q0-119 84.5-203.5t203.5-84.5h960q119 0 203.5 84.5t84.5 203.5z\"><\/path><\/svg><span class=\"tooltip\"> dokument PDF, otworzy si\u0119 w nowym oknie<\/span><\/a><\/p>\n\n\n\n<p><a href=\"\/wp-content\/uploads\/dotacje-tryb-19a\/2026-03-19\/Og%C5%82oszenie%20o%20mo%C5%BCliwo%C5%9Bci%20zg%C5%82aszania%20uwag%20oferty%20Stowarzyszenia%20Wspierania%20Rozwoju%20Spo%C5%82ecze%C5%84stwa%20Ja%20i%20Ty.docx\" target=\"_blank\" rel=\"noreferrer noopener\" class=\"target-blank use-tooltip\" aria-label=\"Og\u0142oszenie o mo\u017cliwo\u015bci zg\u0142aszania uwag oferty Stowarzyszenia Wspierania Rozwoju Spo\u0142ecze\u0144stwa Ja i Ty.docx ( dokument MS Word, otworzy si\u0119 w nowym oknie)\">Og\u0142oszenie o mo\u017cliwo\u015bci zg\u0142aszania uwag oferty Stowarzyszenia Wspierania Rozwoju Spo\u0142ecze\u0144stwa Ja i Ty.docx<svg aria-hidden=\"true\" class=\"icon-word\" viewbox=\"0 0 1792 1792\"><path d=\"M1596 380q28 28 48 76t20 88v1152q0 40-28 68t-68 28h-1344q-40 0-68-28t-28-68v-1600q0-40 28-68t68-28h896q40 0 88 20t76 48zm-444-244v376h376q-10-29-22-41l-313-313q-12-12-41-22zm384 1528v-1024h-416q-40 0-68-28t-28-68v-416h-768v1536h1280zm-1175-896v107h70l164 661h159l128-485q7-20 10-46 2-16 2-24h4l3 24q1 3 3.5 20t5.5 26l128 485h159l164-661h70v-107h-300v107h90l-99 438q-5 20-7 46l-2 21h-4l-3-21q-1-5-4-21t-5-25l-144-545h-114l-144 545q-2 9-4.5 24.5t-3.5 21.5l-4 21h-4l-2-21q-2-26-7-46l-99-438h90v-107h-300z\"><\/path><\/svg><svg aria-hidden=\"true\" class=\"icon-new-window\" viewbox=\"0 0 1792 1792\"><path d=\"M1408 960v-128q0-26-19-45t-45-19h-320v-320q0-26-19-45t-45-19h-128q-26 0-45 19t-19 45v320h-320q-26 0-45 19t-19 45v128q0 26 19 45t45 19h320v320q0 26 19 45t45 19h128q26 0 45-19t19-45v-320h320q26 0 45-19t19-45zm256-544v960q0 119-84.5 203.5t-203.5 84.5h-960q-119 0-203.5-84.5t-84.5-203.5v-960q0-119 84.5-203.5t203.5-84.5h960q119 0 203.5 84.5t84.5 203.5z\"><\/path><\/svg><span class=\"tooltip\"> dokument MS Word, otworzy si\u0119 w nowym oknie<\/span><\/a><\/p>\n\n","protected":false},"excerpt":{"rendered":null,"protected":false},"author":1,"featured_media":0,"parent":0,"menu_order":0,"comment_status":"closed","ping_status":"closed","template":"","meta":{"footnotes":""},"categories":[32],"tags":[],"class_list":["post-5991","page","type-page","status-publish","hentry","category-oferty-zlozone-w-trybie-pozakonkursowym"],"_links":{"self":[{"href":"https:\/\/rops-opole.pl\/index.php?rest_route=\/wp\/v2\/pages\/5991","targetHints":{"allow":["GET"]}}],"collection":[{"href":"https:\/\/rops-opole.pl\/index.php?rest_route=\/wp\/v2\/pages"}],"about":[{"href":"https:\/\/rops-opole.pl\/index.php?rest_route=\/wp\/v2\/types\/page"}],"author":[{"embeddable":true,"href":"https:\/\/rops-opole.pl\/index.php?rest_route=\/wp\/v2\/users\/1"}],"replies":[{"embeddable":true,"href":"https:\/\/rops-opole.pl\/index.php?rest_route=%2Fwp%2Fv2%2Fcomments&post=5991"}],"version-history":[{"count":2,"href":"https:\/\/rops-opole.pl\/index.php?rest_route=\/wp\/v2\/pages\/5991\/revisions"}],"predecessor-version":[{"id":5993,"href":"https:\/\/rops-opole.pl\/index.php?rest_route=\/wp\/v2\/pages\/5991\/revisions\/5993"}],"wp:attachment":[{"href":"https:\/\/rops-opole.pl\/index.php?rest_route=%2Fwp%2Fv2%2Fmedia&parent=5991"}],"wp:term":[{"taxonomy":"category","embeddable":true,"href":"https:\/\/rops-opole.pl\/index.php?rest_route=%2Fwp%2Fv2%2Fcategories&post=5991"},{"taxonomy":"post_tag","embeddable":true,"href":"https:\/\/rops-opole.pl\/index.php?rest_route=%2Fwp%2Fv2%2Ftags&post=5991"}],"curies":[{"name":"wp","href":"https:\/\/api.w.org\/{rel}","templated":true}]}}