{"id":4239,"date":"2024-07-18T20:41:58","date_gmt":"2024-07-18T18:41:58","guid":{"rendered":"https:\/\/rops-opole.pl\/?page_id=4239"},"modified":"2024-07-19T08:05:32","modified_gmt":"2024-07-19T06:05:32","slug":"szkolenia-z-zakresu-przeciwdzialania-przemocy-domowej","status":"publish","type":"page","link":"https:\/\/rops-opole.pl\/?page_id=4239","title":{"rendered":"Szkolenia z zakresu Przeciwdzia\u0142ania Przemocy Domowej"},"content":{"rendered":"\n<p><strong>Nazwa zadania: <\/strong>Dofinansowanie szkole\u0144 z\u00a0zakresu przeciwdzia\u0142ania przemocy domowej<\/p>\n<p><strong>ZADANIE DOFINANSOWANE Z\u00a0BUD\u017bETU PA\u0143STWA w\u00a0ramach Rz\u0105dowego Programu Przeciwdzia\u0142ania Przemocy Domowej na lata 2024-2030<\/strong><\/p>\n<p><strong>Warto\u015b\u0107 dofinansowania: <\/strong>200\u00a0000 z\u0142<\/p>\n<p><strong>Ca\u0142kowita warto\u015b\u0107 zadania: <\/strong>250 000 z\u0142 (50\u00a0000.00 z\u0142 \u2013 \u015brodki pochodz\u0105ce z Samorz\u0105du Wojew\u00f3dztwa Opolskiego)<\/p>\n<p><strong>Opis zadania:<\/strong> Zgodnie z\u00a0art. 6 ust. 6 pkt 4 ustawy o\u00a0przeciwdzia\u0142aniu przemocy domowej do zada\u0144 w\u0142asnych samorz\u0105du wojew\u00f3dztwa nale\u017cy organizowanie szkole\u0144 dla os\u00f3b realizuj\u0105cych zadania zwi\u0105zane z\u00a0przeciwdzia\u0142aniem przemocy domowej, w\u00a0tym obowi\u0105zkowych szkole\u0144 dla cz\u0142onk\u00f3w zespo\u0142u interdyscyplinarnego oraz grup diagnostyczno \u2013 pomocowych.<\/p>\n<p>W\u00a0zwi\u0105zku z\u00a0powy\u017cszym Regionalny O\u015brodek Polityki Spo\u0142ecznej w\u00a0Opolu, w\u00a0ramach przyznanych \u015brodk\u00f3w, organizuje szkolenia dla przedstawicieli instytucji i s\u0142u\u017cb realizuj\u0105cych zadania z obszaru przeciwdzia\u0142ania przemocy domowej, w tym cz\u0142onk\u00f3w zespo\u0142\u00f3w interdyscyplinarnych i grup diagnostyczno \u2013 pomocowych.<\/p>\n<p>Przedmiotowe zadanie ma na celu poszerzanie wiedzy i\u00a0podnoszenie kompetencji w\u00a0obszarze przeciwdzia\u0142ania przemocy domowej oraz wspieranie os\u00f3b pracuj\u0105cych w\u00a0ww. obszarze.<\/p>\n\n\n\n<figure class=\"wp-block-image size-full is-resized\"><img fetchpriority=\"high\" decoding=\"async\" width=\"1809\" height=\"2560\" src=\"https:\/\/rops-opole.pl\/wp-content\/uploads\/2024\/07\/Przeciwdzialanie-Przemocy-Plakat-scaled.jpg\" alt=\"Flaga Polski, god\u0142o polski oraz nast\u0119puj\u0105ca tre\u015b\u0107: DOFINANSOWANO\nZE \u015aRODK\u00d3W BUD\u017bETU PA\u0143STWA.\nRz\u0105dowy Program Przeciwdzia\u0142ania Przemocy Domowej na lata 2024-2030.\nDofinansowanie szkole\u0144 z zakresu\nprzeciwdzia\u0142ania przemocy domowej.\nDOFINANSOWANIE 200 000 z\u0142.\nCA\u0141KOWITA WARTO\u015a\u0106 250 000 z\u0142\" class=\"wp-image-4240\" style=\"width:343px;height:auto\" srcset=\"https:\/\/rops-opole.pl\/wp-content\/uploads\/2024\/07\/Przeciwdzialanie-Przemocy-Plakat-scaled.jpg 1809w, https:\/\/rops-opole.pl\/wp-content\/uploads\/2024\/07\/Przeciwdzialanie-Przemocy-Plakat-1086x1536.jpg 1086w, https:\/\/rops-opole.pl\/wp-content\/uploads\/2024\/07\/Przeciwdzialanie-Przemocy-Plakat-1448x2048.jpg 1448w, https:\/\/rops-opole.pl\/wp-content\/uploads\/2024\/07\/Przeciwdzialanie-Przemocy-Plakat-418x592.jpg 418w, https:\/\/rops-opole.pl\/wp-content\/uploads\/2024\/07\/Przeciwdzialanie-Przemocy-Plakat-126x178.jpg 126w\" sizes=\"(max-width: 1809px) 100vw, 1809px\"><\/figure>\n\n\n\n<figure class=\"wp-block-image size-full is-resized\"><img decoding=\"async\" width=\"2483\" height=\"515\" src=\"https:\/\/rops-opole.pl\/wp-content\/uploads\/2024\/07\/logo-jednostki-.png\" alt='Logo ROPS w Opolu z dopiskiem: \"Jednostka samorz\u0105du Wojew\u00f3dztwa Opolskiego\"' class=\"wp-image-4244\" style=\"width:478px;height:auto\" srcset=\"https:\/\/rops-opole.pl\/wp-content\/uploads\/2024\/07\/logo-jednostki-.png 2483w, https:\/\/rops-opole.pl\/wp-content\/uploads\/2024\/07\/logo-jednostki--1536x319.png 1536w, https:\/\/rops-opole.pl\/wp-content\/uploads\/2024\/07\/logo-jednostki--2048x425.png 2048w, https:\/\/rops-opole.pl\/wp-content\/uploads\/2024\/07\/logo-jednostki--890x185.png 890w, https:\/\/rops-opole.pl\/wp-content\/uploads\/2024\/07\/logo-jednostki--268x56.png 268w\" sizes=\"(max-width: 2483px) 100vw, 2483px\"><\/figure>\n\n","protected":false},"excerpt":{"rendered":null,"protected":false},"author":1,"featured_media":0,"parent":0,"menu_order":0,"comment_status":"closed","ping_status":"closed","template":"","meta":{"footnotes":""},"categories":[13,15],"tags":[],"class_list":["post-4239","page","type-page","status-publish","hentry","category-projekty","category-zrealizowane"],"_links":{"self":[{"href":"https:\/\/rops-opole.pl\/index.php?rest_route=\/wp\/v2\/pages\/4239","targetHints":{"allow":["GET"]}}],"collection":[{"href":"https:\/\/rops-opole.pl\/index.php?rest_route=\/wp\/v2\/pages"}],"about":[{"href":"https:\/\/rops-opole.pl\/index.php?rest_route=\/wp\/v2\/types\/page"}],"author":[{"embeddable":true,"href":"https:\/\/rops-opole.pl\/index.php?rest_route=\/wp\/v2\/users\/1"}],"replies":[{"embeddable":true,"href":"https:\/\/rops-opole.pl\/index.php?rest_route=%2Fwp%2Fv2%2Fcomments&post=4239"}],"version-history":[{"count":5,"href":"https:\/\/rops-opole.pl\/index.php?rest_route=\/wp\/v2\/pages\/4239\/revisions"}],"predecessor-version":[{"id":4247,"href":"https:\/\/rops-opole.pl\/index.php?rest_route=\/wp\/v2\/pages\/4239\/revisions\/4247"}],"wp:attachment":[{"href":"https:\/\/rops-opole.pl\/index.php?rest_route=%2Fwp%2Fv2%2Fmedia&parent=4239"}],"wp:term":[{"taxonomy":"category","embeddable":true,"href":"https:\/\/rops-opole.pl\/index.php?rest_route=%2Fwp%2Fv2%2Fcategories&post=4239"},{"taxonomy":"post_tag","embeddable":true,"href":"https:\/\/rops-opole.pl\/index.php?rest_route=%2Fwp%2Fv2%2Ftags&post=4239"}],"curies":[{"name":"wp","href":"https:\/\/api.w.org\/{rel}","templated":true}]}}