{"id":4224,"date":"2024-07-09T14:32:27","date_gmt":"2024-07-09T12:32:27","guid":{"rendered":"https:\/\/rops-opole.pl\/?page_id=4224"},"modified":"2024-08-30T13:49:47","modified_gmt":"2024-08-30T11:49:47","slug":"otwarty-konkurs-ofert-na-realizacje-zadan-publicznych-w-zakresie-rehabilitacji-spolecznej-i-zawodowej-osob-niepelnosprawnych-ze-srodkow-panstwowego-funduszu-rehabilitacji-osob-niepelnosprawnych-w-20-3","status":"publish","type":"page","link":"https:\/\/rops-opole.pl\/?page_id=4224","title":{"rendered":"Otwarty konkurs ofert na realizacj\u0119 zada\u0144 publicznych w zakresie rehabilitacji spo\u0142ecznej i zawodowej os\u00f3b niepe\u0142nosprawnych ze \u015brodk\u00f3w Pa\u0144stwowego Funduszu Rehabilitacji Os\u00f3b Niepe\u0142nosprawnych w 2024 roku, skierowany do organizacji pozarz\u0105dowych i innych uprawnionych podmiot\u00f3w wskazanych w art. 3 ust. 3 ustawy z dnia 24 kwietnia 2003 r.\u00a0 o dzia\u0142alno\u015bci po\u017cytku publicznego i o wolontariacie \u2013 II edycja"},"content":{"rendered":"\n<!--more--><p>9.07.2024 r.<\/p>\n<ol>\n<li><a href=\"\/wp-content\/uploads\/otwarte-konkursy-ofert\/0055\/Za%C5%82%C4%85cznik%20do%20uchwa%C5%82y%20nr%20473%202024%20-%20Og%C5%82oszenie%20konkursu%20PFRON%20II%20edycja.pdf\" target=\"_blank\" rel=\"noopener\" class=\"target-blank use-tooltip\" aria-label=\"Za\u0142\u0105cznik do uchwa\u0142y Nr 473\/2024 z dnia 09.07.2024 r. \u2013 og\u0142oszenie konkursu PFRON II edycja.pdf ( dokument PDF, otworzy si\u0119 w nowym oknie)\">Za\u0142\u0105cznik do uchwa\u0142y Nr 473\/2024 z dnia 09.07.2024 r. \u2013 og\u0142oszenie konkursu PFRON II edycja.pdf<svg aria-hidden=\"true\" class=\"icon-pdf\" viewbox=\"0 0 1792 1792\"><path d=\"M1596 380q28 28 48 76t20 88v1152q0 40-28 68t-68 28h-1344q-40 0-68-28t-28-68v-1600q0-40 28-68t68-28h896q40 0 88 20t76 48zm-444-244v376h376q-10-29-22-41l-313-313q-12-12-41-22zm384 1528v-1024h-416q-40 0-68-28t-28-68v-416h-768v1536h1280zm-514-593q33 26 84 56 59-7 117-7 147 0 177 49 16 22 2 52 0 1-1 2l-2 2v1q-6 38-71 38-48 0-115-20t-130-53q-221 24-392 83-153 262-242 262-15 0-28-7l-24-12q-1-1-6-5-10-10-6-36 9-40 56-91.5t132-96.5q14-9 23 6 2 2 2 4 52-85 107-197 68-136 104-262-24-82-30.5-159.5t6.5-127.5q11-40 42-40h22q23 0 35 15 18 21 9 68-2 6-4 8 1 3 1 8v30q-2 123-14 192 55 164 146 238zm-576 411q52-24 137-158-51 40-87.5 84t-49.5 74zm398-920q-15 42-2 132 1-7 7-44 0-3 7-43 1-4 4-8-1-1-1-2t-.5-1.5-.5-1.5q-1-22-13-36 0 1-1 2v2zm-124 661q135-54 284-81-2-1-13-9.5t-16-13.5q-76-67-127-176-27 86-83 197-30 56-45 83zm646-16q-24-24-140-24 76 28 124 28 14 0 18-1 0-1-2-3z\"><\/path><\/svg><svg aria-hidden=\"true\" class=\"icon-new-window\" viewbox=\"0 0 1792 1792\"><path d=\"M1408 960v-128q0-26-19-45t-45-19h-320v-320q0-26-19-45t-45-19h-128q-26 0-45 19t-19 45v320h-320q-26 0-45 19t-19 45v128q0 26 19 45t45 19h320v320q0 26 19 45t45 19h128q26 0 45-19t19-45v-320h320q26 0 45-19t19-45zm256-544v960q0 119-84.5 203.5t-203.5 84.5h-960q-119 0-203.5-84.5t-84.5-203.5v-960q0-119 84.5-203.5t203.5-84.5h960q119 0 203.5 84.5t84.5 203.5z\"><\/path><\/svg><span class=\"tooltip\"> dokument PDF, otworzy si\u0119 w nowym oknie<\/span><\/a><\/li>\n<li><a href=\"\/wp-content\/uploads\/otwarte-konkursy-ofert\/0055\/Za%C5%82%C4%85cznik%20nr%201%20do%20og%C5%82oszenia%20-%20Karta%20oceny%20formalnej%20OKO%20PFRON%20II%20edycja.pdf\" target=\"_blank\" rel=\"noopener\" class=\"target-blank use-tooltip\" aria-label=\"Za\u0142\u0105cznik nr 1 do Og\u0142oszenia \u2013 Karta oceny formalnej.pdf ( dokument PDF, otworzy si\u0119 w nowym oknie)\">Za\u0142\u0105cznik nr 1 do Og\u0142oszenia \u2013 Karta oceny formalnej.pdf<svg aria-hidden=\"true\" class=\"icon-pdf\" viewbox=\"0 0 1792 1792\"><path d=\"M1596 380q28 28 48 76t20 88v1152q0 40-28 68t-68 28h-1344q-40 0-68-28t-28-68v-1600q0-40 28-68t68-28h896q40 0 88 20t76 48zm-444-244v376h376q-10-29-22-41l-313-313q-12-12-41-22zm384 1528v-1024h-416q-40 0-68-28t-28-68v-416h-768v1536h1280zm-514-593q33 26 84 56 59-7 117-7 147 0 177 49 16 22 2 52 0 1-1 2l-2 2v1q-6 38-71 38-48 0-115-20t-130-53q-221 24-392 83-153 262-242 262-15 0-28-7l-24-12q-1-1-6-5-10-10-6-36 9-40 56-91.5t132-96.5q14-9 23 6 2 2 2 4 52-85 107-197 68-136 104-262-24-82-30.5-159.5t6.5-127.5q11-40 42-40h22q23 0 35 15 18 21 9 68-2 6-4 8 1 3 1 8v30q-2 123-14 192 55 164 146 238zm-576 411q52-24 137-158-51 40-87.5 84t-49.5 74zm398-920q-15 42-2 132 1-7 7-44 0-3 7-43 1-4 4-8-1-1-1-2t-.5-1.5-.5-1.5q-1-22-13-36 0 1-1 2v2zm-124 661q135-54 284-81-2-1-13-9.5t-16-13.5q-76-67-127-176-27 86-83 197-30 56-45 83zm646-16q-24-24-140-24 76 28 124 28 14 0 18-1 0-1-2-3z\"><\/path><\/svg><svg aria-hidden=\"true\" class=\"icon-new-window\" viewbox=\"0 0 1792 1792\"><path d=\"M1408 960v-128q0-26-19-45t-45-19h-320v-320q0-26-19-45t-45-19h-128q-26 0-45 19t-19 45v320h-320q-26 0-45 19t-19 45v128q0 26 19 45t45 19h320v320q0 26 19 45t45 19h128q26 0 45-19t19-45v-320h320q26 0 45-19t19-45zm256-544v960q0 119-84.5 203.5t-203.5 84.5h-960q-119 0-203.5-84.5t-84.5-203.5v-960q0-119 84.5-203.5t203.5-84.5h960q119 0 203.5 84.5t84.5 203.5z\"><\/path><\/svg><span class=\"tooltip\"> dokument PDF, otworzy si\u0119 w nowym oknie<\/span><\/a><\/li>\n<li><a href=\"\/wp-content\/uploads\/otwarte-konkursy-ofert\/0055\/Za%C5%82%C4%85cznik%20nr%202%20do%20og%C5%82oszenia%20-%20Karta%20oceny%20merytorycznej%20OKO%20PFRON%20II%20edycja.pdf\" target=\"_blank\" rel=\"noopener\" class=\"target-blank use-tooltip\" aria-label=\"Za\u0142\u0105cznik nr 2 do Og\u0142oszenia- Karta oceny merytorycznej.pdf ( dokument PDF, otworzy si\u0119 w nowym oknie)\">Za\u0142\u0105cznik nr 2 do Og\u0142oszenia- Karta oceny merytorycznej.pdf<svg aria-hidden=\"true\" class=\"icon-pdf\" viewbox=\"0 0 1792 1792\"><path d=\"M1596 380q28 28 48 76t20 88v1152q0 40-28 68t-68 28h-1344q-40 0-68-28t-28-68v-1600q0-40 28-68t68-28h896q40 0 88 20t76 48zm-444-244v376h376q-10-29-22-41l-313-313q-12-12-41-22zm384 1528v-1024h-416q-40 0-68-28t-28-68v-416h-768v1536h1280zm-514-593q33 26 84 56 59-7 117-7 147 0 177 49 16 22 2 52 0 1-1 2l-2 2v1q-6 38-71 38-48 0-115-20t-130-53q-221 24-392 83-153 262-242 262-15 0-28-7l-24-12q-1-1-6-5-10-10-6-36 9-40 56-91.5t132-96.5q14-9 23 6 2 2 2 4 52-85 107-197 68-136 104-262-24-82-30.5-159.5t6.5-127.5q11-40 42-40h22q23 0 35 15 18 21 9 68-2 6-4 8 1 3 1 8v30q-2 123-14 192 55 164 146 238zm-576 411q52-24 137-158-51 40-87.5 84t-49.5 74zm398-920q-15 42-2 132 1-7 7-44 0-3 7-43 1-4 4-8-1-1-1-2t-.5-1.5-.5-1.5q-1-22-13-36 0 1-1 2v2zm-124 661q135-54 284-81-2-1-13-9.5t-16-13.5q-76-67-127-176-27 86-83 197-30 56-45 83zm646-16q-24-24-140-24 76 28 124 28 14 0 18-1 0-1-2-3z\"><\/path><\/svg><svg aria-hidden=\"true\" class=\"icon-new-window\" viewbox=\"0 0 1792 1792\"><path d=\"M1408 960v-128q0-26-19-45t-45-19h-320v-320q0-26-19-45t-45-19h-128q-26 0-45 19t-19 45v320h-320q-26 0-45 19t-19 45v128q0 26 19 45t45 19h320v320q0 26 19 45t45 19h128q26 0 45-19t19-45v-320h320q26 0 45-19t19-45zm256-544v960q0 119-84.5 203.5t-203.5 84.5h-960q-119 0-203.5-84.5t-84.5-203.5v-960q0-119 84.5-203.5t203.5-84.5h960q119 0 203.5 84.5t84.5 203.5z\"><\/path><\/svg><span class=\"tooltip\"> dokument PDF, otworzy si\u0119 w nowym oknie<\/span><\/a><\/li>\n<\/ol>\n<p>30.08.2024 r.<\/p>\n<ol start=\"4\">\n<li><a href=\"\/wp-content\/uploads\/otwarte-konkursy-ofert\/0055\/Uchwa%C5%82a%20nr%20818%20z%20dn.%2028.08.2024%20-%20rozstrzygni%C4%99cie.pdf\" target=\"_blank\" rel=\"noopener\" class=\"target-blank use-tooltip\" aria-label=\"Uchwa\u0142a nr 818 z dn. 28.08.2024 \u2013 rozstrzygni\u0119cie.pdf ( dokument PDF, otworzy si\u0119 w nowym oknie)\">Uchwa\u0142a nr 818 z dn. 28.08.2024 \u2013 rozstrzygni\u0119cie.pdf<svg aria-hidden=\"true\" class=\"icon-pdf\" viewbox=\"0 0 1792 1792\"><path d=\"M1596 380q28 28 48 76t20 88v1152q0 40-28 68t-68 28h-1344q-40 0-68-28t-28-68v-1600q0-40 28-68t68-28h896q40 0 88 20t76 48zm-444-244v376h376q-10-29-22-41l-313-313q-12-12-41-22zm384 1528v-1024h-416q-40 0-68-28t-28-68v-416h-768v1536h1280zm-514-593q33 26 84 56 59-7 117-7 147 0 177 49 16 22 2 52 0 1-1 2l-2 2v1q-6 38-71 38-48 0-115-20t-130-53q-221 24-392 83-153 262-242 262-15 0-28-7l-24-12q-1-1-6-5-10-10-6-36 9-40 56-91.5t132-96.5q14-9 23 6 2 2 2 4 52-85 107-197 68-136 104-262-24-82-30.5-159.5t6.5-127.5q11-40 42-40h22q23 0 35 15 18 21 9 68-2 6-4 8 1 3 1 8v30q-2 123-14 192 55 164 146 238zm-576 411q52-24 137-158-51 40-87.5 84t-49.5 74zm398-920q-15 42-2 132 1-7 7-44 0-3 7-43 1-4 4-8-1-1-1-2t-.5-1.5-.5-1.5q-1-22-13-36 0 1-1 2v2zm-124 661q135-54 284-81-2-1-13-9.5t-16-13.5q-76-67-127-176-27 86-83 197-30 56-45 83zm646-16q-24-24-140-24 76 28 124 28 14 0 18-1 0-1-2-3z\"><\/path><\/svg><svg aria-hidden=\"true\" class=\"icon-new-window\" viewbox=\"0 0 1792 1792\"><path d=\"M1408 960v-128q0-26-19-45t-45-19h-320v-320q0-26-19-45t-45-19h-128q-26 0-45 19t-19 45v320h-320q-26 0-45 19t-19 45v128q0 26 19 45t45 19h320v320q0 26 19 45t45 19h128q26 0 45-19t19-45v-320h320q26 0 45-19t19-45zm256-544v960q0 119-84.5 203.5t-203.5 84.5h-960q-119 0-203.5-84.5t-84.5-203.5v-960q0-119 84.5-203.5t203.5-84.5h960q119 0 203.5 84.5t84.5 203.5z\"><\/path><\/svg><span class=\"tooltip\"> dokument PDF, otworzy si\u0119 w nowym oknie<\/span><\/a><\/li>\n<li><a href=\"\/wp-content\/uploads\/otwarte-konkursy-ofert\/0055\/Za%C5%82%C4%85cznik%20nr%201%20do%20uchwa%C5%82y%20nr%20818%20z%20dn.%2028.08.2024%20-%20Wykaz%20podmiot%C3%B3w.pdf\" target=\"_blank\" rel=\"noopener\" class=\"target-blank use-tooltip\" aria-label=\"Za\u0142\u0105cznik nr 1 do uchwa\u0142y nr 818 z dn. 28.08.2024 \u2013 Wykaz podmiot\u00f3w.pdf ( dokument PDF, otworzy si\u0119 w nowym oknie)\">Za\u0142\u0105cznik nr 1 do uchwa\u0142y nr 818 z dn. 28.08.2024 \u2013 Wykaz podmiot\u00f3w.pdf<svg aria-hidden=\"true\" class=\"icon-pdf\" viewbox=\"0 0 1792 1792\"><path d=\"M1596 380q28 28 48 76t20 88v1152q0 40-28 68t-68 28h-1344q-40 0-68-28t-28-68v-1600q0-40 28-68t68-28h896q40 0 88 20t76 48zm-444-244v376h376q-10-29-22-41l-313-313q-12-12-41-22zm384 1528v-1024h-416q-40 0-68-28t-28-68v-416h-768v1536h1280zm-514-593q33 26 84 56 59-7 117-7 147 0 177 49 16 22 2 52 0 1-1 2l-2 2v1q-6 38-71 38-48 0-115-20t-130-53q-221 24-392 83-153 262-242 262-15 0-28-7l-24-12q-1-1-6-5-10-10-6-36 9-40 56-91.5t132-96.5q14-9 23 6 2 2 2 4 52-85 107-197 68-136 104-262-24-82-30.5-159.5t6.5-127.5q11-40 42-40h22q23 0 35 15 18 21 9 68-2 6-4 8 1 3 1 8v30q-2 123-14 192 55 164 146 238zm-576 411q52-24 137-158-51 40-87.5 84t-49.5 74zm398-920q-15 42-2 132 1-7 7-44 0-3 7-43 1-4 4-8-1-1-1-2t-.5-1.5-.5-1.5q-1-22-13-36 0 1-1 2v2zm-124 661q135-54 284-81-2-1-13-9.5t-16-13.5q-76-67-127-176-27 86-83 197-30 56-45 83zm646-16q-24-24-140-24 76 28 124 28 14 0 18-1 0-1-2-3z\"><\/path><\/svg><svg aria-hidden=\"true\" class=\"icon-new-window\" viewbox=\"0 0 1792 1792\"><path d=\"M1408 960v-128q0-26-19-45t-45-19h-320v-320q0-26-19-45t-45-19h-128q-26 0-45 19t-19 45v320h-320q-26 0-45 19t-19 45v128q0 26 19 45t45 19h320v320q0 26 19 45t45 19h128q26 0 45-19t19-45v-320h320q26 0 45-19t19-45zm256-544v960q0 119-84.5 203.5t-203.5 84.5h-960q-119 0-203.5-84.5t-84.5-203.5v-960q0-119 84.5-203.5t203.5-84.5h960q119 0 203.5 84.5t84.5 203.5z\"><\/path><\/svg><span class=\"tooltip\"> dokument PDF, otworzy si\u0119 w nowym oknie<\/span><\/a><\/li>\n<li><a href=\"\/wp-content\/uploads\/otwarte-konkursy-ofert\/0055\/Za%C5%82%C4%85cznik%20nr%202%20do%20uchwa%C5%82y%20nr%20818%20z%20dn.%2028.08.2024%20-%20Wykaz%20przyznanych%20dotacji.pdf\" target=\"_blank\" rel=\"noopener\" class=\"target-blank use-tooltip\" aria-label=\"Za\u0142\u0105cznik nr 2 do uchwa\u0142y nr 818 z dn. 28.08.2024 \u2013 Wykaz przyznanych dotacji.pdf ( dokument PDF, otworzy si\u0119 w nowym oknie)\">Za\u0142\u0105cznik nr 2 do uchwa\u0142y nr 818 z dn. 28.08.2024 \u2013 Wykaz przyznanych dotacji.pdf<svg aria-hidden=\"true\" class=\"icon-pdf\" viewbox=\"0 0 1792 1792\"><path d=\"M1596 380q28 28 48 76t20 88v1152q0 40-28 68t-68 28h-1344q-40 0-68-28t-28-68v-1600q0-40 28-68t68-28h896q40 0 88 20t76 48zm-444-244v376h376q-10-29-22-41l-313-313q-12-12-41-22zm384 1528v-1024h-416q-40 0-68-28t-28-68v-416h-768v1536h1280zm-514-593q33 26 84 56 59-7 117-7 147 0 177 49 16 22 2 52 0 1-1 2l-2 2v1q-6 38-71 38-48 0-115-20t-130-53q-221 24-392 83-153 262-242 262-15 0-28-7l-24-12q-1-1-6-5-10-10-6-36 9-40 56-91.5t132-96.5q14-9 23 6 2 2 2 4 52-85 107-197 68-136 104-262-24-82-30.5-159.5t6.5-127.5q11-40 42-40h22q23 0 35 15 18 21 9 68-2 6-4 8 1 3 1 8v30q-2 123-14 192 55 164 146 238zm-576 411q52-24 137-158-51 40-87.5 84t-49.5 74zm398-920q-15 42-2 132 1-7 7-44 0-3 7-43 1-4 4-8-1-1-1-2t-.5-1.5-.5-1.5q-1-22-13-36 0 1-1 2v2zm-124 661q135-54 284-81-2-1-13-9.5t-16-13.5q-76-67-127-176-27 86-83 197-30 56-45 83zm646-16q-24-24-140-24 76 28 124 28 14 0 18-1 0-1-2-3z\"><\/path><\/svg><svg aria-hidden=\"true\" class=\"icon-new-window\" viewbox=\"0 0 1792 1792\"><path d=\"M1408 960v-128q0-26-19-45t-45-19h-320v-320q0-26-19-45t-45-19h-128q-26 0-45 19t-19 45v320h-320q-26 0-45 19t-19 45v128q0 26 19 45t45 19h320v320q0 26 19 45t45 19h128q26 0 45-19t19-45v-320h320q26 0 45-19t19-45zm256-544v960q0 119-84.5 203.5t-203.5 84.5h-960q-119 0-203.5-84.5t-84.5-203.5v-960q0-119 84.5-203.5t203.5-84.5h960q119 0 203.5 84.5t84.5 203.5z\"><\/path><\/svg><span class=\"tooltip\"> dokument PDF, otworzy si\u0119 w nowym oknie<\/span><\/a><\/li>\n<\/ol>\n\n\n\n<p><\/p>\n\n","protected":false},"excerpt":{"rendered":null,"protected":false},"author":1,"featured_media":0,"parent":0,"menu_order":0,"comment_status":"closed","ping_status":"closed","template":"","meta":{"footnotes":""},"categories":[3,21],"tags":[],"class_list":["post-4224","page","type-page","status-publish","hentry","category-otwarte-konkursy-ofert","category-otwarte-konkursy-ofert-zakonczone"],"_links":{"self":[{"href":"https:\/\/rops-opole.pl\/index.php?rest_route=\/wp\/v2\/pages\/4224","targetHints":{"allow":["GET"]}}],"collection":[{"href":"https:\/\/rops-opole.pl\/index.php?rest_route=\/wp\/v2\/pages"}],"about":[{"href":"https:\/\/rops-opole.pl\/index.php?rest_route=\/wp\/v2\/types\/page"}],"author":[{"embeddable":true,"href":"https:\/\/rops-opole.pl\/index.php?rest_route=\/wp\/v2\/users\/1"}],"replies":[{"embeddable":true,"href":"https:\/\/rops-opole.pl\/index.php?rest_route=%2Fwp%2Fv2%2Fcomments&post=4224"}],"version-history":[{"count":5,"href":"https:\/\/rops-opole.pl\/index.php?rest_route=\/wp\/v2\/pages\/4224\/revisions"}],"predecessor-version":[{"id":4381,"href":"https:\/\/rops-opole.pl\/index.php?rest_route=\/wp\/v2\/pages\/4224\/revisions\/4381"}],"wp:attachment":[{"href":"https:\/\/rops-opole.pl\/index.php?rest_route=%2Fwp%2Fv2%2Fmedia&parent=4224"}],"wp:term":[{"taxonomy":"category","embeddable":true,"href":"https:\/\/rops-opole.pl\/index.php?rest_route=%2Fwp%2Fv2%2Fcategories&post=4224"},{"taxonomy":"post_tag","embeddable":true,"href":"https:\/\/rops-opole.pl\/index.php?rest_route=%2Fwp%2Fv2%2Ftags&post=4224"}],"curies":[{"name":"wp","href":"https:\/\/api.w.org\/{rel}","templated":true}]}}