{"id":3749,"date":"2024-03-20T23:06:59","date_gmt":"2024-03-20T22:06:59","guid":{"rendered":"https:\/\/rops-opole.pl\/?page_id=3749"},"modified":"2024-03-25T12:38:33","modified_gmt":"2024-03-25T11:38:33","slug":"katalog-firm","status":"publish","type":"page","link":"https:\/\/rops-opole.pl\/?page_id=3749","title":{"rendered":"Ksi\u0105\u017cka teleadresowa"},"content":{"rendered":"\n<table id=\"tablepress-1\" class=\"tablepress tablepress-id-1\">\n<thead>\n<tr class=\"row-1\">\n\t<th class=\"column-1\">Nazwisko, imi\u0119 i stanowisko<\/th><th class=\"column-2\">Kom\u00f3rka organizacyjna<\/th><th class=\"column-3\">Adres<\/th><th class=\"column-4\">Telefon s\u0142u\u017cbowy<\/th>\n<\/tr>\n<\/thead>\n<tbody class=\"row-striping row-hover\">\n<tr class=\"row-2\">\n\t<td class=\"column-1\">Wojdy\u0142a Dorota - Sekretarka, Archiwistka<\/td><td class=\"column-2\">Referat Organizacyjno-Administracyjny - Sekretariat<\/td><td class=\"column-3\">ul. G\u0142ogowska 25C<br>\n45-315 Opole<\/td><td class=\"column-4\">77 455 19 00<\/td>\n<\/tr>\n<tr class=\"row-3\">\n\t<td class=\"column-1\">Szyma\u0144ska Marta - O\u015brodek Adopcyjny w Opolu - Sekretariat<\/td><td class=\"column-2\">O\u015brodek Adopcyjny w Opolu - Sekretariat<\/td><td class=\"column-3\">ul. Rejtana 5 45-331 Opole<\/td><td class=\"column-4\">77 456 55 86<\/td>\n<\/tr>\n<tr class=\"row-4\">\n\t<td class=\"column-1\">Podobi\u0144ska Izabela - Kierownik Referatu Dotacji i Kontroli<\/td><td class=\"column-2\">Referat Dotacji i Kontroli<\/td><td class=\"column-3\">ul. Rejtana 5 45-331 Opole<\/td><td class=\"column-4\">77 456 58 93<\/td>\n<\/tr>\n<tr class=\"row-5\">\n\t<td class=\"column-1\">Janowska Agnieszka - G\u0142\u00f3wny specjalista<\/td><td class=\"column-2\">Referat Dotacji i Kontroli<\/td><td class=\"column-3\">ul. Rejtana 5 45-331 Opole<\/td><td class=\"column-4\">77 456 58 94<\/td>\n<\/tr>\n<tr class=\"row-6\">\n\t<td class=\"column-1\">Mazur Sylwia - G\u0142\u00f3wny specjalista<\/td><td class=\"column-2\">Referat Dotacji i Kontroli<\/td><td class=\"column-3\">ul. Rejtana 5 45-331 Opole<\/td><td class=\"column-4\">77 456 58 94<\/td>\n<\/tr>\n<tr class=\"row-7\">\n\t<td class=\"column-1\">Weso\u0142owska Anna - Starszy specjalista<\/td><td class=\"column-2\">Referat Dotacji i Kontroli<\/td><td class=\"column-3\">ul. Rejtana 5 45-331 Opole<\/td><td class=\"column-4\">77 456 80 67<\/td>\n<\/tr>\n<tr class=\"row-8\">\n\t<td class=\"column-1\">Widuli\u0144ska Ma\u0142gorzata - Starszy inspektor<\/td><td class=\"column-2\">Referat Dotacji i Kontroli<\/td><td class=\"column-3\">ul. Rejtana 5 45-331 Opole<\/td><td class=\"column-4\">77 455 19 05<\/td>\n<\/tr>\n<tr class=\"row-9\">\n\t<td class=\"column-1\">J\u0119drych Iwona - G\u0142\u00f3wny ksi\u0119gowy<\/td><td class=\"column-2\">Referat Finansowo-Ksi\u0119gowy<\/td><td class=\"column-3\">ul. G\u0142ogowska 25C<br>\n45-315 Opole<\/td><td class=\"column-4\">77 455 12 29<\/td>\n<\/tr>\n<tr class=\"row-10\">\n\t<td class=\"column-1\">Szczepa\u0144ski Waldemar - Kierownik Referatu Finansowo-Ksi\u0119gowego, Z-ca G\u0142\u00f3wnego Ksi\u0119gowego<\/td><td class=\"column-2\">Referat Finansowo-Ksi\u0119gowy<\/td><td class=\"column-3\">ul. G\u0142ogowska 25C<br>\n45-315 Opole<\/td><td class=\"column-4\">77 455 12 25<\/td>\n<\/tr>\n<tr class=\"row-11\">\n\t<td class=\"column-1\">Browko Monika - Specjalista<\/td><td class=\"column-2\">Referat Finansowo-Ksi\u0119gowy<\/td><td class=\"column-3\">ul. G\u0142ogowska 25C<br>\n45-315 Opole<\/td><td class=\"column-4\">77 456 80 68<\/td>\n<\/tr>\n<tr class=\"row-12\">\n\t<td class=\"column-1\">D\u0119bicka Mariola - Inspektor<\/td><td class=\"column-2\">Referat Finansowo-Ksi\u0119gowy<\/td><td class=\"column-3\">ul. G\u0142ogowska 25C<br>\n45-315 Opole<\/td><td class=\"column-4\">77 455 12 28<\/td>\n<\/tr>\n<tr class=\"row-13\">\n\t<td class=\"column-1\">Filipkowski Grzegorz - G\u0142\u00f3wny specjalista<\/td><td class=\"column-2\">Referat Finansowo-Ksi\u0119gowy<\/td><td class=\"column-3\">ul. G\u0142ogowska 25C<br>\n45-315 Opole<\/td><td class=\"column-4\">77 455 12 24<\/td>\n<\/tr>\n<tr class=\"row-14\">\n\t<td class=\"column-1\">H\u0142adysz Katarzyna - Starszy specjalista<\/td><td class=\"column-2\">Referat Finansowo-Ksi\u0119gowy<\/td><td class=\"column-3\">ul. G\u0142ogowska 25C<br>\n45-315 Opole<\/td><td class=\"column-4\">77 455 12 28<\/td>\n<\/tr>\n<tr class=\"row-15\">\n\t<td class=\"column-1\">Kowarska Joanna - G\u0142\u00f3wny specjalista ds. kadr i p\u0142ac<\/td><td class=\"column-2\">Referat Finansowo-Ksi\u0119gowy<\/td><td class=\"column-3\">ul. G\u0142ogowska 25C<br>\n45-315 Opole<\/td><td class=\"column-4\">77 455 12 23<\/td>\n<\/tr>\n<tr class=\"row-16\">\n\t<td class=\"column-1\">Lipi\u0144ska-Gruchlik Ewa - Inspektor<\/td><td class=\"column-2\">Referat Finansowo-Ksi\u0119gowy<\/td><td class=\"column-3\">ul. G\u0142ogowska 25C<br>\n45-315 Opole<\/td><td class=\"column-4\">77 455 12 28<\/td>\n<\/tr>\n<tr class=\"row-17\">\n\t<td class=\"column-1\">Pluta Ma\u0142gorzata - Specjalista<\/td><td class=\"column-2\">Referat Finansowo-Ksi\u0119gowy<\/td><td class=\"column-3\">ul. G\u0142ogowska 25C<br>\n45-315 Opole<\/td><td class=\"column-4\">77 456 80 68<\/td>\n<\/tr>\n<tr class=\"row-18\">\n\t<td class=\"column-1\">Kluger Anna - Kierownik Referatu Integracji i Pomocy Spo\u0142ecznej<\/td><td class=\"column-2\">Referat Integracji i Pomocy Spo\u0142ecznej<\/td><td class=\"column-3\">ul. Rejtana 5 45-331 Opole<\/td><td class=\"column-4\">77 455 19 06<\/td>\n<\/tr>\n<tr class=\"row-19\">\n\t<td class=\"column-1\">Andrejczuk Julia - Inspektor<\/td><td class=\"column-2\">Referat Integracji i Pomocy Spo\u0142ecznej<\/td><td class=\"column-3\">ul. Rejtana 5 45-331 Opole<\/td><td class=\"column-4\">77 456 80 65<\/td>\n<\/tr>\n<tr class=\"row-20\">\n\t<td class=\"column-1\">Horodyska-Piontkowska Agnieszka - G\u0142\u00f3wny specjalista<\/td><td class=\"column-2\">Referat Integracji i Pomocy Spo\u0142ecznej<\/td><td class=\"column-3\">ul. Rejtana 5 45-331 Opole<\/td><td class=\"column-4\">77 455 19 04<\/td>\n<\/tr>\n<tr class=\"row-21\">\n\t<td class=\"column-1\">Krzak \u0141ukasz - Inspektor<\/td><td class=\"column-2\">Referat Integracji i Pomocy Spo\u0142ecznej<\/td><td class=\"column-3\">ul. Rejtana 5 45-331 Opole<\/td><td class=\"column-4\">77 455 19 07<\/td>\n<\/tr>\n<tr class=\"row-22\">\n\t<td class=\"column-1\">Mrukot-Kostrzycka Martyna - Starszy specjalista<\/td><td class=\"column-2\">Referat Integracji i Pomocy Spo\u0142ecznej<\/td><td class=\"column-3\">ul. Rejtana 5 45-331 Opole<\/td><td class=\"column-4\">77 456 80 65<\/td>\n<\/tr>\n<tr class=\"row-23\">\n\t<td class=\"column-1\">Pydych Anna - G\u0142\u00f3wny specjalista<\/td><td class=\"column-2\">Referat Integracji i Pomocy Spo\u0142ecznej<\/td><td class=\"column-3\">ul. Rejtana 5 45-331 Opole<\/td><td class=\"column-4\">77 455 19 02<\/td>\n<\/tr>\n<tr class=\"row-24\">\n\t<td class=\"column-1\">Trojnar Barbara - G\u0142\u00f3wny specjalista ds. program\u00f3w i wsp\u00f3\u0142pracy z organizacjami pozarz\u0105dowymi<\/td><td class=\"column-2\">Referat Integracji i Pomocy Spo\u0142ecznej<\/td><td class=\"column-3\">ul. Rejtana 5 45-331 Opole<\/td><td class=\"column-4\">77 455 19 09<\/td>\n<\/tr>\n<tr class=\"row-25\">\n\t<td class=\"column-1\">Bilik Dominika - Starszy specjalista<\/td><td class=\"column-2\">Zesp\u00f3\u0142 ds. Obs\u0142ugi Projektu SWSW<\/td><td class=\"column-3\">ul. G\u0142ogowska 25C<br>\n45-315 Opole<\/td><td class=\"column-4\">77 456 80 66<\/td>\n<\/tr>\n<tr class=\"row-26\">\n\t<td class=\"column-1\">Zawieja Karina - G\u0142\u00f3wny specjalista<\/td><td class=\"column-2\">Zesp\u00f3\u0142 ds. Obs\u0142ugi Projektu SWSW<\/td><td class=\"column-3\">ul. G\u0142ogowska 25C<br>\n45-315 Opole<\/td><td class=\"column-4\"> 77 456 80 66<\/td>\n<\/tr>\n<tr class=\"row-27\">\n\t<td class=\"column-1\">Skar\u017cy\u0144ska Ewa - Kierownik Referatu Organizacyjno-Administracyjnego<\/td><td class=\"column-2\">Referat Organizacyjno-Administracyjny<\/td><td class=\"column-3\">ul. G\u0142ogowska 25C<br>\n45-315 Opole<\/td><td class=\"column-4\">77 456 58 95<\/td>\n<\/tr>\n<tr class=\"row-28\">\n\t<td class=\"column-1\">Kampa Rafa\u0142 - G\u0142\u00f3wny specjalista ds. informacji i promocji<\/td><td class=\"column-2\">Referat Organizacyjno-Administracyjny<\/td><td class=\"column-3\">ul. G\u0142ogowska 25C<br>\n45-315 Opole<\/td><td class=\"column-4\">77 455 19 08<\/td>\n<\/tr>\n<tr class=\"row-29\">\n\t<td class=\"column-1\">Ko\u017cuch Mateusz - Pomoc administracyjna<\/td><td class=\"column-2\">Referat Organizacyjno-Administracyjny<\/td><td class=\"column-3\">ul. G\u0142ogowska 25C<br>\n45-315 Opole<\/td><td class=\"column-4\">77 455 12 26<\/td>\n<\/tr>\n<tr class=\"row-30\">\n\t<td class=\"column-1\">Lisowski Dariusz - G\u0142\u00f3wny specjalista ds. informatyki<\/td><td class=\"column-2\">Referat Organizacyjno-Administracyjny<\/td><td class=\"column-3\">ul. G\u0142ogowska 25C<br>\n45-315 Opole<\/td><td class=\"column-4\">77 455 12 26<\/td>\n<\/tr>\n<tr class=\"row-31\">\n\t<td class=\"column-1\">Pawlin\u00f3w Piotr - Pomoc administracyjna<\/td><td class=\"column-2\">Referat Organizacyjno-Administracyjny<\/td><td class=\"column-3\">ul. G\u0142ogowska 25C<br>\n45-315 Opole<\/td><td class=\"column-4\">77 455 19 08<\/td>\n<\/tr>\n<tr class=\"row-32\">\n\t<td class=\"column-1\">Rokosz Barbara - G\u0142\u00f3wny specjalista ds. zam\u00f3wie\u0144 publicznych<\/td><td class=\"column-2\">Referat Organizacyjno-Administracyjny<\/td><td class=\"column-3\">ul. G\u0142ogowska 25C<br>\n45-315 Opole<\/td><td class=\"column-4\">77 456 58 95<\/td>\n<\/tr>\n<tr class=\"row-33\">\n\t<td class=\"column-1\">Kozio\u0142ek Krzysztof - Radca prawny<\/td><td class=\"column-2\">Zesp\u00f3\u0142 Radc\u00f3w Prawnych<\/td><td class=\"column-3\">ul. G\u0142ogowska 25C<br>\n45-315 Opole<\/td><td class=\"column-4\">77 455 19 10<\/td>\n<\/tr>\n<tr class=\"row-34\">\n\t<td class=\"column-1\">Zaremba Grzegorz - Radca prawny<\/td><td class=\"column-2\">Zesp\u00f3\u0142 Radc\u00f3w Prawnych<\/td><td class=\"column-3\">ul. Rejtana 5 45-331 Opole<\/td><td class=\"column-4\">77 455 19 03<\/td>\n<\/tr>\n<tr class=\"row-35\">\n\t<td class=\"column-1\">\u0141asi\u0144ska-\u015awiat\u0142och Halina - Kierownik Obserwatorium Polityki Spo\u0142ecznej<\/td><td class=\"column-2\">Obserwatorium Polityki Spo\u0142ecznej\/Centrum Promocji i Rozwoju Ekonomii Spo\u0142ecznej<\/td><td class=\"column-3\">ul. Rejtana 5 45-331 Opole<\/td><td class=\"column-4\">77 456 58 91<\/td>\n<\/tr>\n<tr class=\"row-36\">\n\t<td class=\"column-1\">Karli\u0144ska Anna - G\u0142\u00f3wny specjalista<\/td><td class=\"column-2\">Obserwatorium Polityki Spo\u0142ecznej\/Centrum Promocji i Rozwoju Ekonomii Spo\u0142ecznej<\/td><td class=\"column-3\">ul. Rejtana 5 45-331 Opole<\/td><td class=\"column-4\">77 456 58 91<\/td>\n<\/tr>\n<tr class=\"row-37\">\n\t<td class=\"column-1\">Nied\u017awied\u017a Katarzyna - Starszy specjalista<\/td><td class=\"column-2\">Obserwatorium Polityki Spo\u0142ecznej\/Centrum Promocji i Rozwoju Ekonomii Spo\u0142ecznej<\/td><td class=\"column-3\">ul. Rejtana 5 45-331 Opole<\/td><td class=\"column-4\">77 456 58 88<\/td>\n<\/tr>\n<tr class=\"row-38\">\n\t<td class=\"column-1\">Wacowska Ma\u0142gorzata - Inspektor<\/td><td class=\"column-2\">Obserwatorium Polityki Spo\u0142ecznej\/Centrum Promocji i Rozwoju Ekonomii Spo\u0142ecznej<\/td><td class=\"column-3\">ul. Rejtana 5 45-331 Opole<\/td><td class=\"column-4\">77 456 58 88<\/td>\n<\/tr>\n<tr class=\"row-39\">\n\t<td class=\"column-1\">W\u0142odarska Karolina - Starszy specjalista<\/td><td class=\"column-2\">Obserwatorium Polityki Spo\u0142ecznej\/Centrum Promocji i Rozwoju Ekonomii Spo\u0142ecznej<\/td><td class=\"column-3\">ul. Rejtana 5 45-331 Opole<\/td><td class=\"column-4\">77 456 58 86<\/td>\n<\/tr>\n<tr class=\"row-40\">\n\t<td class=\"column-1\">Wolny Beata - Inspektor ds. szkole\u0144<\/td><td class=\"column-2\">Obserwatorium Polityki Spo\u0142ecznej\/Centrum Promocji i Rozwoju Ekonomii Spo\u0142ecznej<\/td><td class=\"column-3\">ul. Rejtana 5 45-331 Opole<\/td><td class=\"column-4\">77 456 58 89<\/td>\n<\/tr>\n<tr class=\"row-41\">\n\t<td class=\"column-1\">Zaborska Karolina - G\u0142\u00f3wny specjalista ds. ekonomii spo\u0142ecznej<\/td><td class=\"column-2\">Obserwatorium Polityki Spo\u0142ecznej\/Centrum Promocji i Rozwoju Ekonomii Spo\u0142ecznej<\/td><td class=\"column-3\">ul. Rejtana 5 45-331 Opole<\/td><td class=\"column-4\">77 456 58 86<\/td>\n<\/tr>\n<tr class=\"row-42\">\n\t<td class=\"column-1\">\u017burawska-Le\u015bk\u00f3w Katarzyna - G\u0142\u00f3wny specjalista ds. bada\u0144 i analiz<\/td><td class=\"column-2\">Obserwatorium Polityki Spo\u0142ecznej\/Centrum Promocji i Rozwoju Ekonomii Spo\u0142ecznej<\/td><td class=\"column-3\">ul. Rejtana 5 45-331 Opole<\/td><td class=\"column-4\">77 456 58 92<\/td>\n<\/tr>\n<tr class=\"row-43\">\n\t<td class=\"column-1\">Skirzewska Ewa - Kierownik O\u015brodka Adopcyjnego<\/td><td class=\"column-2\">O\u015brodek Adopcyjny w Opolu<\/td><td class=\"column-3\">ul. Rejtana 5 45-331 Opole<\/td><td class=\"column-4\">77 456 58 87<\/td>\n<\/tr>\n<tr class=\"row-44\">\n\t<td class=\"column-1\">Dr\u00f3\u017cd\u017c Joanna - Pedagog ds. adopcji<\/td><td class=\"column-2\">O\u015brodek Adopcyjny w Opolu<\/td><td class=\"column-3\">ul. Rejtana 5 45-331 Opole<\/td><td class=\"column-4\">77 456 23 83<\/td>\n<\/tr>\n<tr class=\"row-45\">\n\t<td class=\"column-1\">Kokowska Ma\u0142gorzata - Psycholog ds. adopcji<\/td><td class=\"column-2\">O\u015brodek Adopcyjny w Opolu<\/td><td class=\"column-3\">ul. Rejtana 5 45-331 Opole<\/td><td class=\"column-4\">77 456 23 82<\/td>\n<\/tr>\n<tr class=\"row-46\">\n\t<td class=\"column-1\">Smolnik Bernadetta - Psycholog ds. adopcji<\/td><td class=\"column-2\">O\u015brodek Adopcyjny w Opolu<\/td><td class=\"column-3\">ul. Rejtana 5 45-331 Opole<\/td><td class=\"column-4\">77 456 23 82<\/td>\n<\/tr>\n<tr class=\"row-47\">\n\t<td class=\"column-1\">Trepka Agnieszka - Pedagog ds. adopcji<\/td><td class=\"column-2\">O\u015brodek Adopcyjny w Opolu<\/td><td class=\"column-3\">ul. Rejtana 5 45-331 Opole<\/td><td class=\"column-4\">77 456 23 83<\/td>\n<\/tr>\n<tr class=\"row-48\">\n\t<td class=\"column-1\">Pawelec Alicja - Psycholog<\/td><td class=\"column-2\">O\u015brodek Adopcyjny w Opolu - Sekcja zamiejscowa w Nysie<\/td><td class=\"column-3\">ul. Pi\u0142sudskiego 47 48-303 Nysa<\/td><td class=\"column-4\">77 407 80 54, 532 107 170<\/td>\n<\/tr>\n<tr class=\"row-49\">\n\t<td class=\"column-1\">Sumis\u0142awska Sara - Pedagog ds. adopcji<\/td><td class=\"column-2\">O\u015brodek Adopcyjny w Opolu - Sekcja zamiejscowa w Nysie<\/td><td class=\"column-3\">ul. Pi\u0142sudskiego 47 48-303 Nysa<\/td><td class=\"column-4\">77 407 80 54<\/td>\n<\/tr>\n<tr class=\"row-50\">\n\t<td class=\"column-1\">Gabruk Agnieszka - Dyrektor<\/td><td class=\"column-2\">Dyrekcja<\/td><td class=\"column-3\">ul. G\u0142ogowska 25C<br>\n45-315 Opole<\/td><td class=\"column-4\">77 455 19 00<\/td>\n<\/tr>\n<tr class=\"row-51\">\n\t<td class=\"column-1\">Kijak Adam - Zast\u0119pca Dyrektora<\/td><td class=\"column-2\">Dyrekcja<\/td><td class=\"column-3\">ul. Rejtana 5 45-331 Opole<\/td><td class=\"column-4\">77 456 58 90<\/td>\n<\/tr>\n<\/tbody>\n<\/table>\n<!-- #tablepress-1 from cache -->\n\n","protected":false},"excerpt":{"rendered":null,"protected":false},"author":1,"featured_media":0,"parent":0,"menu_order":0,"comment_status":"closed","ping_status":"closed","template":"","meta":{"footnotes":""},"categories":[],"tags":[],"class_list":["post-3749","page","type-page","status-publish","hentry"],"_links":{"self":[{"href":"https:\/\/rops-opole.pl\/index.php?rest_route=\/wp\/v2\/pages\/3749","targetHints":{"allow":["GET"]}}],"collection":[{"href":"https:\/\/rops-opole.pl\/index.php?rest_route=\/wp\/v2\/pages"}],"about":[{"href":"https:\/\/rops-opole.pl\/index.php?rest_route=\/wp\/v2\/types\/page"}],"author":[{"embeddable":true,"href":"https:\/\/rops-opole.pl\/index.php?rest_route=\/wp\/v2\/users\/1"}],"replies":[{"embeddable":true,"href":"https:\/\/rops-opole.pl\/index.php?rest_route=%2Fwp%2Fv2%2Fcomments&post=3749"}],"version-history":[{"count":3,"href":"https:\/\/rops-opole.pl\/index.php?rest_route=\/wp\/v2\/pages\/3749\/revisions"}],"predecessor-version":[{"id":3792,"href":"https:\/\/rops-opole.pl\/index.php?rest_route=\/wp\/v2\/pages\/3749\/revisions\/3792"}],"wp:attachment":[{"href":"https:\/\/rops-opole.pl\/index.php?rest_route=%2Fwp%2Fv2%2Fmedia&parent=3749"}],"wp:term":[{"taxonomy":"category","embeddable":true,"href":"https:\/\/rops-opole.pl\/index.php?rest_route=%2Fwp%2Fv2%2Fcategories&post=3749"},{"taxonomy":"post_tag","embeddable":true,"href":"https:\/\/rops-opole.pl\/index.php?rest_route=%2Fwp%2Fv2%2Ftags&post=3749"}],"curies":[{"name":"wp","href":"https:\/\/api.w.org\/{rel}","templated":true}]}}