{"id":2111,"date":"2021-09-24T13:38:21","date_gmt":"2021-09-24T11:38:21","guid":{"rendered":"http:\/\/rops-opole.pl\/?page_id=2111"},"modified":"2021-11-03T12:43:29","modified_gmt":"2021-11-03T11:43:29","slug":"otwarty-konkurs-dla-organizacji-i-innych-uprawnionych-podmiotow-prowadzacych-dzialalnosc-pozytku-publicznego-w-zakresie-pomocy-spolecznej-na-realizacje-zadania-pn-organizacja-regionalnego-spotkania","status":"publish","type":"page","link":"https:\/\/rops-opole.pl\/?page_id=2111","title":{"rendered":"Otwarty konkurs dla organizacji i innych uprawnionych podmiot\u00f3w prowadz\u0105cych dzia\u0142alno\u015b\u0107 po\u017cytku publicznego w zakresie pomocy spo\u0142ecznej na realizacj\u0119 zadania pn.: organizacja regionalnego spotkania integracyjnego dla os\u00f3b niesamodzielnych i os\u00f3b z ich otoczenia w ramach projektu pt. \u201eNie-Sami-Dzielni II &#8211; rozw\u00f3j us\u0142ug spo\u0142ecznych oraz wspieraj\u0105cych osoby niesamodzielne\u201d realizowanego w ramach Regionalnego Programu Operacyjnego Wojew\u00f3dztwa Opolskiego na lata 2014-2020, O\u015b priorytetowa VIII \u2013 Integracja Spo\u0142eczna, wsp\u00f3\u0142finansowanego z Europejskiego Funduszu Spo\u0142ecznego"},"content":{"rendered":"\n<!--more--><p>24.09.2021 r.<\/p>\n<ol>\n<li><a class=\"target-blank use-tooltip target-blank use-tooltip\" href=\"\/wp-content\/uploads\/otwarte-konkursy-ofert\/0015\/Uchwa%C5%82a%20nr%205501-2021.docx\" target=\"_blank\" rel=\"noreferrer noopener\" aria-label=\"Uchwa\u0142a nr 5501\/2021 Zarz\u0105du Wojew\u00f3dztwa Opolskiego z dnia 21 wrze\u015bnia 2021 r. ( dokument MS Word, otworzy si\u0119 w nowym oknie)\">Uchwa\u0142a nr 5501\/2021 Zarz\u0105du Wojew\u00f3dztwa Opolskiego z dnia 21 wrze\u015bnia 2021 r.<svg aria-hidden=\"true\" class=\"icon-word\" viewbox=\"0 0 1792 1792\"><path d=\"M1596 380q28 28 48 76t20 88v1152q0 40-28 68t-68 28h-1344q-40 0-68-28t-28-68v-1600q0-40 28-68t68-28h896q40 0 88 20t76 48zm-444-244v376h376q-10-29-22-41l-313-313q-12-12-41-22zm384 1528v-1024h-416q-40 0-68-28t-28-68v-416h-768v1536h1280zm-1175-896v107h70l164 661h159l128-485q7-20 10-46 2-16 2-24h4l3 24q1 3 3.5 20t5.5 26l128 485h159l164-661h70v-107h-300v107h90l-99 438q-5 20-7 46l-2 21h-4l-3-21q-1-5-4-21t-5-25l-144-545h-114l-144 545q-2 9-4.5 24.5t-3.5 21.5l-4 21h-4l-2-21q-2-26-7-46l-99-438h90v-107h-300z\"><\/path><\/svg><svg aria-hidden=\"true\" class=\"icon-new-window\" viewbox=\"0 0 1792 1792\"><path d=\"M1408 960v-128q0-26-19-45t-45-19h-320v-320q0-26-19-45t-45-19h-128q-26 0-45 19t-19 45v320h-320q-26 0-45 19t-19 45v128q0 26 19 45t45 19h320v320q0 26 19 45t45 19h128q26 0 45-19t19-45v-320h320q26 0 45-19t19-45zm256-544v960q0 119-84.5 203.5t-203.5 84.5h-960q-119 0-203.5-84.5t-84.5-203.5v-960q0-119 84.5-203.5t203.5-84.5h960q119 0 203.5 84.5t84.5 203.5z\"><\/path><\/svg><span class=\"tooltip\"> dokument MS Word, otworzy si\u0119 w nowym oknie<\/span><\/a><\/li>\n<li><a class=\"target-blank use-tooltip target-blank use-tooltip\" href=\"\/wp-content\/uploads\/otwarte-konkursy-ofert\/0015\/Za%C5%82%C4%85cznik%20do%20uchwa%C5%82y%20nr%205501-2021.docx\" target=\"_blank\" rel=\"noreferrer noopener\" aria-label=\"Og\u0142oszenie konkursowe \u2013 za\u0142\u0105cznik do uchwa\u0142y nr 5501\/2021 Zarz\u0105du Wojew\u00f3dztwa Opolskiego z dnia 21 wrze\u015bnia 2021 r. ( dokument MS Word, otworzy si\u0119 w nowym oknie)\">Og\u0142oszenie konkursowe \u2013 za\u0142\u0105cznik do uchwa\u0142y nr 5501\/2021 Zarz\u0105du Wojew\u00f3dztwa Opolskiego z dnia 21 wrze\u015bnia 2021 r.<svg aria-hidden=\"true\" class=\"icon-word\" viewbox=\"0 0 1792 1792\"><path d=\"M1596 380q28 28 48 76t20 88v1152q0 40-28 68t-68 28h-1344q-40 0-68-28t-28-68v-1600q0-40 28-68t68-28h896q40 0 88 20t76 48zm-444-244v376h376q-10-29-22-41l-313-313q-12-12-41-22zm384 1528v-1024h-416q-40 0-68-28t-28-68v-416h-768v1536h1280zm-1175-896v107h70l164 661h159l128-485q7-20 10-46 2-16 2-24h4l3 24q1 3 3.5 20t5.5 26l128 485h159l164-661h70v-107h-300v107h90l-99 438q-5 20-7 46l-2 21h-4l-3-21q-1-5-4-21t-5-25l-144-545h-114l-144 545q-2 9-4.5 24.5t-3.5 21.5l-4 21h-4l-2-21q-2-26-7-46l-99-438h90v-107h-300z\"><\/path><\/svg><svg aria-hidden=\"true\" class=\"icon-new-window\" viewbox=\"0 0 1792 1792\"><path d=\"M1408 960v-128q0-26-19-45t-45-19h-320v-320q0-26-19-45t-45-19h-128q-26 0-45 19t-19 45v320h-320q-26 0-45 19t-19 45v128q0 26 19 45t45 19h320v320q0 26 19 45t45 19h128q26 0 45-19t19-45v-320h320q26 0 45-19t19-45zm256-544v960q0 119-84.5 203.5t-203.5 84.5h-960q-119 0-203.5-84.5t-84.5-203.5v-960q0-119 84.5-203.5t203.5-84.5h960q119 0 203.5 84.5t84.5 203.5z\"><\/path><\/svg><span class=\"tooltip\"> dokument MS Word, otworzy si\u0119 w nowym oknie<\/span><\/a><\/li>\n<li><a class=\"target-blank use-tooltip target-blank use-tooltip\" href=\"\/wp-content\/uploads\/otwarte-konkursy-ofert\/0015\/Karta%20oceny%20formalnej.pdf\" target=\"_blank\" rel=\"noreferrer noopener\" aria-label=\"Wz\u00f3r karty oceny formalnej ( dokument PDF, otworzy si\u0119 w nowym oknie)\">Wz\u00f3r karty oceny formalnej<svg aria-hidden=\"true\" class=\"icon-pdf\" viewbox=\"0 0 1792 1792\"><path d=\"M1596 380q28 28 48 76t20 88v1152q0 40-28 68t-68 28h-1344q-40 0-68-28t-28-68v-1600q0-40 28-68t68-28h896q40 0 88 20t76 48zm-444-244v376h376q-10-29-22-41l-313-313q-12-12-41-22zm384 1528v-1024h-416q-40 0-68-28t-28-68v-416h-768v1536h1280zm-514-593q33 26 84 56 59-7 117-7 147 0 177 49 16 22 2 52 0 1-1 2l-2 2v1q-6 38-71 38-48 0-115-20t-130-53q-221 24-392 83-153 262-242 262-15 0-28-7l-24-12q-1-1-6-5-10-10-6-36 9-40 56-91.5t132-96.5q14-9 23 6 2 2 2 4 52-85 107-197 68-136 104-262-24-82-30.5-159.5t6.5-127.5q11-40 42-40h22q23 0 35 15 18 21 9 68-2 6-4 8 1 3 1 8v30q-2 123-14 192 55 164 146 238zm-576 411q52-24 137-158-51 40-87.5 84t-49.5 74zm398-920q-15 42-2 132 1-7 7-44 0-3 7-43 1-4 4-8-1-1-1-2t-.5-1.5-.5-1.5q-1-22-13-36 0 1-1 2v2zm-124 661q135-54 284-81-2-1-13-9.5t-16-13.5q-76-67-127-176-27 86-83 197-30 56-45 83zm646-16q-24-24-140-24 76 28 124 28 14 0 18-1 0-1-2-3z\"><\/path><\/svg><svg aria-hidden=\"true\" class=\"icon-new-window\" viewbox=\"0 0 1792 1792\"><path d=\"M1408 960v-128q0-26-19-45t-45-19h-320v-320q0-26-19-45t-45-19h-128q-26 0-45 19t-19 45v320h-320q-26 0-45 19t-19 45v128q0 26 19 45t45 19h320v320q0 26 19 45t45 19h128q26 0 45-19t19-45v-320h320q26 0 45-19t19-45zm256-544v960q0 119-84.5 203.5t-203.5 84.5h-960q-119 0-203.5-84.5t-84.5-203.5v-960q0-119 84.5-203.5t203.5-84.5h960q119 0 203.5 84.5t84.5 203.5z\"><\/path><\/svg><span class=\"tooltip\"> dokument PDF, otworzy si\u0119 w nowym oknie<\/span><\/a><\/li>\n<li><a class=\"target-blank use-tooltip target-blank use-tooltip\" href=\"\/wp-content\/uploads\/otwarte-konkursy-ofert\/0015\/Karta%20oceny%20merytorycznej.pdf\" target=\"_blank\" rel=\"noreferrer noopener\" aria-label=\"Wz\u00f3r karty oceny merytorycznejPDF document, opens a new window ( dokument PDF, otworzy si\u0119 w nowym oknie)\">Wz\u00f3r karty oceny merytorycznej<span class=\"tooltip\">PDF document, opens a new window<\/span><svg aria-hidden=\"true\" class=\"icon-pdf\" viewbox=\"0 0 1792 1792\"><path d=\"M1596 380q28 28 48 76t20 88v1152q0 40-28 68t-68 28h-1344q-40 0-68-28t-28-68v-1600q0-40 28-68t68-28h896q40 0 88 20t76 48zm-444-244v376h376q-10-29-22-41l-313-313q-12-12-41-22zm384 1528v-1024h-416q-40 0-68-28t-28-68v-416h-768v1536h1280zm-514-593q33 26 84 56 59-7 117-7 147 0 177 49 16 22 2 52 0 1-1 2l-2 2v1q-6 38-71 38-48 0-115-20t-130-53q-221 24-392 83-153 262-242 262-15 0-28-7l-24-12q-1-1-6-5-10-10-6-36 9-40 56-91.5t132-96.5q14-9 23 6 2 2 2 4 52-85 107-197 68-136 104-262-24-82-30.5-159.5t6.5-127.5q11-40 42-40h22q23 0 35 15 18 21 9 68-2 6-4 8 1 3 1 8v30q-2 123-14 192 55 164 146 238zm-576 411q52-24 137-158-51 40-87.5 84t-49.5 74zm398-920q-15 42-2 132 1-7 7-44 0-3 7-43 1-4 4-8-1-1-1-2t-.5-1.5-.5-1.5q-1-22-13-36 0 1-1 2v2zm-124 661q135-54 284-81-2-1-13-9.5t-16-13.5q-76-67-127-176-27 86-83 197-30 56-45 83zm646-16q-24-24-140-24 76 28 124 28 14 0 18-1 0-1-2-3z\"><\/path><\/svg><svg aria-hidden=\"true\" class=\"icon-new-window\" viewbox=\"0 0 1792 1792\"><path d=\"M1408 960v-128q0-26-19-45t-45-19h-320v-320q0-26-19-45t-45-19h-128q-26 0-45 19t-19 45v320h-320q-26 0-45 19t-19 45v128q0 26 19 45t45 19h320v320q0 26 19 45t45 19h128q26 0 45-19t19-45v-320h320q26 0 45-19t19-45zm256-544v960q0 119-84.5 203.5t-203.5 84.5h-960q-119 0-203.5-84.5t-84.5-203.5v-960q0-119 84.5-203.5t203.5-84.5h960q119 0 203.5 84.5t84.5 203.5z\"><\/path><\/svg><span class=\"tooltip\"> dokument PDF, otworzy si\u0119 w nowym oknie<\/span><\/a><\/li>\n<li><a class=\"target-blank use-tooltip target-blank use-tooltip\" href=\"\/wp-content\/uploads\/otwarte-konkursy-ofert\/0015\/Klauzula%20RODO.docx\" target=\"_blank\" rel=\"noreferrer noopener\" aria-label=\"Klauzula informacyjna RODO ( dokument MS Word, otworzy si\u0119 w nowym oknie)\">Klauzula informacyjna RODO<svg aria-hidden=\"true\" class=\"icon-word\" viewbox=\"0 0 1792 1792\"><path d=\"M1596 380q28 28 48 76t20 88v1152q0 40-28 68t-68 28h-1344q-40 0-68-28t-28-68v-1600q0-40 28-68t68-28h896q40 0 88 20t76 48zm-444-244v376h376q-10-29-22-41l-313-313q-12-12-41-22zm384 1528v-1024h-416q-40 0-68-28t-28-68v-416h-768v1536h1280zm-1175-896v107h70l164 661h159l128-485q7-20 10-46 2-16 2-24h4l3 24q1 3 3.5 20t5.5 26l128 485h159l164-661h70v-107h-300v107h90l-99 438q-5 20-7 46l-2 21h-4l-3-21q-1-5-4-21t-5-25l-144-545h-114l-144 545q-2 9-4.5 24.5t-3.5 21.5l-4 21h-4l-2-21q-2-26-7-46l-99-438h90v-107h-300z\"><\/path><\/svg><svg aria-hidden=\"true\" class=\"icon-new-window\" viewbox=\"0 0 1792 1792\"><path d=\"M1408 960v-128q0-26-19-45t-45-19h-320v-320q0-26-19-45t-45-19h-128q-26 0-45 19t-19 45v320h-320q-26 0-45 19t-19 45v128q0 26 19 45t45 19h320v320q0 26 19 45t45 19h128q26 0 45-19t19-45v-320h320q26 0 45-19t19-45zm256-544v960q0 119-84.5 203.5t-203.5 84.5h-960q-119 0-203.5-84.5t-84.5-203.5v-960q0-119 84.5-203.5t203.5-84.5h960q119 0 203.5 84.5t84.5 203.5z\"><\/path><\/svg><span class=\"tooltip\"> dokument MS Word, otworzy si\u0119 w nowym oknie<\/span><\/a><\/li>\n<li><a class=\"target-blank use-tooltip target-blank use-tooltip\" href=\"\/wp-content\/uploads\/otwarte-konkursy-ofert\/0015\/Instrukcja%20podpisywania%20oferty.pdf\" target=\"_blank\" rel=\"noreferrer noopener\" aria-label=\"Instrukcja elektronicznego sk\u0142adania ofert ( dokument PDF, otworzy si\u0119 w nowym oknie)\">Instrukcja elektronicznego sk\u0142adania ofert<svg aria-hidden=\"true\" class=\"icon-pdf\" viewbox=\"0 0 1792 1792\"><path d=\"M1596 380q28 28 48 76t20 88v1152q0 40-28 68t-68 28h-1344q-40 0-68-28t-28-68v-1600q0-40 28-68t68-28h896q40 0 88 20t76 48zm-444-244v376h376q-10-29-22-41l-313-313q-12-12-41-22zm384 1528v-1024h-416q-40 0-68-28t-28-68v-416h-768v1536h1280zm-514-593q33 26 84 56 59-7 117-7 147 0 177 49 16 22 2 52 0 1-1 2l-2 2v1q-6 38-71 38-48 0-115-20t-130-53q-221 24-392 83-153 262-242 262-15 0-28-7l-24-12q-1-1-6-5-10-10-6-36 9-40 56-91.5t132-96.5q14-9 23 6 2 2 2 4 52-85 107-197 68-136 104-262-24-82-30.5-159.5t6.5-127.5q11-40 42-40h22q23 0 35 15 18 21 9 68-2 6-4 8 1 3 1 8v30q-2 123-14 192 55 164 146 238zm-576 411q52-24 137-158-51 40-87.5 84t-49.5 74zm398-920q-15 42-2 132 1-7 7-44 0-3 7-43 1-4 4-8-1-1-1-2t-.5-1.5-.5-1.5q-1-22-13-36 0 1-1 2v2zm-124 661q135-54 284-81-2-1-13-9.5t-16-13.5q-76-67-127-176-27 86-83 197-30 56-45 83zm646-16q-24-24-140-24 76 28 124 28 14 0 18-1 0-1-2-3z\"><\/path><\/svg><svg aria-hidden=\"true\" class=\"icon-new-window\" viewbox=\"0 0 1792 1792\"><path d=\"M1408 960v-128q0-26-19-45t-45-19h-320v-320q0-26-19-45t-45-19h-128q-26 0-45 19t-19 45v320h-320q-26 0-45 19t-19 45v128q0 26 19 45t45 19h320v320q0 26 19 45t45 19h128q26 0 45-19t19-45v-320h320q26 0 45-19t19-45zm256-544v960q0 119-84.5 203.5t-203.5 84.5h-960q-119 0-203.5-84.5t-84.5-203.5v-960q0-119 84.5-203.5t203.5-84.5h960q119 0 203.5 84.5t84.5 203.5z\"><\/path><\/svg><span class=\"tooltip\"> dokument PDF, otworzy si\u0119 w nowym oknie<\/span><\/a><\/li>\n<\/ol>\n<p>7.10.2021 r.<\/p>\n<ol start=\"7\">\n<li><a href=\"\/wp-content\/uploads\/otwarte-konkursy-ofert\/0015\/Pytania%20i%20odpowiedzi%20nr%201%20z%20dnia%207.10.2021%20r.docx\" target=\"_blank\" rel=\"noopener\" class=\"target-blank use-tooltip\" aria-label=\"Pytania i odpowiedzi nr 1 z dnia 7.10.2021 r.docx ( dokument MS Word, otworzy si\u0119 w nowym oknie)\">Pytania i odpowiedzi nr 1 z dnia 7.10.2021 r.docx<svg aria-hidden=\"true\" class=\"icon-word\" viewbox=\"0 0 1792 1792\"><path d=\"M1596 380q28 28 48 76t20 88v1152q0 40-28 68t-68 28h-1344q-40 0-68-28t-28-68v-1600q0-40 28-68t68-28h896q40 0 88 20t76 48zm-444-244v376h376q-10-29-22-41l-313-313q-12-12-41-22zm384 1528v-1024h-416q-40 0-68-28t-28-68v-416h-768v1536h1280zm-1175-896v107h70l164 661h159l128-485q7-20 10-46 2-16 2-24h4l3 24q1 3 3.5 20t5.5 26l128 485h159l164-661h70v-107h-300v107h90l-99 438q-5 20-7 46l-2 21h-4l-3-21q-1-5-4-21t-5-25l-144-545h-114l-144 545q-2 9-4.5 24.5t-3.5 21.5l-4 21h-4l-2-21q-2-26-7-46l-99-438h90v-107h-300z\"><\/path><\/svg><svg aria-hidden=\"true\" class=\"icon-new-window\" viewbox=\"0 0 1792 1792\"><path d=\"M1408 960v-128q0-26-19-45t-45-19h-320v-320q0-26-19-45t-45-19h-128q-26 0-45 19t-19 45v320h-320q-26 0-45 19t-19 45v128q0 26 19 45t45 19h320v320q0 26 19 45t45 19h128q26 0 45-19t19-45v-320h320q26 0 45-19t19-45zm256-544v960q0 119-84.5 203.5t-203.5 84.5h-960q-119 0-203.5-84.5t-84.5-203.5v-960q0-119 84.5-203.5t203.5-84.5h960q119 0 203.5 84.5t84.5 203.5z\"><\/path><\/svg><span class=\"tooltip\"> dokument MS Word, otworzy si\u0119 w nowym oknie<\/span><\/a><\/li>\n<\/ol>\n<p>11.10.2021 r.<\/p>\n<ol start=\"8\">\n<li><a href=\"\/wp-content\/uploads\/otwarte-konkursy-ofert\/0015\/Pytania%20i%20odpowiedzi%20nr%202%20z%20dnia%2011.10.2021%20r.docx\" target=\"_blank\" rel=\"noopener\" class=\"target-blank use-tooltip\" aria-label=\"Pytania i odpowiedzi nr 2 z dnia 11.10.2021 r.docx ( dokument MS Word, otworzy si\u0119 w nowym oknie)\">Pytania i odpowiedzi nr 2 z dnia 11.10.2021 r.docx<svg aria-hidden=\"true\" class=\"icon-word\" viewbox=\"0 0 1792 1792\"><path d=\"M1596 380q28 28 48 76t20 88v1152q0 40-28 68t-68 28h-1344q-40 0-68-28t-28-68v-1600q0-40 28-68t68-28h896q40 0 88 20t76 48zm-444-244v376h376q-10-29-22-41l-313-313q-12-12-41-22zm384 1528v-1024h-416q-40 0-68-28t-28-68v-416h-768v1536h1280zm-1175-896v107h70l164 661h159l128-485q7-20 10-46 2-16 2-24h4l3 24q1 3 3.5 20t5.5 26l128 485h159l164-661h70v-107h-300v107h90l-99 438q-5 20-7 46l-2 21h-4l-3-21q-1-5-4-21t-5-25l-144-545h-114l-144 545q-2 9-4.5 24.5t-3.5 21.5l-4 21h-4l-2-21q-2-26-7-46l-99-438h90v-107h-300z\"><\/path><\/svg><svg aria-hidden=\"true\" class=\"icon-new-window\" viewbox=\"0 0 1792 1792\"><path d=\"M1408 960v-128q0-26-19-45t-45-19h-320v-320q0-26-19-45t-45-19h-128q-26 0-45 19t-19 45v320h-320q-26 0-45 19t-19 45v128q0 26 19 45t45 19h320v320q0 26 19 45t45 19h128q26 0 45-19t19-45v-320h320q26 0 45-19t19-45zm256-544v960q0 119-84.5 203.5t-203.5 84.5h-960q-119 0-203.5-84.5t-84.5-203.5v-960q0-119 84.5-203.5t203.5-84.5h960q119 0 203.5 84.5t84.5 203.5z\"><\/path><\/svg><span class=\"tooltip\"> dokument MS Word, otworzy si\u0119 w nowym oknie<\/span><\/a><\/li>\n<\/ol>\n<p>21.10.2021 r.<\/p>\n<ol start=\"9\">\n<li><a href=\"\/wp-content\/uploads\/otwarte-konkursy-ofert\/0015\/Wykaz%20podmiot%C3%B3w.docx\" target=\"_blank\" rel=\"noopener\" class=\"target-blank use-tooltip\" aria-label=\"Wykaz podmiot\u00f3w.docx ( dokument MS Word, otworzy si\u0119 w nowym oknie)\">Wykaz podmiot\u00f3w.docx<svg aria-hidden=\"true\" class=\"icon-word\" viewbox=\"0 0 1792 1792\"><path d=\"M1596 380q28 28 48 76t20 88v1152q0 40-28 68t-68 28h-1344q-40 0-68-28t-28-68v-1600q0-40 28-68t68-28h896q40 0 88 20t76 48zm-444-244v376h376q-10-29-22-41l-313-313q-12-12-41-22zm384 1528v-1024h-416q-40 0-68-28t-28-68v-416h-768v1536h1280zm-1175-896v107h70l164 661h159l128-485q7-20 10-46 2-16 2-24h4l3 24q1 3 3.5 20t5.5 26l128 485h159l164-661h70v-107h-300v107h90l-99 438q-5 20-7 46l-2 21h-4l-3-21q-1-5-4-21t-5-25l-144-545h-114l-144 545q-2 9-4.5 24.5t-3.5 21.5l-4 21h-4l-2-21q-2-26-7-46l-99-438h90v-107h-300z\"><\/path><\/svg><svg aria-hidden=\"true\" class=\"icon-new-window\" viewbox=\"0 0 1792 1792\"><path d=\"M1408 960v-128q0-26-19-45t-45-19h-320v-320q0-26-19-45t-45-19h-128q-26 0-45 19t-19 45v320h-320q-26 0-45 19t-19 45v128q0 26 19 45t45 19h320v320q0 26 19 45t45 19h128q26 0 45-19t19-45v-320h320q26 0 45-19t19-45zm256-544v960q0 119-84.5 203.5t-203.5 84.5h-960q-119 0-203.5-84.5t-84.5-203.5v-960q0-119 84.5-203.5t203.5-84.5h960q119 0 203.5 84.5t84.5 203.5z\"><\/path><\/svg><span class=\"tooltip\"> dokument MS Word, otworzy si\u0119 w nowym oknie<\/span><\/a><\/li>\n<\/ol>\n<p>3.11.2021 r.<\/p>\n<p><a href=\"\/wp-content\/uploads\/otwarte-konkursy-ofert\/0015\/\/Uchwa%C5%82a%20Nr%205755-2021.docx\" target=\"_blank\" rel=\"noopener\" class=\"target-blank use-tooltip\" aria-label=\"Uchwa\u0142a Nr 5755\/2021 Zarz\u0105du Wojew\u00f3dztwa Opolskiego z dnia 3 listopada 2021 r. w sprawie uniewa\u017cnienia otwartego konkursu ofert na wykonanie przez organizacje i inne uprawnione podmioty prowadz\u0105ce dzia\u0142alno\u015b\u0107 po\u017cytku publicznego w roku 2021 zada\u0144 publicznych zwi\u0105zanych z realizacj\u0105 zada\u0144 Samorz\u0105du Wojew\u00f3dztwa Opolskiego w zakresie pomocy spo\u0142ecznej na realizacj\u0119 zadania pn.: Organizacja regionalnego spotkania integracyjnego dla os\u00f3b niesamodzielnych i os\u00f3b z ich otoczenia projektu \u201eNie-Sami-Dzielni II \u2013 rozw\u00f3j us\u0142ug spo\u0142ecznych oraz wspieraj\u0105cych osoby niesamodzielne w ramach Dzia\u0142ania 8.1 dost\u0119p do wysokiej jako\u015bci us\u0142ug zdrowotnych i spo\u0142ecznych w zakresie us\u0142ug spo\u0142ecznych \u2013 wsparcia dla os\u00f3b potrzebuj\u0105cych wsparcia w codziennym funkcjonowaniu\u201d w ramach Regionalnego Programu Operacyjnego Wojew\u00f3dztwa Opolskiego na lata 2014 \u2013 2020 O\u015b priorytetowa VIII Integracja Spo\u0142eczna wsp\u00f3\u0142finansowanego z Europejskiego Funduszu Spo\u0142ecznego ( dokument MS Word, otworzy si\u0119 w nowym oknie)\">Uchwa\u0142a Nr 5755\/2021 Zarz\u0105du Wojew\u00f3dztwa Opolskiego z dnia 3 listopada 2021 r. w sprawie uniewa\u017cnienia otwartego konkursu ofert na wykonanie przez organizacje i inne uprawnione podmioty prowadz\u0105ce dzia\u0142alno\u015b\u0107 po\u017cytku publicznego w roku 2021 zada\u0144 publicznych zwi\u0105zanych z realizacj\u0105 zada\u0144 Samorz\u0105du Wojew\u00f3dztwa Opolskiego w zakresie pomocy spo\u0142ecznej na realizacj\u0119 zadania pn.: Organizacja regionalnego spotkania integracyjnego dla os\u00f3b niesamodzielnych i os\u00f3b z ich otoczenia projektu \u201eNie-Sami-Dzielni II \u2013 rozw\u00f3j us\u0142ug spo\u0142ecznych oraz wspieraj\u0105cych osoby niesamodzielne w ramach Dzia\u0142ania 8.1 dost\u0119p do wysokiej jako\u015bci us\u0142ug zdrowotnych i spo\u0142ecznych w zakresie us\u0142ug spo\u0142ecznych \u2013 wsparcia dla os\u00f3b potrzebuj\u0105cych wsparcia w codziennym funkcjonowaniu\u201d w ramach Regionalnego Programu Operacyjnego Wojew\u00f3dztwa Opolskiego na lata 2014 \u2013 2020 O\u015b priorytetowa VIII Integracja Spo\u0142eczna wsp\u00f3\u0142finansowanego z Europejskiego Funduszu Spo\u0142ecznego<svg aria-hidden=\"true\" class=\"icon-word\" viewbox=\"0 0 1792 1792\"><path d=\"M1596 380q28 28 48 76t20 88v1152q0 40-28 68t-68 28h-1344q-40 0-68-28t-28-68v-1600q0-40 28-68t68-28h896q40 0 88 20t76 48zm-444-244v376h376q-10-29-22-41l-313-313q-12-12-41-22zm384 1528v-1024h-416q-40 0-68-28t-28-68v-416h-768v1536h1280zm-1175-896v107h70l164 661h159l128-485q7-20 10-46 2-16 2-24h4l3 24q1 3 3.5 20t5.5 26l128 485h159l164-661h70v-107h-300v107h90l-99 438q-5 20-7 46l-2 21h-4l-3-21q-1-5-4-21t-5-25l-144-545h-114l-144 545q-2 9-4.5 24.5t-3.5 21.5l-4 21h-4l-2-21q-2-26-7-46l-99-438h90v-107h-300z\"><\/path><\/svg><svg aria-hidden=\"true\" class=\"icon-new-window\" viewbox=\"0 0 1792 1792\"><path d=\"M1408 960v-128q0-26-19-45t-45-19h-320v-320q0-26-19-45t-45-19h-128q-26 0-45 19t-19 45v320h-320q-26 0-45 19t-19 45v128q0 26 19 45t45 19h320v320q0 26 19 45t45 19h128q26 0 45-19t19-45v-320h320q26 0 45-19t19-45zm256-544v960q0 119-84.5 203.5t-203.5 84.5h-960q-119 0-203.5-84.5t-84.5-203.5v-960q0-119 84.5-203.5t203.5-84.5h960q119 0 203.5 84.5t84.5 203.5z\"><\/path><\/svg><span class=\"tooltip\"> dokument MS Word, otworzy si\u0119 w nowym oknie<\/span><\/a><\/p>\n\n\n\n<p><\/p>\n\n","protected":false},"excerpt":{"rendered":null,"protected":false},"author":1,"featured_media":0,"parent":0,"menu_order":0,"comment_status":"closed","ping_status":"closed","template":"","meta":{"footnotes":""},"categories":[3,21],"tags":[],"class_list":["post-2111","page","type-page","status-publish","hentry","category-otwarte-konkursy-ofert","category-otwarte-konkursy-ofert-zakonczone"],"_links":{"self":[{"href":"https:\/\/rops-opole.pl\/index.php?rest_route=\/wp\/v2\/pages\/2111","targetHints":{"allow":["GET"]}}],"collection":[{"href":"https:\/\/rops-opole.pl\/index.php?rest_route=\/wp\/v2\/pages"}],"about":[{"href":"https:\/\/rops-opole.pl\/index.php?rest_route=\/wp\/v2\/types\/page"}],"author":[{"embeddable":true,"href":"https:\/\/rops-opole.pl\/index.php?rest_route=\/wp\/v2\/users\/1"}],"replies":[{"embeddable":true,"href":"https:\/\/rops-opole.pl\/index.php?rest_route=%2Fwp%2Fv2%2Fcomments&post=2111"}],"version-history":[{"count":8,"href":"https:\/\/rops-opole.pl\/index.php?rest_route=\/wp\/v2\/pages\/2111\/revisions"}],"predecessor-version":[{"id":2192,"href":"https:\/\/rops-opole.pl\/index.php?rest_route=\/wp\/v2\/pages\/2111\/revisions\/2192"}],"wp:attachment":[{"href":"https:\/\/rops-opole.pl\/index.php?rest_route=%2Fwp%2Fv2%2Fmedia&parent=2111"}],"wp:term":[{"taxonomy":"category","embeddable":true,"href":"https:\/\/rops-opole.pl\/index.php?rest_route=%2Fwp%2Fv2%2Fcategories&post=2111"},{"taxonomy":"post_tag","embeddable":true,"href":"https:\/\/rops-opole.pl\/index.php?rest_route=%2Fwp%2Fv2%2Ftags&post=2111"}],"curies":[{"name":"wp","href":"https:\/\/api.w.org\/{rel}","templated":true}]}}