{"id":184,"date":"2020-06-22T21:24:28","date_gmt":"2020-06-22T19:24:28","guid":{"rendered":"http:\/\/test.rops-opole.pl\/?page_id=184"},"modified":"2020-09-03T12:39:15","modified_gmt":"2020-09-03T10:39:15","slug":"plany-zajec-harmonogram","status":"publish","type":"page","link":"https:\/\/rops-opole.pl\/?page_id=184","title":{"rendered":"Plany zaj\u0119\u0107\/harmonogram"},"content":{"rendered":"\n<div class=\"wp-block-image\"><figure class=\"aligncenter size-large is-resized\"><img fetchpriority=\"high\" decoding=\"async\" src=\"http:\/\/rops-opole.pl\/wp-content\/uploads\/2020\/08\/logo.png\" alt=\"Loga projektu\" class=\"wp-image-1217\" width=\"589\" height=\"98\" srcset=\"https:\/\/rops-opole.pl\/wp-content\/uploads\/2020\/08\/logo.png 552w, https:\/\/rops-opole.pl\/wp-content\/uploads\/2020\/08\/logo-268x45.png 268w\" sizes=\"(max-width: 589px) 100vw, 589px\"><\/figure><\/div>\n\n\n\n<p><strong>W zwi\u0105zku z zagro\u017ceniem zdrowia spowodowanym koronawirusem Pani Kanclerz Politechniki Opolskiej Barbara Hetma\u0144ska wyda\u0142a dyspozycj\u0119 o zamkni\u0119ciu wynajmowanych lokali od 11 marca br. W zwi\u0105zku z czym informujemy, \u017ce zjazdy na specjalizacji I stopnia w dniach 14-15.03.2020 r. i 21-22.03.2020 r. zostaj\u0105 odwo\u0142ane.<\/strong><\/p>\n\n\n\n<hr class=\"wp-block-separator\">\n\n\n\n<p>W zwi\u0105zku z zagro\u017ceniem zdrowia spowodowanym koronawirusem, informujemy, \u017ce kolejny zjazd na specjalizacji I stopnia w dn. 18-19.04.2020 r. (Grupy A i B) oraz 25-26.04.2020 r. (Grupa C)\u00a0<strong>ZOSTAJE ODWO\u0141ANY<\/strong>.<\/p>\n\n\n\n<p>Informujmy ponadto, \u017ce wszystkie dotychczas odwo\u0142ane zjazdy zostan\u0105 odrobione w terminie p\u00f3\u017aniejszym, w zwi\u0105zku z czym planowany termin zako\u0144czenia szkolenia specjalizacji I stopnia w zawodzie pracownik socjalny r\u00f3wnie\u017c ulegnie wyd\u0142u\u017ceniu w czasie.<\/p>\n\n\n\n<hr class=\"wp-block-separator\">\n\n\n\n<p><strong>Plany zaj\u0119\u0107 na szkolenie z zakresu specjalizacji I stopnia w zawodzie pracownik socjalny realizowane w ramach projektu dofinansowanego z Programu Operacyjnego Wiedza Edukacja Rozw\u00f3j 2014-2020, Dzia\u0142anie 2.5 Skuteczna pomoc spo\u0142eczna pn. \u201eSpecjalizacja kadr zatrudnionych w instytucjach pomocy i integracji \u2013 I stopie\u0144 w zawodzie pracownik socjalny\u201d \u2013 AKTUALIZACJA:<br><\/strong><\/p>\n\n\n\n<p><a rel=\"noreferrer noopener\" href=\"\/wp-content\/uploads\/spec1stopnia2019-2020\/Harmonogram%20zjazdow%202019%20-%202020%20(aktualizacja%2021.08.2020%20r.).docx\" target=\"_blank\" class=\"target-blank use-tooltip\" aria-label=\"Harmonogram zjazd\u00f3w 2019 \u2013 2020 (aktualizacja 21.08.2020 r.) ( dokument MS Word, otworzy si\u0119 w nowym oknie)\">Harmonogram zjazd\u00f3w 2019 \u2013 2020 (aktualizacja 21.08.2020 r.)<svg aria-hidden=\"true\" class=\"icon-word\" viewbox=\"0 0 1792 1792\"><path d=\"M1596 380q28 28 48 76t20 88v1152q0 40-28 68t-68 28h-1344q-40 0-68-28t-28-68v-1600q0-40 28-68t68-28h896q40 0 88 20t76 48zm-444-244v376h376q-10-29-22-41l-313-313q-12-12-41-22zm384 1528v-1024h-416q-40 0-68-28t-28-68v-416h-768v1536h1280zm-1175-896v107h70l164 661h159l128-485q7-20 10-46 2-16 2-24h4l3 24q1 3 3.5 20t5.5 26l128 485h159l164-661h70v-107h-300v107h90l-99 438q-5 20-7 46l-2 21h-4l-3-21q-1-5-4-21t-5-25l-144-545h-114l-144 545q-2 9-4.5 24.5t-3.5 21.5l-4 21h-4l-2-21q-2-26-7-46l-99-438h90v-107h-300z\"><\/path><\/svg><svg aria-hidden=\"true\" class=\"icon-new-window\" viewbox=\"0 0 1792 1792\"><path d=\"M1408 960v-128q0-26-19-45t-45-19h-320v-320q0-26-19-45t-45-19h-128q-26 0-45 19t-19 45v320h-320q-26 0-45 19t-19 45v128q0 26 19 45t45 19h320v320q0 26 19 45t45 19h128q26 0 45-19t19-45v-320h320q26 0 45-19t19-45zm256-544v960q0 119-84.5 203.5t-203.5 84.5h-960q-119 0-203.5-84.5t-84.5-203.5v-960q0-119 84.5-203.5t203.5-84.5h960q119 0 203.5 84.5t84.5 203.5z\"><\/path><\/svg><span class=\"tooltip\"> dokument MS Word, otworzy si\u0119 w nowym oknie<\/span><\/a><br><a rel=\"noreferrer noopener\" href=\"\/wp-content\/uploads\/spec1stopnia2019-2020\/Szczeg%C3%B3%C5%82owy%20harmonogram%20udzielania%20wsparcia%20dzia%C5%82a%C5%84%20w%20projekcie%20(aktualizacja%2021.08.2020%20r.).pdf\" target=\"_blank\" class=\"target-blank use-tooltip\" aria-label=\"Szczeg\u00f3\u0142owy harmonogram udzielania wsparcia\/dzia\u0142a\u0144 w projekcie (aktualizacja 21.08.2020 r.) ( dokument PDF, otworzy si\u0119 w nowym oknie)\">Szczeg\u00f3\u0142owy harmonogram udzielania wsparcia\/dzia\u0142a\u0144 w projekcie (aktualizacja 21.08.2020 r.)<svg aria-hidden=\"true\" class=\"icon-pdf\" viewbox=\"0 0 1792 1792\"><path d=\"M1596 380q28 28 48 76t20 88v1152q0 40-28 68t-68 28h-1344q-40 0-68-28t-28-68v-1600q0-40 28-68t68-28h896q40 0 88 20t76 48zm-444-244v376h376q-10-29-22-41l-313-313q-12-12-41-22zm384 1528v-1024h-416q-40 0-68-28t-28-68v-416h-768v1536h1280zm-514-593q33 26 84 56 59-7 117-7 147 0 177 49 16 22 2 52 0 1-1 2l-2 2v1q-6 38-71 38-48 0-115-20t-130-53q-221 24-392 83-153 262-242 262-15 0-28-7l-24-12q-1-1-6-5-10-10-6-36 9-40 56-91.5t132-96.5q14-9 23 6 2 2 2 4 52-85 107-197 68-136 104-262-24-82-30.5-159.5t6.5-127.5q11-40 42-40h22q23 0 35 15 18 21 9 68-2 6-4 8 1 3 1 8v30q-2 123-14 192 55 164 146 238zm-576 411q52-24 137-158-51 40-87.5 84t-49.5 74zm398-920q-15 42-2 132 1-7 7-44 0-3 7-43 1-4 4-8-1-1-1-2t-.5-1.5-.5-1.5q-1-22-13-36 0 1-1 2v2zm-124 661q135-54 284-81-2-1-13-9.5t-16-13.5q-76-67-127-176-27 86-83 197-30 56-45 83zm646-16q-24-24-140-24 76 28 124 28 14 0 18-1 0-1-2-3z\"><\/path><\/svg><svg aria-hidden=\"true\" class=\"icon-new-window\" viewbox=\"0 0 1792 1792\"><path d=\"M1408 960v-128q0-26-19-45t-45-19h-320v-320q0-26-19-45t-45-19h-128q-26 0-45 19t-19 45v320h-320q-26 0-45 19t-19 45v128q0 26 19 45t45 19h320v320q0 26 19 45t45 19h128q26 0 45-19t19-45v-320h320q26 0 45-19t19-45zm256-544v960q0 119-84.5 203.5t-203.5 84.5h-960q-119 0-203.5-84.5t-84.5-203.5v-960q0-119 84.5-203.5t203.5-84.5h960q119 0 203.5 84.5t84.5 203.5z\"><\/path><\/svg><span class=\"tooltip\"> dokument PDF, otworzy si\u0119 w nowym oknie<\/span><\/a><br><a href=\"\/wp-content\/uploads\/spec1stopnia2019-2020\/Ca%C5%82o%C5%9Bciowy%20plan%20zaj%C4%99%C4%87%20-%20Grupa%20A%20(aktualizacja%2021.08.2020%20r.)_.docx\" target=\"_blank\" rel=\"noreferrer noopener\" class=\"target-blank use-tooltip\" aria-label=\"Ca\u0142o\u015bciowy plan zaj\u0119\u0107 \u2013 Grupa A (aktualizacja 21.08.2020 r.) ( dokument MS Word, otworzy si\u0119 w nowym oknie)\">Ca\u0142o\u015bciowy plan zaj\u0119\u0107 \u2013 Grupa A (aktualizacja 21.08.2020 r.)<svg aria-hidden=\"true\" class=\"icon-word\" viewbox=\"0 0 1792 1792\"><path d=\"M1596 380q28 28 48 76t20 88v1152q0 40-28 68t-68 28h-1344q-40 0-68-28t-28-68v-1600q0-40 28-68t68-28h896q40 0 88 20t76 48zm-444-244v376h376q-10-29-22-41l-313-313q-12-12-41-22zm384 1528v-1024h-416q-40 0-68-28t-28-68v-416h-768v1536h1280zm-1175-896v107h70l164 661h159l128-485q7-20 10-46 2-16 2-24h4l3 24q1 3 3.5 20t5.5 26l128 485h159l164-661h70v-107h-300v107h90l-99 438q-5 20-7 46l-2 21h-4l-3-21q-1-5-4-21t-5-25l-144-545h-114l-144 545q-2 9-4.5 24.5t-3.5 21.5l-4 21h-4l-2-21q-2-26-7-46l-99-438h90v-107h-300z\"><\/path><\/svg><svg aria-hidden=\"true\" class=\"icon-new-window\" viewbox=\"0 0 1792 1792\"><path d=\"M1408 960v-128q0-26-19-45t-45-19h-320v-320q0-26-19-45t-45-19h-128q-26 0-45 19t-19 45v320h-320q-26 0-45 19t-19 45v128q0 26 19 45t45 19h320v320q0 26 19 45t45 19h128q26 0 45-19t19-45v-320h320q26 0 45-19t19-45zm256-544v960q0 119-84.5 203.5t-203.5 84.5h-960q-119 0-203.5-84.5t-84.5-203.5v-960q0-119 84.5-203.5t203.5-84.5h960q119 0 203.5 84.5t84.5 203.5z\"><\/path><\/svg><span class=\"tooltip\"> dokument MS Word, otworzy si\u0119 w nowym oknie<\/span><\/a><br><a href=\"\/wp-content\/uploads\/spec1stopnia2019-2020\/Ca%C5%82o%C5%9Bciowy%20plan%20zaj%C4%99%C4%87%20-%20Grupa%20B%20(aktualizacja%2021.08.2020%20r.)_.docx\" target=\"_blank\" rel=\"noreferrer noopener\" class=\"target-blank use-tooltip\" aria-label=\"Ca\u0142o\u015bciowy plan zaj\u0119\u0107 \u2013 Grupa B (aktualizacja 21.08.2020 r.) ( dokument MS Word, otworzy si\u0119 w nowym oknie)\">Ca\u0142o\u015bciowy plan zaj\u0119\u0107 \u2013 Grupa B (aktualizacja 21.08.2020 r.)<svg aria-hidden=\"true\" class=\"icon-word\" viewbox=\"0 0 1792 1792\"><path d=\"M1596 380q28 28 48 76t20 88v1152q0 40-28 68t-68 28h-1344q-40 0-68-28t-28-68v-1600q0-40 28-68t68-28h896q40 0 88 20t76 48zm-444-244v376h376q-10-29-22-41l-313-313q-12-12-41-22zm384 1528v-1024h-416q-40 0-68-28t-28-68v-416h-768v1536h1280zm-1175-896v107h70l164 661h159l128-485q7-20 10-46 2-16 2-24h4l3 24q1 3 3.5 20t5.5 26l128 485h159l164-661h70v-107h-300v107h90l-99 438q-5 20-7 46l-2 21h-4l-3-21q-1-5-4-21t-5-25l-144-545h-114l-144 545q-2 9-4.5 24.5t-3.5 21.5l-4 21h-4l-2-21q-2-26-7-46l-99-438h90v-107h-300z\"><\/path><\/svg><svg aria-hidden=\"true\" class=\"icon-new-window\" viewbox=\"0 0 1792 1792\"><path d=\"M1408 960v-128q0-26-19-45t-45-19h-320v-320q0-26-19-45t-45-19h-128q-26 0-45 19t-19 45v320h-320q-26 0-45 19t-19 45v128q0 26 19 45t45 19h320v320q0 26 19 45t45 19h128q26 0 45-19t19-45v-320h320q26 0 45-19t19-45zm256-544v960q0 119-84.5 203.5t-203.5 84.5h-960q-119 0-203.5-84.5t-84.5-203.5v-960q0-119 84.5-203.5t203.5-84.5h960q119 0 203.5 84.5t84.5 203.5z\"><\/path><\/svg><span class=\"tooltip\"> dokument MS Word, otworzy si\u0119 w nowym oknie<\/span><\/a><br><a href=\"\/wp-content\/uploads\/spec1stopnia2019-2020\/Ca%C5%82o%C5%9Bciowy%20plan%20zaj%C4%99%C4%87%20-%20Grupa%20C%20(aktualizacja%2021.08.2020%20r.)_.docx\" target=\"_blank\" rel=\"noreferrer noopener\" class=\"target-blank use-tooltip\" aria-label=\"Ca\u0142o\u015bciowy plan zaj\u0119\u0107 \u2013 Grupa C (aktualizacja 21.08.2020 r.) ( dokument MS Word, otworzy si\u0119 w nowym oknie)\">Ca\u0142o\u015bciowy plan zaj\u0119\u0107 \u2013 Grupa C (aktualizacja 21.08.2020 r.)<svg aria-hidden=\"true\" class=\"icon-word\" viewbox=\"0 0 1792 1792\"><path d=\"M1596 380q28 28 48 76t20 88v1152q0 40-28 68t-68 28h-1344q-40 0-68-28t-28-68v-1600q0-40 28-68t68-28h896q40 0 88 20t76 48zm-444-244v376h376q-10-29-22-41l-313-313q-12-12-41-22zm384 1528v-1024h-416q-40 0-68-28t-28-68v-416h-768v1536h1280zm-1175-896v107h70l164 661h159l128-485q7-20 10-46 2-16 2-24h4l3 24q1 3 3.5 20t5.5 26l128 485h159l164-661h70v-107h-300v107h90l-99 438q-5 20-7 46l-2 21h-4l-3-21q-1-5-4-21t-5-25l-144-545h-114l-144 545q-2 9-4.5 24.5t-3.5 21.5l-4 21h-4l-2-21q-2-26-7-46l-99-438h90v-107h-300z\"><\/path><\/svg><svg aria-hidden=\"true\" class=\"icon-new-window\" viewbox=\"0 0 1792 1792\"><path d=\"M1408 960v-128q0-26-19-45t-45-19h-320v-320q0-26-19-45t-45-19h-128q-26 0-45 19t-19 45v320h-320q-26 0-45 19t-19 45v128q0 26 19 45t45 19h320v320q0 26 19 45t45 19h128q26 0 45-19t19-45v-320h320q26 0 45-19t19-45zm256-544v960q0 119-84.5 203.5t-203.5 84.5h-960q-119 0-203.5-84.5t-84.5-203.5v-960q0-119 84.5-203.5t203.5-84.5h960q119 0 203.5 84.5t84.5 203.5z\"><\/path><\/svg><span class=\"tooltip\"> dokument MS Word, otworzy si\u0119 w nowym oknie<\/span><\/a><\/p>\n\n\n\n<p><\/p>\n\n","protected":false},"excerpt":{"rendered":null,"protected":false},"author":1,"featured_media":0,"parent":0,"menu_order":0,"comment_status":"closed","ping_status":"closed","template":"","meta":{"footnotes":""},"categories":[6],"tags":[],"class_list":["post-184","page","type-page","status-publish","hentry","category-i-stopnia"],"_links":{"self":[{"href":"https:\/\/rops-opole.pl\/index.php?rest_route=\/wp\/v2\/pages\/184","targetHints":{"allow":["GET"]}}],"collection":[{"href":"https:\/\/rops-opole.pl\/index.php?rest_route=\/wp\/v2\/pages"}],"about":[{"href":"https:\/\/rops-opole.pl\/index.php?rest_route=\/wp\/v2\/types\/page"}],"author":[{"embeddable":true,"href":"https:\/\/rops-opole.pl\/index.php?rest_route=\/wp\/v2\/users\/1"}],"replies":[{"embeddable":true,"href":"https:\/\/rops-opole.pl\/index.php?rest_route=%2Fwp%2Fv2%2Fcomments&post=184"}],"version-history":[{"count":15,"href":"https:\/\/rops-opole.pl\/index.php?rest_route=\/wp\/v2\/pages\/184\/revisions"}],"predecessor-version":[{"id":1472,"href":"https:\/\/rops-opole.pl\/index.php?rest_route=\/wp\/v2\/pages\/184\/revisions\/1472"}],"wp:attachment":[{"href":"https:\/\/rops-opole.pl\/index.php?rest_route=%2Fwp%2Fv2%2Fmedia&parent=184"}],"wp:term":[{"taxonomy":"category","embeddable":true,"href":"https:\/\/rops-opole.pl\/index.php?rest_route=%2Fwp%2Fv2%2Fcategories&post=184"},{"taxonomy":"post_tag","embeddable":true,"href":"https:\/\/rops-opole.pl\/index.php?rest_route=%2Fwp%2Fv2%2Ftags&post=184"}],"curies":[{"name":"wp","href":"https:\/\/api.w.org\/{rel}","templated":true}]}}