{"id":1387,"date":"2020-08-10T11:44:25","date_gmt":"2020-08-10T09:44:25","guid":{"rendered":"http:\/\/rops-opole.pl\/?page_id=1387"},"modified":"2025-04-04T14:59:44","modified_gmt":"2025-04-04T12:59:44","slug":"aktualnosci","status":"publish","type":"page","link":"https:\/\/rops-opole.pl\/","title":{"rendered":"Aktualno\u015bci"},"content":{"rendered":"\n<hr class=\"wp-block-separator has-css-opacity\">\n\n\n<div class=\"pt-cv-wrapper\"><div class=\"pt-cv-view pt-cv-grid pt-cv-colsys\" id=\"pt-cv-view-3147b79pa0\"><div data-id=\"pt-cv-page-1\" class=\"pt-cv-page\" data-cvc=\"1\"><div class=\"col-md-12 col-sm-12 col-xs-12 pt-cv-content-item pt-cv-2-col\"><div class=\"pt-cv-ifield\"><a href=\"https:\/\/rops-opole.pl\/?p=6171\" class=\"_self pt-cv-href-thumbnail pt-cv-thumb-left attachment-link use-tooltip\" target=\"_self\" aria-label=\"Informacja\"><img decoding=\"async\" width=\"248\" height=\"178\" src=\"https:\/\/rops-opole.pl\/wp-content\/uploads\/2020\/10\/Informacja-248x178.jpg\" class=\"pt-cv-thumbnail pull-left\" alt=\"Informacja\" srcset=\"https:\/\/rops-opole.pl\/wp-content\/uploads\/2020\/10\/Informacja-248x178.jpg 248w, https:\/\/rops-opole.pl\/wp-content\/uploads\/2020\/10\/Informacja-1536x1102.jpg 1536w, https:\/\/rops-opole.pl\/wp-content\/uploads\/2020\/10\/Informacja-825x592.jpg 825w, https:\/\/rops-opole.pl\/wp-content\/uploads\/2020\/10\/Informacja.jpg 1884w\" sizes=\"(max-width: 248px) 100vw, 248px\"><span class=\"tooltip\">Informacja<\/span><\/a>\n<h4 class=\"pt-cv-title\"><a href=\"https:\/\/rops-opole.pl\/?p=6171\" class=\"_self\" target=\"_self\">Podnoszenie kompetencji os\u00f3b realizuj\u0105cych zadania z zakresu przeciwdzia\u0142ania przemocy domowej- superwizja<\/a><\/h4>\n<div class=\"pt-cv-content\"> ...<br><div class=\"pt-cv-rmwrap\"><a href=\"https:\/\/rops-opole.pl\/?p=6171\" class=\"_self pt-cv-readmore btn btn-success\" target=\"_self\">Czytaj dalej<\/a><\/div><\/div><\/div><\/div>\n<div class=\"col-md-12 col-sm-12 col-xs-12 pt-cv-content-item pt-cv-2-col\"><div class=\"pt-cv-ifield\"><a href=\"https:\/\/rops-opole.pl\/?p=6181\" class=\"_self pt-cv-href-thumbnail pt-cv-thumb-left attachment-link use-tooltip\" target=\"_self\" aria-label=\"Rekrutacja. Akademia Przedsi\u0119biorczo\u015bci i Innowacji Spo\u0142ecznych\"><img decoding=\"async\" width=\"248\" height=\"178\" src=\"https:\/\/rops-opole.pl\/wp-content\/uploads\/2026\/04\/Rekrutacja-248x178.jpg\" class=\"pt-cv-thumbnail pull-left\" alt=\"Rekrutacja. Akademia Przedsi\u0119biorczo\u015bci i Innowacji Spo\u0142ecznych\" srcset=\"https:\/\/rops-opole.pl\/wp-content\/uploads\/2026\/04\/Rekrutacja-248x178.jpg 248w, https:\/\/rops-opole.pl\/wp-content\/uploads\/2026\/04\/Rekrutacja-1536x1102.jpg 1536w, https:\/\/rops-opole.pl\/wp-content\/uploads\/2026\/04\/Rekrutacja-825x592.jpg 825w, https:\/\/rops-opole.pl\/wp-content\/uploads\/2026\/04\/Rekrutacja.jpg 1884w\" sizes=\"(max-width: 248px) 100vw, 248px\"><span class=\"tooltip\">Rekrutacja. Akademia Przedsi\u0119biorczo\u015bci i Innowacji Spo\u0142ecznych<\/span><\/a>\n<h4 class=\"pt-cv-title\"><a href=\"https:\/\/rops-opole.pl\/?p=6181\" class=\"_self\" target=\"_self\">Akademia Przedsi\u0119biorczo\u015bci i Innowacji Spo\u0142ecznych<\/a><\/h4>\n<div class=\"pt-cv-content\"> ...<br><div class=\"pt-cv-rmwrap\"><a href=\"https:\/\/rops-opole.pl\/?p=6181\" class=\"_self pt-cv-readmore btn btn-success\" target=\"_self\">Czytaj dalej<\/a><\/div><\/div><\/div><\/div>\n<div class=\"col-md-12 col-sm-12 col-xs-12 pt-cv-content-item pt-cv-2-col\"><div class=\"pt-cv-ifield\"><a href=\"https:\/\/rops-opole.pl\/?p=6173\" class=\"_self pt-cv-href-thumbnail pt-cv-thumb-left attachment-link use-tooltip\" target=\"_self\" aria-label=\"Image to the post titled: Aktualno\u015bci\"><img decoding=\"async\" width=\"248\" height=\"178\" src=\"https:\/\/rops-opole.pl\/wp-content\/uploads\/2026\/04\/Piknik-248x178.jpg\" class=\"pt-cv-thumbnail pull-left\" alt=\"\" srcset=\"https:\/\/rops-opole.pl\/wp-content\/uploads\/2026\/04\/Piknik-248x178.jpg 248w, https:\/\/rops-opole.pl\/wp-content\/uploads\/2026\/04\/Piknik-1536x1102.jpg 1536w, https:\/\/rops-opole.pl\/wp-content\/uploads\/2026\/04\/Piknik-825x592.jpg 825w, https:\/\/rops-opole.pl\/wp-content\/uploads\/2026\/04\/Piknik.jpg 1884w\" sizes=\"(max-width: 248px) 100vw, 248px\"><span class=\"tooltip\">Image to the post titled: Aktualno\u015bci<\/span><\/a>\n<h4 class=\"pt-cv-title\"><a href=\"https:\/\/rops-opole.pl\/?p=6173\" class=\"_self\" target=\"_self\">Rozpocz\u0119\u0142a si\u0119 rekrutacja na piknik profilaktyczny \u201eKroki ku lepszym wyborom\u201d<\/a><\/h4>\n<div class=\"pt-cv-content\"> ...<br><div class=\"pt-cv-rmwrap\"><a href=\"https:\/\/rops-opole.pl\/?p=6173\" class=\"_self pt-cv-readmore btn btn-success\" target=\"_self\">Czytaj dalej<\/a><\/div><\/div><\/div><\/div>\n<div class=\"col-md-12 col-sm-12 col-xs-12 pt-cv-content-item pt-cv-2-col\"><div class=\"pt-cv-ifield\"><a href=\"https:\/\/rops-opole.pl\/?p=6071\" class=\"_self pt-cv-href-thumbnail pt-cv-thumb-left attachment-link use-tooltip\" target=\"_self\" aria-label=\"STRATEGIA POLITYKI SPO\u0141ECZNEJ WOJEW\u00d3DZTWA OPOLSKIEGO NA LATA 2026-2030\"><img loading=\"lazy\" decoding=\"async\" width=\"248\" height=\"178\" src=\"https:\/\/rops-opole.pl\/wp-content\/uploads\/2026\/01\/logo-strategii-248x178.jpg\" class=\"pt-cv-thumbnail pull-left\" alt=\"STRATEGIA POLITYKI SPO\u0141ECZNEJ WOJEW\u00d3DZTWA OPOLSKIEGO NA LATA 2026-2030\" srcset=\"https:\/\/rops-opole.pl\/wp-content\/uploads\/2026\/01\/logo-strategii-248x178.jpg 248w, https:\/\/rops-opole.pl\/wp-content\/uploads\/2026\/01\/logo-strategii-1536x1102.jpg 1536w, https:\/\/rops-opole.pl\/wp-content\/uploads\/2026\/01\/logo-strategii-825x592.jpg 825w, https:\/\/rops-opole.pl\/wp-content\/uploads\/2026\/01\/logo-strategii.jpg 1884w\" sizes=\"(max-width: 248px) 100vw, 248px\"><span class=\"tooltip\">STRATEGIA POLITYKI SPO\u0141ECZNEJ WOJEW\u00d3DZTWA OPOLSKIEGO NA LATA 2026-2030<\/span><\/a>\n<h4 class=\"pt-cv-title\"><a href=\"https:\/\/rops-opole.pl\/?p=6071\" class=\"_self\" target=\"_self\">Sejmik Wojew\u00f3dztwa Opolskiego przyj\u0105\u0142 Strategi\u0119 Polityki Spo\u0142ecznej na lata 2026\u20132030<\/a><\/h4>\n<div class=\"pt-cv-content\"> ...<br><div class=\"pt-cv-rmwrap\"><a href=\"https:\/\/rops-opole.pl\/?p=6071\" class=\"_self pt-cv-readmore btn btn-success\" target=\"_self\">Czytaj dalej<\/a><\/div><\/div><\/div><\/div>\n<div class=\"col-md-12 col-sm-12 col-xs-12 pt-cv-content-item pt-cv-2-col\"><div class=\"pt-cv-ifield\"><a href=\"https:\/\/rops-opole.pl\/?p=5988\" class=\"_self pt-cv-href-thumbnail pt-cv-thumb-left attachment-link use-tooltip\" target=\"_self\" aria-label=\"Informacja\"><img decoding=\"async\" width=\"248\" height=\"178\" src=\"https:\/\/rops-opole.pl\/wp-content\/uploads\/2020\/10\/Informacja-248x178.jpg\" class=\"pt-cv-thumbnail pull-left\" alt=\"Informacja\" srcset=\"https:\/\/rops-opole.pl\/wp-content\/uploads\/2020\/10\/Informacja-248x178.jpg 248w, https:\/\/rops-opole.pl\/wp-content\/uploads\/2020\/10\/Informacja-1536x1102.jpg 1536w, https:\/\/rops-opole.pl\/wp-content\/uploads\/2020\/10\/Informacja-825x592.jpg 825w, https:\/\/rops-opole.pl\/wp-content\/uploads\/2020\/10\/Informacja.jpg 1884w\" sizes=\"(max-width: 248px) 100vw, 248px\"><span class=\"tooltip\">Informacja<\/span><\/a>\n<h4 class=\"pt-cv-title\"><a href=\"https:\/\/rops-opole.pl\/?p=5988\" class=\"_self\" target=\"_self\">Akademia Przedsi\u0119biorczo\u015bci Spo\u0142ecznej \u2013 zaproszenie do udzia\u0142u w projekcie<\/a><\/h4>\n<div class=\"pt-cv-content\"> ...<br><div class=\"pt-cv-rmwrap\"><a href=\"https:\/\/rops-opole.pl\/?p=5988\" class=\"_self pt-cv-readmore btn btn-success\" target=\"_self\">Czytaj dalej<\/a><\/div><\/div><\/div><\/div>\n<div class=\"col-md-12 col-sm-12 col-xs-12 pt-cv-content-item pt-cv-2-col\"><div class=\"pt-cv-ifield\"><a href=\"https:\/\/rops-opole.pl\/?p=5946\" class=\"_self pt-cv-href-thumbnail pt-cv-thumb-left attachment-link use-tooltip\" target=\"_self\" aria-label=\"Informacja\"><img decoding=\"async\" width=\"248\" height=\"178\" src=\"https:\/\/rops-opole.pl\/wp-content\/uploads\/2020\/10\/Informacja-248x178.jpg\" class=\"pt-cv-thumbnail pull-left\" alt=\"Informacja\" srcset=\"https:\/\/rops-opole.pl\/wp-content\/uploads\/2020\/10\/Informacja-248x178.jpg 248w, https:\/\/rops-opole.pl\/wp-content\/uploads\/2020\/10\/Informacja-1536x1102.jpg 1536w, https:\/\/rops-opole.pl\/wp-content\/uploads\/2020\/10\/Informacja-825x592.jpg 825w, https:\/\/rops-opole.pl\/wp-content\/uploads\/2020\/10\/Informacja.jpg 1884w\" sizes=\"(max-width: 248px) 100vw, 248px\"><span class=\"tooltip\">Informacja<\/span><\/a>\n<h4 class=\"pt-cv-title\"><a href=\"https:\/\/rops-opole.pl\/?p=5946\" class=\"_self\" target=\"_self\">Konkurs \u201eOd zale\u017cno\u015bci ku samodzielno\u015bci\u201d \u2013 edycja 2026<\/a><\/h4>\n<div class=\"pt-cv-content\"> ...<br><div class=\"pt-cv-rmwrap\"><a href=\"https:\/\/rops-opole.pl\/?p=5946\" class=\"_self pt-cv-readmore btn btn-success\" target=\"_self\">Czytaj dalej<\/a><\/div><\/div><\/div><\/div>\n<div class=\"col-md-12 col-sm-12 col-xs-12 pt-cv-content-item pt-cv-2-col\"><div class=\"pt-cv-ifield\"><a href=\"https:\/\/rops-opole.pl\/?p=5836\" class=\"_self pt-cv-href-thumbnail pt-cv-thumb-left attachment-link use-tooltip\" target=\"_self\" aria-label=\"STRATEGIA POLITYKI SPO\u0141ECZNEJ WOJEW\u00d3DZTWA OPOLSKIEGO NA LATA 2026-2030\"><img loading=\"lazy\" decoding=\"async\" width=\"248\" height=\"178\" src=\"https:\/\/rops-opole.pl\/wp-content\/uploads\/2026\/01\/logo-strategii-248x178.jpg\" class=\"pt-cv-thumbnail pull-left\" alt=\"STRATEGIA POLITYKI SPO\u0141ECZNEJ WOJEW\u00d3DZTWA OPOLSKIEGO NA LATA 2026-2030\" srcset=\"https:\/\/rops-opole.pl\/wp-content\/uploads\/2026\/01\/logo-strategii-248x178.jpg 248w, https:\/\/rops-opole.pl\/wp-content\/uploads\/2026\/01\/logo-strategii-1536x1102.jpg 1536w, https:\/\/rops-opole.pl\/wp-content\/uploads\/2026\/01\/logo-strategii-825x592.jpg 825w, https:\/\/rops-opole.pl\/wp-content\/uploads\/2026\/01\/logo-strategii.jpg 1884w\" sizes=\"(max-width: 248px) 100vw, 248px\"><span class=\"tooltip\">STRATEGIA POLITYKI SPO\u0141ECZNEJ WOJEW\u00d3DZTWA OPOLSKIEGO NA LATA 2026-2030<\/span><\/a>\n<h4 class=\"pt-cv-title\"><a href=\"https:\/\/rops-opole.pl\/?p=5836\" class=\"_self\" target=\"_self\">Konsultacje spo\u0142eczne projektu Strategii Polityki Spo\u0142ecznej Wojew\u00f3dztwa Opolskiego na lata 2026\u20132030<\/a><\/h4>\n<div class=\"pt-cv-content\"> ...<br><div class=\"pt-cv-rmwrap\"><a href=\"https:\/\/rops-opole.pl\/?p=5836\" class=\"_self pt-cv-readmore btn btn-success\" target=\"_self\">Czytaj dalej<\/a><\/div><\/div><\/div><\/div>\n<div class=\"col-md-12 col-sm-12 col-xs-12 pt-cv-content-item pt-cv-2-col\"><div class=\"pt-cv-ifield\"><a href=\"https:\/\/rops-opole.pl\/?p=5792\" class=\"_self pt-cv-href-thumbnail pt-cv-thumb-left attachment-link use-tooltip\" target=\"_self\" aria-label=\"Zbite okulary symbolizuj\u0105ce przemoc domow\u0105\"><img loading=\"lazy\" decoding=\"async\" width=\"237\" height=\"178\" src=\"https:\/\/rops-opole.pl\/wp-content\/uploads\/2021\/04\/broken-glasses-2-1316760-237x178.jpg\" class=\"pt-cv-thumbnail pull-left\" alt=\"Zbite okulary symbolizuj\u0105ce przemoc domow\u0105\" srcset=\"https:\/\/rops-opole.pl\/wp-content\/uploads\/2021\/04\/broken-glasses-2-1316760-237x178.jpg 237w, https:\/\/rops-opole.pl\/wp-content\/uploads\/2021\/04\/broken-glasses-2-1316760-1536x1152.jpg 1536w, https:\/\/rops-opole.pl\/wp-content\/uploads\/2021\/04\/broken-glasses-2-1316760-789x592.jpg 789w, https:\/\/rops-opole.pl\/wp-content\/uploads\/2021\/04\/broken-glasses-2-1316760.jpg 1600w\" sizes=\"(max-width: 237px) 100vw, 237px\"><span class=\"tooltip\">Zbite okulary symbolizuj\u0105ce przemoc domow\u0105<\/span><\/a>\n<h4 class=\"pt-cv-title\"><a href=\"https:\/\/rops-opole.pl\/?p=5792\" class=\"_self\" target=\"_self\">Bezp\u0142atne trzydniowe szkolenia z zakresu przeciwdzia\u0142ania przemocy domowej w temacie pt. \u201eWsp\u00f3\u0142praca w Zespo\u0142ach Interdyscyplinarnych i Grupach Diagnostyczno \u2013 Pomocowych\u201d w ramach projektu \u201eBli\u017cej rodziny i dziecka \u2013 wsparcie rodzin prze\u017cywaj\u0105cych problemy opieku\u0144czo \u2013 wychowawcze oraz wsparcie pieczy zast\u0119pczej \u2013 etap II\u201d<\/a><\/h4>\n<div class=\"pt-cv-content\"> ...<br><div class=\"pt-cv-rmwrap\"><a href=\"https:\/\/rops-opole.pl\/?p=5792\" class=\"_self pt-cv-readmore btn btn-success\" target=\"_self\">Czytaj dalej<\/a><\/div><\/div><\/div><\/div>\n<div class=\"col-md-12 col-sm-12 col-xs-12 pt-cv-content-item pt-cv-2-col\"><div class=\"pt-cv-ifield\"><a href=\"https:\/\/rops-opole.pl\/?p=5728\" class=\"_self pt-cv-href-thumbnail pt-cv-thumb-left attachment-link use-tooltip\" target=\"_self\" aria-label=\"Informacja\"><img decoding=\"async\" width=\"248\" height=\"178\" src=\"https:\/\/rops-opole.pl\/wp-content\/uploads\/2020\/10\/Informacja-248x178.jpg\" class=\"pt-cv-thumbnail pull-left\" alt=\"Informacja\" srcset=\"https:\/\/rops-opole.pl\/wp-content\/uploads\/2020\/10\/Informacja-248x178.jpg 248w, https:\/\/rops-opole.pl\/wp-content\/uploads\/2020\/10\/Informacja-1536x1102.jpg 1536w, https:\/\/rops-opole.pl\/wp-content\/uploads\/2020\/10\/Informacja-825x592.jpg 825w, https:\/\/rops-opole.pl\/wp-content\/uploads\/2020\/10\/Informacja.jpg 1884w\" sizes=\"(max-width: 248px) 100vw, 248px\"><span class=\"tooltip\">Informacja<\/span><\/a>\n<h4 class=\"pt-cv-title\"><a href=\"https:\/\/rops-opole.pl\/?p=5728\" class=\"_self\" target=\"_self\">Regionalny Plan Rozwoju Us\u0142ug Spo\u0142ecznych i Deinstytucjonalizacji dla Wojew\u00f3dztwa Opolskiego na lata 2026-2028 \u2013 konsultacje zewn\u0119trzne<\/a><\/h4>\n<div class=\"pt-cv-content\"> ...<br><div class=\"pt-cv-rmwrap\"><a href=\"https:\/\/rops-opole.pl\/?p=5728\" class=\"_self pt-cv-readmore btn btn-success\" target=\"_self\">Czytaj dalej<\/a><\/div><\/div><\/div><\/div>\n<div class=\"col-md-12 col-sm-12 col-xs-12 pt-cv-content-item pt-cv-2-col\"><div class=\"pt-cv-ifield\"><a href=\"https:\/\/rops-opole.pl\/?p=5711\" class=\"_self pt-cv-href-thumbnail pt-cv-thumb-left attachment-link use-tooltip\" target=\"_self\" aria-label=\"Szkolenie z zakresu rewitalizacji oraz stosowania klauzul spo\u0142ecznych tel. 77 456 58 88 www.es.rops-opole.pl Fundusze Europejskie Flaga RP, logo: Fundusze Europejskie dla Rozwoju Spo\u0142ecznego, Dofinansowane przez Uni\u0119 Europejsk\u0105\"><img loading=\"lazy\" decoding=\"async\" width=\"248\" height=\"178\" src=\"https:\/\/rops-opole.pl\/wp-content\/uploads\/2025\/12\/Szkolenie-z-zakresu0rewitalizacji-248x178.jpg\" class=\"pt-cv-thumbnail pull-left\" alt=\"Szkolenie z zakresu rewitalizacji oraz stosowania klauzul spo\u0142ecznych tel. 77 456 58 88 www.es.rops-opole.pl Fundusze Europejskie Flaga RP, logo: Fundusze Europejskie dla Rozwoju Spo\u0142ecznego, Dofinansowane przez Uni\u0119 Europejsk\u0105\" srcset=\"https:\/\/rops-opole.pl\/wp-content\/uploads\/2025\/12\/Szkolenie-z-zakresu0rewitalizacji-248x178.jpg 248w, https:\/\/rops-opole.pl\/wp-content\/uploads\/2025\/12\/Szkolenie-z-zakresu0rewitalizacji-1536x1102.jpg 1536w, https:\/\/rops-opole.pl\/wp-content\/uploads\/2025\/12\/Szkolenie-z-zakresu0rewitalizacji-825x592.jpg 825w, https:\/\/rops-opole.pl\/wp-content\/uploads\/2025\/12\/Szkolenie-z-zakresu0rewitalizacji.jpg 1884w\" sizes=\"(max-width: 248px) 100vw, 248px\"><span class=\"tooltip\">Szkolenie z zakresu rewitalizacji oraz stosowania klauzul spo\u0142ecznych tel. 77 456 58 88 www.es.rops-opole.pl Fundusze Europejskie Flaga RP, logo: Fundusze Europejskie dla Rozwoju Spo\u0142ecznego, Dofinansowane przez Uni\u0119 Europejsk\u0105<\/span><\/a>\n<h4 class=\"pt-cv-title\"><a href=\"https:\/\/rops-opole.pl\/?p=5711\" class=\"_self\" target=\"_self\">Szkolenia z zakresu rewitalizacji oraz stosowania klauzul<\/a><\/h4>\n<div class=\"pt-cv-content\"> ...<br><div class=\"pt-cv-rmwrap\"><a href=\"https:\/\/rops-opole.pl\/?p=5711\" class=\"_self pt-cv-readmore btn btn-success\" target=\"_self\">Czytaj dalej<\/a><\/div><\/div><\/div><\/div><\/div><\/div>\n<div class=\" pt-cv-pagination-wrapper\"><ul class=\"pt-cv-pagination pt-cv-ajax pagination\" data-totalpages=\"19\" data-currentpage=\"1\" data-sid=\"3147b79pa0\" data-unid=\"\" data-isblock=\"\" data-postid=\"\"><li class=\"active\"><a href=\"#\">1<\/a><\/li>\n\t<li><a class=\"\" href=\"https:\/\/rops-opole.pl\/index.php\/?_page=2&rest_route=%2Fwp%2Fv2%2Fpages%2F1387\">2<\/a><\/li>\n\t<li><a class=\"\" href=\"https:\/\/rops-opole.pl\/index.php\/?_page=3&rest_route=%2Fwp%2Fv2%2Fpages%2F1387\">3<\/a><\/li>\n\t<li><a href=\"#\">\u2026<\/a><\/li>\n\t<li><a class=\"\" href=\"https:\/\/rops-opole.pl\/index.php\/?_page=19&rest_route=%2Fwp%2Fv2%2Fpages%2F1387\">19<\/a><\/li>\n\t<li><a class=\" \" href=\"https:\/\/rops-opole.pl\/index.php\/?_page=2&rest_route=%2Fwp%2Fv2%2Fpages%2F1387\">\u203a<\/a><\/li>\n\t<\/ul><img loading=\"lazy\" decoding=\"async\" width=\"15\" height=\"15\" class=\"pt-cv-spinner\" alt=\"Loading...\" src=\"data:image\/gif;base64,R0lGODlhDwAPALMPAMrKygwMDJOTkz09PZWVla+vr3p6euTk5M7OzuXl5TMzMwAAAJmZmWZmZszMzP\/\/\/yH\/C05FVFNDQVBFMi4wAwEAAAAh+QQFCgAPACwAAAAADwAPAAAEQvDJaZaZOIcV8iQK8VRX4iTYoAwZ4iCYoAjZ4RxejhVNoT+mRGP4cyF4Pp0N98sBGIBMEMOotl6YZ3S61Bmbkm4mAgAh+QQFCgAPACwAAAAADQANAAAENPDJSRSZeA418itN8QiK8BiLITVsFiyBBIoYqnoewAD4xPw9iY4XLGYSjkQR4UAUD45DLwIAIfkEBQoADwAsAAAAAA8ACQAABC\/wyVlamTi3nSdgwFNdhEJgTJoNyoB9ISYoQmdjiZPcj7EYCAeCF1gEDo4Dz2eIAAAh+QQFCgAPACwCAAAADQANAAAEM\/DJBxiYeLKdX3IJZT1FU0iIg2RNKx3OkZVnZ98ToRD4MyiDnkAh6BkNC0MvsAj0kMpHBAAh+QQFCgAPACwGAAAACQAPAAAEMDC59KpFDll73HkAA2wVY5KgiK5b0RRoI6MuzG6EQqCDMlSGheEhUAgqgUUAFRySIgAh+QQFCgAPACwCAAIADQANAAAEM\/DJKZNLND\/kkKaHc3xk+QAMYDKsiaqmZCxGVjSFFCxB1vwy2oOgIDxuucxAMTAJFAJNBAAh+QQFCgAPACwAAAYADwAJAAAEMNAs86q1yaWwwv2Ig0jUZx3OYa4XoRAfwADXoAwfo1+CIjyFRuEho60aSNYlOPxEAAAh+QQFCgAPACwAAAIADQANAAAENPA9s4y8+IUVcqaWJ4qEQozSoAzoIyhCK2NFU2SJk0hNnyEOhKR2AzAAj4Pj4GE4W0bkJQIAOw==\"><div class=\"clear pt-cv-clear-pagination\"><\/div><\/div><\/div>\n\n","protected":false},"excerpt":{"rendered":null,"protected":false},"author":1,"featured_media":0,"parent":0,"menu_order":0,"comment_status":"closed","ping_status":"closed","template":"","meta":{"footnotes":""},"categories":[],"tags":[],"class_list":["post-1387","page","type-page","status-publish","hentry"],"_links":{"self":[{"href":"https:\/\/rops-opole.pl\/index.php?rest_route=\/wp\/v2\/pages\/1387","targetHints":{"allow":["GET"]}}],"collection":[{"href":"https:\/\/rops-opole.pl\/index.php?rest_route=\/wp\/v2\/pages"}],"about":[{"href":"https:\/\/rops-opole.pl\/index.php?rest_route=\/wp\/v2\/types\/page"}],"author":[{"embeddable":true,"href":"https:\/\/rops-opole.pl\/index.php?rest_route=\/wp\/v2\/users\/1"}],"replies":[{"embeddable":true,"href":"https:\/\/rops-opole.pl\/index.php?rest_route=%2Fwp%2Fv2%2Fcomments&post=1387"}],"version-history":[{"count":9,"href":"https:\/\/rops-opole.pl\/index.php?rest_route=\/wp\/v2\/pages\/1387\/revisions"}],"predecessor-version":[{"id":4970,"href":"https:\/\/rops-opole.pl\/index.php?rest_route=\/wp\/v2\/pages\/1387\/revisions\/4970"}],"wp:attachment":[{"href":"https:\/\/rops-opole.pl\/index.php?rest_route=%2Fwp%2Fv2%2Fmedia&parent=1387"}],"wp:term":[{"taxonomy":"category","embeddable":true,"href":"https:\/\/rops-opole.pl\/index.php?rest_route=%2Fwp%2Fv2%2Fcategories&post=1387"},{"taxonomy":"post_tag","embeddable":true,"href":"https:\/\/rops-opole.pl\/index.php?rest_route=%2Fwp%2Fv2%2Ftags&post=1387"}],"curies":[{"name":"wp","href":"https:\/\/api.w.org\/{rel}","templated":true}]}}