{"id":122,"date":"2020-06-13T19:32:48","date_gmt":"2020-06-13T17:32:48","guid":{"rendered":"http:\/\/test.rops-opole.pl\/?page_id=122"},"modified":"2026-01-22T09:13:08","modified_gmt":"2026-01-22T08:13:08","slug":"kontakt","status":"publish","type":"page","link":"https:\/\/rops-opole.pl\/?page_id=122","title":{"rendered":"Kontakt"},"content":{"rendered":"\n<p>Regionalny O\u015brodek Polityki Spo\u0142ecznej w Opolu<br>ul. G\u0142ogowska 25c (1 pi\u0119tro)<br>45-315 Opole<br>NIP: 754-26-17-249, Regon: 531584375<br>e-mail:\u00a0rops@rops-opole.pl<br><strong>Adres skrzynki do e-Dor\u0119cze\u0144: AE:PL-69503-20802-RFUDJ-34<\/strong><br>Adres skrytki ePUAP: \/o7wj260kg5\/SkrytkaESP<\/p>\n\n\n\n<p><br><a href=\"https:\/\/epuap.gov.pl\/wps\/portal\/strefa-klienta\/katalog-spraw\/profil-urzedu\/o7wj260kg5\" target=\"_blank\" rel=\"noopener noreferrer\" aria-label=\"https:\/\/epuap.gov.pl\/wps\/portal\/strefa-klienta\/katalog-spraw\/profil-urzedu\/o7wj260kg5 (external, otworzy si\u0119 w nowym oknie)\" class=\"extlink target-blank use-tooltip\">https:\/\/epuap.gov.pl\/wps\/portal\/strefa-klienta\/katalog-spraw\/profil-urzedu\/o7wj260kg5<svg aria-hidden=\"true\" class=\"icon-extlink\" viewbox=\"0 0 1792 1792\"><path d=\"M1408 928v320q0 119-84.5 203.5t-203.5 84.5h-832q-119 0-203.5-84.5t-84.5-203.5v-832q0-119 84.5-203.5t203.5-84.5h704q14 0 23 9t9 23v64q0 14-9 23t-23 9h-704q-66 0-113 47t-47 113v832q0 66 47 113t113 47h832q66 0 113-47t47-113v-320q0-14 9-23t23-9h64q14 0 23 9t9 23zm384-864v512q0 26-19 45t-45 19-45-19l-176-176-652 652q-10 10-23 10t-23-10l-114-114q-10-10-10-23t10-23l652-652-176-176q-19-19-19-45t19-45 45-19h512q26 0 45 19t19 45z\"><\/path><\/svg><svg aria-hidden=\"true\" class=\"icon-new-window\" viewbox=\"0 0 1792 1792\"><path d=\"M1408 960v-128q0-26-19-45t-45-19h-320v-320q0-26-19-45t-45-19h-128q-26 0-45 19t-19 45v320h-320q-26 0-45 19t-19 45v128q0 26 19 45t45 19h320v320q0 26 19 45t45 19h128q26 0 45-19t19-45v-320h320q26 0 45-19t19-45zm256-544v960q0 119-84.5 203.5t-203.5 84.5h-960q-119 0-203.5-84.5t-84.5-203.5v-960q0-119 84.5-203.5t203.5-84.5h960q119 0 203.5 84.5t84.5 203.5z\"><\/path><\/svg><span class=\"tooltip\">external, otworzy si\u0119 w nowym oknie<\/span><\/a><\/p>\n\n\n\n<hr class=\"wp-block-separator has-css-opacity\">\n\n\n\n<figure class=\"wp-block-image size-large is-resized\"><img fetchpriority=\"high\" decoding=\"async\" width=\"2560\" height=\"1920\" src=\"http:\/\/rops-opole.pl\/wp-content\/uploads\/2020\/09\/P1090780-scaled.jpg\" alt=\"Wej\u015bcie do budynku ROPS\" class=\"wp-image-1477\" style=\"width:559px;height:419px\" srcset=\"https:\/\/rops-opole.pl\/wp-content\/uploads\/2020\/09\/P1090780-scaled.jpg 2560w, https:\/\/rops-opole.pl\/wp-content\/uploads\/2020\/09\/P1090780-1536x1152.jpg 1536w, https:\/\/rops-opole.pl\/wp-content\/uploads\/2020\/09\/P1090780-2048x1536.jpg 2048w, https:\/\/rops-opole.pl\/wp-content\/uploads\/2020\/09\/P1090780-789x592.jpg 789w, https:\/\/rops-opole.pl\/wp-content\/uploads\/2020\/09\/P1090780-237x178.jpg 237w\" sizes=\"(max-width: 2560px) 100vw, 2560px\"><\/figure>\n\n\n\n<hr class=\"wp-block-separator has-css-opacity\">\n\n\n\n<p><\/p>\n\n\n\n<p>Dyrektor: Agnieszka Gabruk<\/p>\n\n\n\n<p>Zast\u0119pca Dyrektora: Adam Kijak<\/p>\n\n\n\n<p>\u00a0<\/p>\n\n\n\n<figure class=\"wp-block-table\"><table><tbody><tr><td>Sekretariat<\/td><td>77 455 19 00<\/td><\/tr><tr><td>Dyrektor<\/td><td>77 455 19 00<\/td><\/tr><tr><td>Zast\u0119pca Dyrektora<\/td><td>77 456 58 90<\/td><\/tr><tr><td>G\u0142\u00f3wny ksi\u0119gowy<\/td><td>77 455 12 29<\/td><\/tr><tr><td>Kierownik Obserwatorium Polityki Spo\u0142ecznej<\/td><td>77 456 58 91<\/td><\/tr><tr><td>Kierownik O\u015brodka Adopcyjnego<\/td><td>77 456 58 87<\/td><\/tr><tr><td>Kierownik Referatu Dotacji i Kontroli<\/td><td>77 456 58 93<\/td><\/tr><tr><td>Kierownik Referatu Finansowo-Ksi\u0119gowego<\/td><td>77 455 12 25<\/td><\/tr><tr><td>Kierownik Referatu Integracji i Pomocy Spo\u0142ecznej<\/td><td>77 455 19 06<\/td><\/tr><tr><td>Kierownik Referatu Organizacyjno-Administracyjnego<\/td><td>77 456 58 95<\/td><\/tr><\/tbody><\/table><\/figure>\n\n\n\n<p>O\u015brodek jest czynny od poniedzia\u0142ku do pi\u0105tku w godzinach: 7<sup>30<\/sup>\u00a0\u2013 15<sup>30<\/sup><\/p>\n\n\n\n<hr class=\"wp-block-separator has-css-opacity\">\n\n\n\n<p>Regionalny O\u015brodek Polityki Spo\u0142ecznej w Opolu<br>O\u015brodek Adopcyjny<br>ul. Rejtana 5 (2 pi\u0119tro)<br>45-331 Opole<br>e-mail:\u00a0oa(at)rops-opole.pl<br><strong>Adres skrzynki do e-Dor\u0119cze\u0144: AE:PL-69503-20802-RFUDJ-34<\/strong><\/p>\n\n\n\n<figure class=\"wp-block-table\"><table><tbody><tr><td>sekretariat \u00a0\u00a0\u00a0\u00a0\u00a0\u00a0\u00a0\u00a0\u00a0\u00a0\u00a0\u00a0\u00a0\u00a0\u00a0\u00a0\u00a0\u00a0\u00a0\u00a0\u00a0\u00a0\u00a0\u00a0\u00a0\u00a0\u00a0\u00a0\u00a0\u00a0\u00a0\u00a0\u00a0\u00a0\u00a0\u00a0\u00a0\u00a0\u00a0\u00a0\u00a0\u00a0\u00a0\u00a0<\/td><td>77 456 55 86<\/td><\/tr><\/tbody><\/table><\/figure>\n\n\n\n<p>O\u015brodek Adopcyjny prowadzi Wojew\u00f3dzki Bank Danych.<\/p>\n\n\n\n<p>O\u015brodek jest czynny w poniedzia\u0142ek, wtorek, czwartek i pi\u0105tek w godzinach: 7<sup>30<\/sup>\u00a0\u2013 15<sup>30<\/sup><br>w \u015brody w godzinach 9<sup>00<\/sup>\u00a0\u2013 17<sup>00<\/sup><\/p>\n\n\n\n<hr class=\"wp-block-separator has-css-opacity\">\n\n\n\n<p>Sekcja Zamiejscowa O\u015brodka Adopcyjnego z siedzib\u0105 w Nysie<br>ul. Pi\u0142sudskiego 47<br>48-303 Nysa<br>e-mail:\u00a0oa-nysa(at)rops-opole.pl<br><strong>Adres skrzynki do e-Dor\u0119cze\u0144: AE:PL-69503-20802-RFUDJ-34<\/strong><br>tel. 77 407 80 54, tel. kom. 532 107 170<\/p>\n\n\n\n<p>O\u015brodek jest czynny zgodnie z poni\u017cszym harmonogramem:<\/p>\n\n\n\n<table><tbody><tr><td><strong>Dzie\u0144 tygodnia<\/strong><\/td><td><strong>Alicja Pawelec<\/strong><\/td><td><strong>Sara Sumis\u0142awska<\/strong><\/td><\/tr><tr><td>Poniedzia\u0142ek<\/td><td>12<sup>00<\/sup>-20<sup>00<\/sup><\/td><td>7<sup>30<\/sup>-15<sup>30<\/sup><\/td><\/tr><tr><td>Wtorek<\/td><td>10<sup>00<\/sup>-18<sup>00<\/sup><\/td><td>7<sup>30<\/sup>-15<sup>30<\/sup><\/td><\/tr><tr><td>\u015aroda<\/td><td>12<sup>00<\/sup>-20<sup>00<\/sup><\/td><td>9<sup>00<\/sup>-17<sup>00<\/sup><\/td><\/tr><tr><td>Czwartek<\/td><td>7<sup>30<\/sup>-13<sup>30<\/sup><\/td><td>7<sup>30<\/sup>-15<sup>30<\/sup><\/td><\/tr><tr><td>Pi\u0105tek<\/td><td>\u2013<\/td><td>7<sup>30<\/sup>-15<sup>30<\/sup><\/td><\/tr><\/tbody><\/table>\n\n\n\n<p><\/p>\n\n\n\n\n\n<p><\/p>\n\n\n\n\n\n\n\n<p>Osoby zainteresowane uzyskaniem informacji o procedurze adopcyjnej zapraszamy na rozmow\u0119 wst\u0119pn\u0105 do O\u015brodka Adopcyjnego ROPS w Opolu, b\u0105d\u017a Sekcji zamiejscowej O\u015brodka Adopcyjnego ROPS w Nysie po wcze\u015bniejszym telefonicznym ustaleniu terminu spotkania.<\/p>\n\n\n\n<p>W przypadku problem\u00f3w z dodzwonieniem si\u0119 do Sekcji Zamiejscowej O\u015brodka Adopcyjnego z siedzib\u0105 w Nysie, prosimy o kontakt telefoniczny z g\u0142\u00f3wn\u0105 siedzib\u0105 O\u015brodka Adopcyjnego w Opolu.<\/p>\n\n\n\n<p><\/p>\n\n","protected":false},"excerpt":{"rendered":null,"protected":false},"author":1,"featured_media":0,"parent":0,"menu_order":0,"comment_status":"closed","ping_status":"closed","template":"","meta":{"footnotes":""},"categories":[],"tags":[],"class_list":["post-122","page","type-page","status-publish","hentry"],"_links":{"self":[{"href":"https:\/\/rops-opole.pl\/index.php?rest_route=\/wp\/v2\/pages\/122","targetHints":{"allow":["GET"]}}],"collection":[{"href":"https:\/\/rops-opole.pl\/index.php?rest_route=\/wp\/v2\/pages"}],"about":[{"href":"https:\/\/rops-opole.pl\/index.php?rest_route=\/wp\/v2\/types\/page"}],"author":[{"embeddable":true,"href":"https:\/\/rops-opole.pl\/index.php?rest_route=\/wp\/v2\/users\/1"}],"replies":[{"embeddable":true,"href":"https:\/\/rops-opole.pl\/index.php?rest_route=%2Fwp%2Fv2%2Fcomments&post=122"}],"version-history":[{"count":58,"href":"https:\/\/rops-opole.pl\/index.php?rest_route=\/wp\/v2\/pages\/122\/revisions"}],"predecessor-version":[{"id":5822,"href":"https:\/\/rops-opole.pl\/index.php?rest_route=\/wp\/v2\/pages\/122\/revisions\/5822"}],"wp:attachment":[{"href":"https:\/\/rops-opole.pl\/index.php?rest_route=%2Fwp%2Fv2%2Fmedia&parent=122"}],"wp:term":[{"taxonomy":"category","embeddable":true,"href":"https:\/\/rops-opole.pl\/index.php?rest_route=%2Fwp%2Fv2%2Fcategories&post=122"},{"taxonomy":"post_tag","embeddable":true,"href":"https:\/\/rops-opole.pl\/index.php?rest_route=%2Fwp%2Fv2%2Ftags&post=122"}],"curies":[{"name":"wp","href":"https:\/\/api.w.org\/{rel}","templated":true}]}}